{"id":253830,"date":"2025-12-17T21:38:46","date_gmt":"2025-12-17T20:38:46","guid":{"rendered":"https:\/\/2025.anoiaturisme.cat\/?page_id=253830"},"modified":"2026-03-31T10:06:29","modified_gmt":"2026-03-31T09:06:29","slug":"punts-dinformacio-turistica","status":"publish","type":"page","link":"https:\/\/2025.anoiaturisme.cat\/es\/planifica\/punts-dinformacio-turistica\/","title":{"rendered":"Punts d\u2019Informaci\u00f3 tur\u00edstica"},"content":{"rendered":"<p>[et_pb_section fb_built=&#8221;1&#8243; _builder_version=&#8221;4.27.5&#8243; _module_preset=&#8221;dcf0a39c-8539-4ca4-a1a0-fd0ec90310b7&#8243; global_colors_info=&#8221;{}&#8221;][et_pb_row column_structure=&#8221;2_5,3_5&#8243; _builder_version=&#8221;4.27.5&#8243; _module_preset=&#8221;default&#8221; global_colors_info=&#8221;{}&#8221;][et_pb_column type=&#8221;2_5&#8243; _builder_version=&#8221;4.27.5&#8243; _module_preset=&#8221;default&#8221; global_colors_info=&#8221;{}&#8221;][et_pb_text _builder_version=&#8221;4.27.5&#8243; _module_preset=&#8221;default&#8221; global_colors_info=&#8221;{}&#8221;]<\/p>\n<h2>Necessites m\u00e9s informaci\u00f3?<\/h2>\n<p>[\/et_pb_text][\/et_pb_column][et_pb_column type=&#8221;3_5&#8243; _builder_version=&#8221;4.27.5&#8243; _module_preset=&#8221;default&#8221; global_colors_info=&#8221;{}&#8221;][et_pb_text _builder_version=&#8221;4.27.5&#8243; _module_preset=&#8221;default&#8221; global_colors_info=&#8221;{}&#8221;]<\/p>\n<p>A l\u2019Anoia trobar\u00e0s diverses oficines de turisme oficials i <strong>Punts d\u2019Informaci\u00f3 Tur\u00edstica<\/strong>, on estaran encantats d\u2019oferir-te tota la informaci\u00f3 que necessitis per gaudir al m\u00e0xim de la teva visita.<\/p>\n<p>[\/et_pb_text][\/et_pb_column][\/et_pb_row][\/et_pb_section][et_pb_section fb_built=&#8221;1&#8243; _builder_version=&#8221;4.27.5&#8243; _module_preset=&#8221;_initial&#8221; custom_padding=&#8221;3px||61px|||&#8221; global_colors_info=&#8221;{}&#8221;][et_pb_row column_structure=&#8221;1_3,1_3,1_3&#8243; _builder_version=&#8221;4.27.5&#8243; _module_preset=&#8221;default&#8221; custom_padding=&#8221;||60px|||&#8221; global_colors_info=&#8221;{}&#8221;][et_pb_column type=&#8221;1_3&#8243; _builder_version=&#8221;4.27.5&#8243; _module_preset=&#8221;default&#8221; global_colors_info=&#8221;{}&#8221;][et_pb_text _builder_version=&#8221;4.27.5&#8243; _module_preset=&#8221;default&#8221; global_colors_info=&#8221;{}&#8221;]<\/p>\n<h3>Oficines de turisme<\/h3>\n<p>[\/et_pb_text][\/et_pb_column][et_pb_column type=&#8221;1_3&#8243; _builder_version=&#8221;4.27.5&#8243; _module_preset=&#8221;default&#8221; global_colors_info=&#8221;{}&#8221;][et_pb_blurb title=&#8221;Oficina de Turisme d\u2019Igualada&#8221; image=&#8221;https:\/\/2025.anoiaturisme.cat\/wp-content\/uploads\/2026\/03\/Oficina-de-Turisme.jpg&#8221; image_icon_width=&#8221;120px&#8221; _builder_version=&#8221;4.27.5&#8243; _module_preset=&#8221;d154fbb7-8ef6-41df-bdfe-7a139184d138&#8243; link_option_url=&#8221;www.albergcalmaco.com&#8221; link_option_url_new_window=&#8221;on&#8221; global_colors_info=&#8221;{}&#8221;]<\/p>\n<p><strong>Cal Maco<\/strong><br \/>Pla\u00e7a de la Creu, 18<br \/>08700 Igualada<br \/>93 516 40 16<br \/><a href=\"http:\/\/www.albergcalmaco.com\">www.albergcalmaco.com<\/a><\/p>\n<p>[\/et_pb_blurb][\/et_pb_column][et_pb_column type=&#8221;1_3&#8243; _builder_version=&#8221;4.27.5&#8243; _module_preset=&#8221;default&#8221; global_colors_info=&#8221;{}&#8221;][et_pb_blurb title=&#8221;Oficina de Turisme de Calaf&#8221; image=&#8221;https:\/\/2025.anoiaturisme.cat\/wp-content\/uploads\/2026\/03\/Oficina-de-Turisme.jpg&#8221; image_icon_width=&#8221;120px&#8221; _builder_version=&#8221;4.27.5&#8243; _module_preset=&#8221;d154fbb7-8ef6-41df-bdfe-7a139184d138&#8243; link_option_url=&#8221;www.turismecalaf.cat&#8221; link_option_url_new_window=&#8221;on&#8221; global_colors_info=&#8221;{}&#8221;]<\/p>\n<p>Plac\u0327a dels arbres, s\/n<br \/>08280 Calaf<br \/>93 868 08 33<br \/>De dimarts a diumenge de 9:00h a 14:00h<br \/><a href=\"http:\/\/www.turismecalaf.cat\">www.turismecalaf.cat<\/a><\/p>\n<p>[\/et_pb_blurb][\/et_pb_column][\/et_pb_row][et_pb_row column_structure=&#8221;1_5,3_5,1_5&#8243; _builder_version=&#8221;4.27.5&#8243; _module_preset=&#8221;default&#8221; custom_padding=&#8221;60px||30px|||&#8221; border_width_top=&#8221;2px&#8221; border_color_top=&#8221;#f2f2f2&#8243; global_colors_info=&#8221;{}&#8221;][et_pb_column type=&#8221;1_5&#8243; _builder_version=&#8221;4.27.5&#8243; _module_preset=&#8221;default&#8221; global_colors_info=&#8221;{}&#8221;][et_pb_image src=&#8221;https:\/\/2025.anoiaturisme.cat\/wp-content\/uploads\/2026\/03\/Punt-PIT.svg&#8221; title_text=&#8221;Punt PIT&#8221; _builder_version=&#8221;4.27.5&#8243; _module_preset=&#8221;default&#8221; width=&#8221;70%&#8221; width_tablet=&#8221;30%&#8221; width_phone=&#8221;50%&#8221; width_last_edited=&#8221;on|phone&#8221; module_alignment=&#8221;center&#8221; module_alignment_tablet=&#8221;left&#8221; module_alignment_phone=&#8221;center&#8221; module_alignment_last_edited=&#8221;on|tablet&#8221; global_colors_info=&#8221;{}&#8221;][\/et_pb_image][\/et_pb_column][et_pb_column type=&#8221;3_5&#8243; _builder_version=&#8221;4.27.5&#8243; _module_preset=&#8221;default&#8221; global_colors_info=&#8221;{}&#8221;][et_pb_text _builder_version=&#8221;4.27.5&#8243; _module_preset=&#8221;default&#8221; global_colors_info=&#8221;{}&#8221;]<\/p>\n<h3><strong>Punts d\u2019Informaci\u00f3 tur\u00edstica<\/strong><\/h3>\n<p>El <strong>programa Punts d\u2019Informaci\u00f3 Tur\u00edstica (PIT)<\/strong> \u00e9s una iniciativa impulsada per la Ger\u00e8ncia de Serveis de Turisme de la Diputaci\u00f3 de Barcelona amb l\u2019objectiu de refor\u00e7ar la xarxa d\u2019oficines de turisme i millorar l\u2019atenci\u00f3 als visitants.<\/p>\n<p>Els <strong>Punts d\u2019Informaci\u00f3 Tur\u00edstica<\/strong> esdevenen una pe\u00e7a clau en la promoci\u00f3 i dinamitzaci\u00f3 tur\u00edstica de la comarca, ja que actuen com a aut\u00e8ntics ambaixadors de la destinaci\u00f3.<\/p>\n<p>Gr\u00e0cies a la seva distribuci\u00f3 arreu del territori, complementen la tasca de les oficines de turisme i faciliten als visitants una informaci\u00f3 actualitzada, fiable i personalitzada. D\u2019aquesta manera, contribueixen a enriquir l\u2019experi\u00e8ncia del visitant i a refor\u00e7ar la projecci\u00f3 i la competitivitat tur\u00edstica de la comarca.<\/p>\n<p>M\u00e9s informaci\u00f3 del programa: turisme@anoia.cat<\/p>\n<p>[\/et_pb_text][\/et_pb_column][et_pb_column type=&#8221;1_5&#8243; _builder_version=&#8221;4.27.5&#8243; _module_preset=&#8221;default&#8221; global_colors_info=&#8221;{}&#8221;][\/et_pb_column][\/et_pb_row][et_pb_row _builder_version=&#8221;4.27.5&#8243; _module_preset=&#8221;default&#8221; global_colors_info=&#8221;{}&#8221;][et_pb_column type=&#8221;4_4&#8243; _builder_version=&#8221;4.27.5&#8243; _module_preset=&#8221;default&#8221; global_colors_info=&#8221;{}&#8221;][ad3_llista_directori columns=&#8221;4&#8243; enable_pagination=&#8221;off&#8221; _builder_version=&#8221;4.27.5&#8243; _module_preset=&#8221;default&#8221; global_colors_info=&#8221;{}&#8221;][\/ad3_llista_directori][\/et_pb_column][\/et_pb_row][\/et_pb_section]<\/p>\n","protected":false},"excerpt":{"rendered":"<p>Oficines de Turisme i Punts d&#8217;Informaci\u00f3 Tur\u00edstica<\/p>","protected":false},"author":1,"featured_media":255252,"parent":256979,"menu_order":0,"comment_status":"closed","ping_status":"closed","template":"","meta":{"_acf_changed":false,"_et_pb_use_builder":"on","_et_pb_old_content":"","_et_gb_content_width":"","inline_featured_image":false,"footnotes":""},"temes":[],"class_list":["post-253830","page","type-page","status-publish","has-post-thumbnail","hentry"],"acf":[],"yoast_head":"<!-- This site is optimized with the Yoast SEO plugin v27.3 - https:\/\/yoast.com\/product\/yoast-seo-wordpress\/ -->\n<title>Punts d\u2019Informaci\u00f3 tur\u00edstica - Anoia Turisme<\/title>\n<meta name=\"robots\" content=\"noindex, follow, max-snippet:-1, max-image-preview:large, max-video-preview:-1\" \/>\n<meta property=\"og:locale\" content=\"es_ES\" \/>\n<meta property=\"og:type\" content=\"article\" \/>\n<meta property=\"og:title\" content=\"Punts d\u2019Informaci\u00f3 tur\u00edstica - Anoia Turisme\" \/>\n<meta property=\"og:description\" content=\"Oficines de Turisme i Punts d&#039;Informaci\u00f3 Tur\u00edstica\" \/>\n<meta property=\"og:url\" content=\"https:\/\/2025.anoiaturisme.cat\/es\/planifica\/punts-dinformacio-turistica\/\" \/>\n<meta property=\"og:site_name\" content=\"Anoia Turisme\" \/>\n<meta property=\"article:modified_time\" content=\"2026-03-31T09:06:29+00:00\" \/>\n<meta property=\"og:image\" content=\"https:\/\/2025.anoiaturisme.cat\/wp-content\/uploads\/2025\/10\/1.-Montserrat-Cami-cap-al-pas-de-Princep00001-scaled.jpg\" \/>\n\t<meta property=\"og:image:width\" content=\"2560\" \/>\n\t<meta property=\"og:image:height\" content=\"1419\" \/>\n\t<meta property=\"og:image:type\" content=\"image\/jpeg\" \/>\n<meta name=\"twitter:card\" content=\"summary_large_image\" \/>\n<script type=\"application\/ld+json\" class=\"yoast-schema-graph\">{\"@context\":\"https:\\\/\\\/schema.org\",\"@graph\":[{\"@type\":\"WebPage\",\"@id\":\"https:\\\/\\\/2025.anoiaturisme.cat\\\/planifica\\\/punts-dinformacio-turistica\\\/\",\"url\":\"https:\\\/\\\/2025.anoiaturisme.cat\\\/planifica\\\/punts-dinformacio-turistica\\\/\",\"name\":\"Punts d\u2019Informaci\u00f3 tur\u00edstica - Anoia Turisme\",\"isPartOf\":{\"@id\":\"https:\\\/\\\/2025.anoiaturisme.cat\\\/#website\"},\"primaryImageOfPage\":{\"@id\":\"https:\\\/\\\/2025.anoiaturisme.cat\\\/planifica\\\/punts-dinformacio-turistica\\\/#primaryimage\"},\"image\":{\"@id\":\"https:\\\/\\\/2025.anoiaturisme.cat\\\/planifica\\\/punts-dinformacio-turistica\\\/#primaryimage\"},\"thumbnailUrl\":\"https:\\\/\\\/2025.anoiaturisme.cat\\\/wp-content\\\/uploads\\\/2025\\\/10\\\/1.-Montserrat-Cami-cap-al-pas-de-Princep00001-scaled.jpg\",\"datePublished\":\"2025-12-17T20:38:46+00:00\",\"dateModified\":\"2026-03-31T09:06:29+00:00\",\"breadcrumb\":{\"@id\":\"https:\\\/\\\/2025.anoiaturisme.cat\\\/planifica\\\/punts-dinformacio-turistica\\\/#breadcrumb\"},\"inLanguage\":\"es\",\"potentialAction\":[{\"@type\":\"ReadAction\",\"target\":[\"https:\\\/\\\/2025.anoiaturisme.cat\\\/planifica\\\/punts-dinformacio-turistica\\\/\"]}]},{\"@type\":\"ImageObject\",\"inLanguage\":\"es\",\"@id\":\"https:\\\/\\\/2025.anoiaturisme.cat\\\/planifica\\\/punts-dinformacio-turistica\\\/#primaryimage\",\"url\":\"https:\\\/\\\/2025.anoiaturisme.cat\\\/wp-content\\\/uploads\\\/2025\\\/10\\\/1.-Montserrat-Cami-cap-al-pas-de-Princep00001-scaled.jpg\",\"contentUrl\":\"https:\\\/\\\/2025.anoiaturisme.cat\\\/wp-content\\\/uploads\\\/2025\\\/10\\\/1.-Montserrat-Cami-cap-al-pas-de-Princep00001-scaled.jpg\",\"width\":2560,\"height\":1419},{\"@type\":\"BreadcrumbList\",\"@id\":\"https:\\\/\\\/2025.anoiaturisme.cat\\\/planifica\\\/punts-dinformacio-turistica\\\/#breadcrumb\",\"itemListElement\":[{\"@type\":\"ListItem\",\"position\":1,\"name\":\"Inici\",\"item\":\"https:\\\/\\\/2025.anoiaturisme.cat\\\/\"},{\"@type\":\"ListItem\",\"position\":2,\"name\":\"Planifica\",\"item\":\"https:\\\/\\\/2025.anoiaturisme.cat\\\/planifica\\\/\"},{\"@type\":\"ListItem\",\"position\":3,\"name\":\"Punts d\u2019Informaci\u00f3 tur\u00edstica\"}]},{\"@type\":\"WebSite\",\"@id\":\"https:\\\/\\\/2025.anoiaturisme.cat\\\/#website\",\"url\":\"https:\\\/\\\/2025.anoiaturisme.cat\\\/\",\"name\":\"Anoia Turisme\",\"description\":\"Anoia Turisme\",\"potentialAction\":[{\"@type\":\"SearchAction\",\"target\":{\"@type\":\"EntryPoint\",\"urlTemplate\":\"https:\\\/\\\/2025.anoiaturisme.cat\\\/?s={search_term_string}\"},\"query-input\":{\"@type\":\"PropertyValueSpecification\",\"valueRequired\":true,\"valueName\":\"search_term_string\"}}],\"inLanguage\":\"es\"}]}<\/script>\n<!-- \/ Yoast SEO plugin. -->","yoast_head_json":{"title":"Punts d\u2019Informaci\u00f3 tur\u00edstica - Anoia Turisme","robots":{"index":"noindex","follow":"follow","max-snippet":"max-snippet:-1","max-image-preview":"max-image-preview:large","max-video-preview":"max-video-preview:-1"},"og_locale":"es_ES","og_type":"article","og_title":"Punts d\u2019Informaci\u00f3 tur\u00edstica - Anoia Turisme","og_description":"Oficines de Turisme i Punts d'Informaci\u00f3 Tur\u00edstica","og_url":"https:\/\/2025.anoiaturisme.cat\/es\/planifica\/punts-dinformacio-turistica\/","og_site_name":"Anoia Turisme","article_modified_time":"2026-03-31T09:06:29+00:00","og_image":[{"width":2560,"height":1419,"url":"https:\/\/2025.anoiaturisme.cat\/wp-content\/uploads\/2025\/10\/1.-Montserrat-Cami-cap-al-pas-de-Princep00001-scaled.jpg","type":"image\/jpeg"}],"twitter_card":"summary_large_image","schema":{"@context":"https:\/\/schema.org","@graph":[{"@type":"WebPage","@id":"https:\/\/2025.anoiaturisme.cat\/planifica\/punts-dinformacio-turistica\/","url":"https:\/\/2025.anoiaturisme.cat\/planifica\/punts-dinformacio-turistica\/","name":"Punts d\u2019Informaci\u00f3 tur\u00edstica - Anoia Turisme","isPartOf":{"@id":"https:\/\/2025.anoiaturisme.cat\/#website"},"primaryImageOfPage":{"@id":"https:\/\/2025.anoiaturisme.cat\/planifica\/punts-dinformacio-turistica\/#primaryimage"},"image":{"@id":"https:\/\/2025.anoiaturisme.cat\/planifica\/punts-dinformacio-turistica\/#primaryimage"},"thumbnailUrl":"https:\/\/2025.anoiaturisme.cat\/wp-content\/uploads\/2025\/10\/1.-Montserrat-Cami-cap-al-pas-de-Princep00001-scaled.jpg","datePublished":"2025-12-17T20:38:46+00:00","dateModified":"2026-03-31T09:06:29+00:00","breadcrumb":{"@id":"https:\/\/2025.anoiaturisme.cat\/planifica\/punts-dinformacio-turistica\/#breadcrumb"},"inLanguage":"es","potentialAction":[{"@type":"ReadAction","target":["https:\/\/2025.anoiaturisme.cat\/planifica\/punts-dinformacio-turistica\/"]}]},{"@type":"ImageObject","inLanguage":"es","@id":"https:\/\/2025.anoiaturisme.cat\/planifica\/punts-dinformacio-turistica\/#primaryimage","url":"https:\/\/2025.anoiaturisme.cat\/wp-content\/uploads\/2025\/10\/1.-Montserrat-Cami-cap-al-pas-de-Princep00001-scaled.jpg","contentUrl":"https:\/\/2025.anoiaturisme.cat\/wp-content\/uploads\/2025\/10\/1.-Montserrat-Cami-cap-al-pas-de-Princep00001-scaled.jpg","width":2560,"height":1419},{"@type":"BreadcrumbList","@id":"https:\/\/2025.anoiaturisme.cat\/planifica\/punts-dinformacio-turistica\/#breadcrumb","itemListElement":[{"@type":"ListItem","position":1,"name":"Inici","item":"https:\/\/2025.anoiaturisme.cat\/"},{"@type":"ListItem","position":2,"name":"Planifica","item":"https:\/\/2025.anoiaturisme.cat\/planifica\/"},{"@type":"ListItem","position":3,"name":"Punts d\u2019Informaci\u00f3 tur\u00edstica"}]},{"@type":"WebSite","@id":"https:\/\/2025.anoiaturisme.cat\/#website","url":"https:\/\/2025.anoiaturisme.cat\/","name":"Anoia Turisme","description":"Anoia Turisme","potentialAction":[{"@type":"SearchAction","target":{"@type":"EntryPoint","urlTemplate":"https:\/\/2025.anoiaturisme.cat\/?s={search_term_string}"},"query-input":{"@type":"PropertyValueSpecification","valueRequired":true,"valueName":"search_term_string"}}],"inLanguage":"es"}]}},"_links":{"self":[{"href":"https:\/\/2025.anoiaturisme.cat\/es\/wp-json\/wp\/v2\/pages\/253830","targetHints":{"allow":["GET"]}}],"collection":[{"href":"https:\/\/2025.anoiaturisme.cat\/es\/wp-json\/wp\/v2\/pages"}],"about":[{"href":"https:\/\/2025.anoiaturisme.cat\/es\/wp-json\/wp\/v2\/types\/page"}],"author":[{"embeddable":true,"href":"https:\/\/2025.anoiaturisme.cat\/es\/wp-json\/wp\/v2\/users\/1"}],"replies":[{"embeddable":true,"href":"https:\/\/2025.anoiaturisme.cat\/es\/wp-json\/wp\/v2\/comments?post=253830"}],"version-history":[{"count":44,"href":"https:\/\/2025.anoiaturisme.cat\/es\/wp-json\/wp\/v2\/pages\/253830\/revisions"}],"predecessor-version":[{"id":258889,"href":"https:\/\/2025.anoiaturisme.cat\/es\/wp-json\/wp\/v2\/pages\/253830\/revisions\/258889"}],"up":[{"embeddable":true,"href":"https:\/\/2025.anoiaturisme.cat\/es\/wp-json\/wp\/v2\/pages\/256979"}],"wp:featuredmedia":[{"embeddable":true,"href":"https:\/\/2025.anoiaturisme.cat\/es\/wp-json\/wp\/v2\/media\/255252"}],"wp:attachment":[{"href":"https:\/\/2025.anoiaturisme.cat\/es\/wp-json\/wp\/v2\/media?parent=253830"}],"wp:term":[{"taxonomy":"temes","embeddable":true,"href":"https:\/\/2025.anoiaturisme.cat\/es\/wp-json\/wp\/v2\/temes?post=253830"}],"curies":[{"name":"wp","href":"https:\/\/api.w.org\/{rel}","templated":true}]}}