{"id":254827,"date":"2025-09-26T17:27:46","date_gmt":"2025-09-26T16:27:46","guid":{"rendered":"https:\/\/2025.anoiaturisme.cat\/?page_id=254827"},"modified":"2026-03-23T14:32:41","modified_gmt":"2026-03-23T13:32:41","slug":"lanoia","status":"publish","type":"page","link":"https:\/\/2025.anoiaturisme.cat\/es\/lanoia\/","title":{"rendered":"L&#8217;Anoia"},"content":{"rendered":"<p>[et_pb_section fb_built=&#8221;1&#8243; _builder_version=&#8221;4.27.5&#8243; _module_preset=&#8221;dcf0a39c-8539-4ca4-a1a0-fd0ec90310b7&#8243; background_color=&#8221;#ffffff&#8221; custom_padding=&#8221;30px|0px||||&#8221; global_colors_info=&#8221;{}&#8221;][et_pb_row column_structure=&#8221;2_5,3_5&#8243; _builder_version=&#8221;4.27.5&#8243; _module_preset=&#8221;default&#8221; custom_padding=&#8221;50px|||||&#8221; global_colors_info=&#8221;{}&#8221;][et_pb_column type=&#8221;2_5&#8243; _builder_version=&#8221;4.27.4&#8243; _module_preset=&#8221;default&#8221; global_colors_info=&#8221;{}&#8221;][et_pb_text _builder_version=&#8221;4.27.5&#8243; _module_preset=&#8221;default&#8221; global_colors_info=&#8221;{}&#8221;]<\/p>\n<h2>L\u2019Anoia \u00e9s una comarca formada per territoris molt diferents que s\u2019han agrupat i han donat cos a una zona plena de contrastos i matisos.<\/h2>\n<p>&nbsp;<\/p>\n<p>Al nord, l\u2019Alta Anoia, amb els altiplans de boires espesses dominats pel groc dels cereals madurs a l\u2019estiu i pels verds intensos a la primavera; al centre, la Conca d\u2019\u00d2dena, de f\u00e8rtils clotades i boscos frondosos; i, al sud, la baixa Anoia, la zona m\u00e9s mediterr\u00e0nia plena de veremes intenses.<\/p>\n<p>I tot aix\u00f2 en un paisatge ple de bells racons que rep amb els bra\u00e7os oberts el visitant que busca una oferta l\u00fadica diferent, basada en la cultura, el patrimoni, el turisme actiu, la bona taula, allotjaments i productes artesanals de primera qualitat.<\/p>\n<p>L\u2019Anoia \u00e9s diversitat. Aquesta \u00e9s la seva singularitat, aquesta \u00e9s la seva personalitat i aix\u00f2 \u00e9s realment el que la fa interessant.<\/p>\n<p><strong>Descobreix-la!<\/strong><\/p>\n<p>[\/et_pb_text][\/et_pb_column][et_pb_column type=&#8221;3_5&#8243; _builder_version=&#8221;4.27.4&#8243; _module_preset=&#8221;default&#8221; global_colors_info=&#8221;{}&#8221;][ad3_mapa_municipis _builder_version=&#8221;4.27.5&#8243; _module_preset=&#8221;default&#8221; global_colors_info=&#8221;{}&#8221;][\/ad3_mapa_municipis][et_pb_text _builder_version=&#8221;4.27.5&#8243; _module_preset=&#8221;default&#8221; global_colors_info=&#8221;{}&#8221;]<\/p>\n<p>L\u2019Anoia est\u00e0 composta per 33 municipis mols diversos, des de poblets rurals de 200 habitants, fins a ciutats actives i plenes d\u2019activitats.<\/p>\n<p>A trav\u00e9s dels seg\u00fcents enlla\u00e7os i del mapa, podr\u00e0s descobrir-los d\u2019un en un.<\/p>\n<p><strong>Quin descobrir\u00e0s a la teva propera visita?<\/strong><\/p>\n<p>[\/et_pb_text][\/et_pb_column][\/et_pb_row][\/et_pb_section][et_pb_section fb_built=&#8221;1&#8243; _builder_version=&#8221;4.27.4&#8243; _module_preset=&#8221;default&#8221; background_color=&#8221;#ffffff&#8221; custom_padding=&#8221;30px|0px||||&#8221; global_colors_info=&#8221;{}&#8221;][et_pb_row _builder_version=&#8221;4.27.4&#8243; _module_preset=&#8221;default&#8221; custom_padding=&#8221;5px|||||&#8221; global_colors_info=&#8221;{}&#8221;][et_pb_column type=&#8221;4_4&#8243; _builder_version=&#8221;4.27.4&#8243; _module_preset=&#8221;default&#8221; global_colors_info=&#8221;{}&#8221;][ad3_llista_municipis posts_per_page=&#8221;99&#8243; _builder_version=&#8221;4.27.5&#8243; _module_preset=&#8221;default&#8221; global_colors_info=&#8221;{}&#8221;][\/ad3_llista_municipis][\/et_pb_column][\/et_pb_row][\/et_pb_section]<\/p>\n","protected":false},"excerpt":{"rendered":"<p>Deixa&#8217;t seduir per l&#8217;Anoia: una escapada plena de paisatges sorprenents i tradicions vives al cor m\u00e9s aut\u00e8ntic de Catalunya.<\/p>","protected":false},"author":1,"featured_media":257033,"parent":0,"menu_order":0,"comment_status":"closed","ping_status":"closed","template":"","meta":{"_acf_changed":false,"_et_pb_use_builder":"on","_et_pb_old_content":"","_et_gb_content_width":"","inline_featured_image":false,"footnotes":""},"temes":[],"class_list":["post-254827","page","type-page","status-publish","has-post-thumbnail","hentry"],"acf":[],"yoast_head":"<!-- This site is optimized with the Yoast SEO plugin v27.3 - https:\/\/yoast.com\/product\/yoast-seo-wordpress\/ -->\n<title>L&#039;Anoia - Anoia Turisme<\/title>\n<meta name=\"robots\" content=\"noindex, follow, max-snippet:-1, max-image-preview:large, max-video-preview:-1\" \/>\n<meta property=\"og:locale\" content=\"es_ES\" \/>\n<meta property=\"og:type\" content=\"article\" \/>\n<meta property=\"og:title\" content=\"L&#039;Anoia - Anoia Turisme\" \/>\n<meta property=\"og:description\" content=\"Deixa&#039;t seduir per l&#039;Anoia: una escapada plena de paisatges sorprenents i tradicions vives al cor m\u00e9s aut\u00e8ntic de Catalunya.\" \/>\n<meta property=\"og:url\" content=\"https:\/\/2025.anoiaturisme.cat\/es\/lanoia\/\" \/>\n<meta property=\"og:site_name\" content=\"Anoia Turisme\" \/>\n<meta property=\"article:modified_time\" content=\"2026-03-23T13:32:41+00:00\" \/>\n<meta property=\"og:image\" content=\"https:\/\/2025.anoiaturisme.cat\/wp-content\/uploads\/2026\/02\/2.-Piera00003.jpg\" \/>\n\t<meta property=\"og:image:width\" content=\"2000\" \/>\n\t<meta property=\"og:image:height\" content=\"1321\" \/>\n\t<meta property=\"og:image:type\" content=\"image\/jpeg\" \/>\n<meta name=\"twitter:card\" content=\"summary_large_image\" \/>\n<script type=\"application\/ld+json\" class=\"yoast-schema-graph\">{\"@context\":\"https:\\\/\\\/schema.org\",\"@graph\":[{\"@type\":\"WebPage\",\"@id\":\"https:\\\/\\\/2025.anoiaturisme.cat\\\/lanoia\\\/\",\"url\":\"https:\\\/\\\/2025.anoiaturisme.cat\\\/lanoia\\\/\",\"name\":\"L'Anoia - Anoia Turisme\",\"isPartOf\":{\"@id\":\"https:\\\/\\\/2025.anoiaturisme.cat\\\/#website\"},\"primaryImageOfPage\":{\"@id\":\"https:\\\/\\\/2025.anoiaturisme.cat\\\/lanoia\\\/#primaryimage\"},\"image\":{\"@id\":\"https:\\\/\\\/2025.anoiaturisme.cat\\\/lanoia\\\/#primaryimage\"},\"thumbnailUrl\":\"https:\\\/\\\/2025.anoiaturisme.cat\\\/wp-content\\\/uploads\\\/2026\\\/02\\\/2.-Piera00003.jpg\",\"datePublished\":\"2025-09-26T16:27:46+00:00\",\"dateModified\":\"2026-03-23T13:32:41+00:00\",\"breadcrumb\":{\"@id\":\"https:\\\/\\\/2025.anoiaturisme.cat\\\/lanoia\\\/#breadcrumb\"},\"inLanguage\":\"es\",\"potentialAction\":[{\"@type\":\"ReadAction\",\"target\":[\"https:\\\/\\\/2025.anoiaturisme.cat\\\/lanoia\\\/\"]}]},{\"@type\":\"ImageObject\",\"inLanguage\":\"es\",\"@id\":\"https:\\\/\\\/2025.anoiaturisme.cat\\\/lanoia\\\/#primaryimage\",\"url\":\"https:\\\/\\\/2025.anoiaturisme.cat\\\/wp-content\\\/uploads\\\/2026\\\/02\\\/2.-Piera00003.jpg\",\"contentUrl\":\"https:\\\/\\\/2025.anoiaturisme.cat\\\/wp-content\\\/uploads\\\/2026\\\/02\\\/2.-Piera00003.jpg\",\"width\":2000,\"height\":1321,\"caption\":\"12.06.20 Piera Foto: Marc Vila\"},{\"@type\":\"BreadcrumbList\",\"@id\":\"https:\\\/\\\/2025.anoiaturisme.cat\\\/lanoia\\\/#breadcrumb\",\"itemListElement\":[{\"@type\":\"ListItem\",\"position\":1,\"name\":\"Inici\",\"item\":\"https:\\\/\\\/2025.anoiaturisme.cat\\\/\"},{\"@type\":\"ListItem\",\"position\":2,\"name\":\"L&#8217;Anoia\"}]},{\"@type\":\"WebSite\",\"@id\":\"https:\\\/\\\/2025.anoiaturisme.cat\\\/#website\",\"url\":\"https:\\\/\\\/2025.anoiaturisme.cat\\\/\",\"name\":\"Anoia Turisme\",\"description\":\"Anoia Turisme\",\"potentialAction\":[{\"@type\":\"SearchAction\",\"target\":{\"@type\":\"EntryPoint\",\"urlTemplate\":\"https:\\\/\\\/2025.anoiaturisme.cat\\\/?s={search_term_string}\"},\"query-input\":{\"@type\":\"PropertyValueSpecification\",\"valueRequired\":true,\"valueName\":\"search_term_string\"}}],\"inLanguage\":\"es\"}]}<\/script>\n<!-- \/ Yoast SEO plugin. -->","yoast_head_json":{"title":"L'Anoia - Anoia Turisme","robots":{"index":"noindex","follow":"follow","max-snippet":"max-snippet:-1","max-image-preview":"max-image-preview:large","max-video-preview":"max-video-preview:-1"},"og_locale":"es_ES","og_type":"article","og_title":"L'Anoia - Anoia Turisme","og_description":"Deixa't seduir per l'Anoia: una escapada plena de paisatges sorprenents i tradicions vives al cor m\u00e9s aut\u00e8ntic de Catalunya.","og_url":"https:\/\/2025.anoiaturisme.cat\/es\/lanoia\/","og_site_name":"Anoia Turisme","article_modified_time":"2026-03-23T13:32:41+00:00","og_image":[{"width":2000,"height":1321,"url":"https:\/\/2025.anoiaturisme.cat\/wp-content\/uploads\/2026\/02\/2.-Piera00003.jpg","type":"image\/jpeg"}],"twitter_card":"summary_large_image","schema":{"@context":"https:\/\/schema.org","@graph":[{"@type":"WebPage","@id":"https:\/\/2025.anoiaturisme.cat\/lanoia\/","url":"https:\/\/2025.anoiaturisme.cat\/lanoia\/","name":"L'Anoia - Anoia Turisme","isPartOf":{"@id":"https:\/\/2025.anoiaturisme.cat\/#website"},"primaryImageOfPage":{"@id":"https:\/\/2025.anoiaturisme.cat\/lanoia\/#primaryimage"},"image":{"@id":"https:\/\/2025.anoiaturisme.cat\/lanoia\/#primaryimage"},"thumbnailUrl":"https:\/\/2025.anoiaturisme.cat\/wp-content\/uploads\/2026\/02\/2.-Piera00003.jpg","datePublished":"2025-09-26T16:27:46+00:00","dateModified":"2026-03-23T13:32:41+00:00","breadcrumb":{"@id":"https:\/\/2025.anoiaturisme.cat\/lanoia\/#breadcrumb"},"inLanguage":"es","potentialAction":[{"@type":"ReadAction","target":["https:\/\/2025.anoiaturisme.cat\/lanoia\/"]}]},{"@type":"ImageObject","inLanguage":"es","@id":"https:\/\/2025.anoiaturisme.cat\/lanoia\/#primaryimage","url":"https:\/\/2025.anoiaturisme.cat\/wp-content\/uploads\/2026\/02\/2.-Piera00003.jpg","contentUrl":"https:\/\/2025.anoiaturisme.cat\/wp-content\/uploads\/2026\/02\/2.-Piera00003.jpg","width":2000,"height":1321,"caption":"12.06.20 Piera Foto: Marc Vila"},{"@type":"BreadcrumbList","@id":"https:\/\/2025.anoiaturisme.cat\/lanoia\/#breadcrumb","itemListElement":[{"@type":"ListItem","position":1,"name":"Inici","item":"https:\/\/2025.anoiaturisme.cat\/"},{"@type":"ListItem","position":2,"name":"L&#8217;Anoia"}]},{"@type":"WebSite","@id":"https:\/\/2025.anoiaturisme.cat\/#website","url":"https:\/\/2025.anoiaturisme.cat\/","name":"Anoia Turisme","description":"Anoia Turisme","potentialAction":[{"@type":"SearchAction","target":{"@type":"EntryPoint","urlTemplate":"https:\/\/2025.anoiaturisme.cat\/?s={search_term_string}"},"query-input":{"@type":"PropertyValueSpecification","valueRequired":true,"valueName":"search_term_string"}}],"inLanguage":"es"}]}},"_links":{"self":[{"href":"https:\/\/2025.anoiaturisme.cat\/es\/wp-json\/wp\/v2\/pages\/254827","targetHints":{"allow":["GET"]}}],"collection":[{"href":"https:\/\/2025.anoiaturisme.cat\/es\/wp-json\/wp\/v2\/pages"}],"about":[{"href":"https:\/\/2025.anoiaturisme.cat\/es\/wp-json\/wp\/v2\/types\/page"}],"author":[{"embeddable":true,"href":"https:\/\/2025.anoiaturisme.cat\/es\/wp-json\/wp\/v2\/users\/1"}],"replies":[{"embeddable":true,"href":"https:\/\/2025.anoiaturisme.cat\/es\/wp-json\/wp\/v2\/comments?post=254827"}],"version-history":[{"count":82,"href":"https:\/\/2025.anoiaturisme.cat\/es\/wp-json\/wp\/v2\/pages\/254827\/revisions"}],"predecessor-version":[{"id":258550,"href":"https:\/\/2025.anoiaturisme.cat\/es\/wp-json\/wp\/v2\/pages\/254827\/revisions\/258550"}],"wp:featuredmedia":[{"embeddable":true,"href":"https:\/\/2025.anoiaturisme.cat\/es\/wp-json\/wp\/v2\/media\/257033"}],"wp:attachment":[{"href":"https:\/\/2025.anoiaturisme.cat\/es\/wp-json\/wp\/v2\/media?parent=254827"}],"wp:term":[{"taxonomy":"temes","embeddable":true,"href":"https:\/\/2025.anoiaturisme.cat\/es\/wp-json\/wp\/v2\/temes?post=254827"}],"curies":[{"name":"wp","href":"https:\/\/api.w.org\/{rel}","templated":true}]}}