{"id":256673,"date":"2026-01-01T14:12:39","date_gmt":"2026-01-01T13:12:39","guid":{"rendered":"https:\/\/2025.anoiaturisme.cat\/?page_id=256673"},"modified":"2026-04-15T12:35:28","modified_gmt":"2026-04-15T11:35:28","slug":"anoia-terra-de-castells","status":"publish","type":"page","link":"https:\/\/2025.anoiaturisme.cat\/es\/cultura-i-patrimoni\/anoia-terra-de-castells\/","title":{"rendered":"L\u2019Anoia, Terra de Castells"},"content":{"rendered":"<p>[et_pb_section fb_built=&#8221;1&#8243; _builder_version=&#8221;4.27.5&#8243; _module_preset=&#8221;dcf0a39c-8539-4ca4-a1a0-fd0ec90310b7&#8243; global_colors_info=&#8221;{}&#8221;][et_pb_row column_structure=&#8221;2_5,3_5&#8243; _builder_version=&#8221;4.27.5&#8243; _module_preset=&#8221;default&#8221; custom_padding=&#8221;||18px|||&#8221; global_colors_info=&#8221;{}&#8221;][et_pb_column type=&#8221;2_5&#8243; _builder_version=&#8221;4.27.5&#8243; _module_preset=&#8221;default&#8221; global_colors_info=&#8221;{}&#8221;][et_pb_text _builder_version=&#8221;4.27.5&#8243; _module_preset=&#8221;default&#8221; global_colors_info=&#8221;{}&#8221;]<\/p>\n<h2>Un viatge a l\u2019Anoia medieval<\/h2>\n<p>[\/et_pb_text][\/et_pb_column][et_pb_column type=&#8221;3_5&#8243; _builder_version=&#8221;4.27.5&#8243; _module_preset=&#8221;default&#8221; global_colors_info=&#8221;{}&#8221;][et_pb_text _builder_version=&#8221;4.27.5&#8243; _module_preset=&#8221;default&#8221; global_colors_info=&#8221;{}&#8221;]<\/p>\n<p>L\u2019Anoia \u00e9s una de les comarques amb m\u00e9s densitat de castells i fortaleses per quil\u00f2metre quadrat de Catalunya. Torres de guaita, castells roquers i recintes emmurallats esquitxen el paisatge i expliquen la hist\u00f2ria d\u2019un territori clau.<\/p>\n<p><strong>Visitar l\u2019Anoia \u00e9s endinsar-se en una aut\u00e8ntica xarxa defensiva medieval que encara avui defineix la identitat de la comarca.<\/strong><\/p>\n<p>[\/et_pb_text][\/et_pb_column][\/et_pb_row][\/et_pb_section][et_pb_section fb_built=&#8221;1&#8243; _builder_version=&#8221;4.27.5&#8243; _module_preset=&#8221;default&#8221; background_enable_color=&#8221;off&#8221; custom_padding=&#8221;0px||0px||true|&#8221; global_colors_info=&#8221;{}&#8221;][et_pb_row column_structure=&#8221;2_5,3_5&#8243; make_equal=&#8221;on&#8221; _builder_version=&#8221;4.27.5&#8243; _module_preset=&#8221;default&#8221; custom_padding=&#8221;28px||30px|||&#8221; global_colors_info=&#8221;{}&#8221;][et_pb_column type=&#8221;2_5&#8243; _builder_version=&#8221;4.27.5&#8243; _module_preset=&#8221;default&#8221; global_colors_info=&#8221;{}&#8221;][et_pb_text _builder_version=&#8221;4.27.5&#8243; _module_preset=&#8221;default&#8221; global_colors_info=&#8221;{}&#8221;]<\/p>\n<h2>Explora castells que van defensar un territori clau fa mil anys.<\/h2>\n<p>[\/et_pb_text][\/et_pb_column][et_pb_column type=&#8221;3_5&#8243; _builder_version=&#8221;4.27.5&#8243; _module_preset=&#8221;default&#8221; global_colors_info=&#8221;{}&#8221;][et_pb_text _builder_version=&#8221;4.27.5&#8243; _module_preset=&#8221;default&#8221; positioning=&#8221;absolute&#8221; position_origin_a=&#8221;bottom_left&#8221; width=&#8221;100%&#8221; global_colors_info=&#8221;{}&#8221;]<\/p>\n<p><span>L\u2019Anoia compta amb <strong>27 castells, torres i recintes fortificats visitables<\/strong>, repartits per tota la comarca. Cada un explica una part del relat col\u00b7lectiu del territori:<\/span><\/p>\n<p>[\/et_pb_text][\/et_pb_column][\/et_pb_row][et_pb_row _builder_version=&#8221;4.27.5&#8243; _module_preset=&#8221;default&#8221; custom_padding=&#8221;2px|||||&#8221; global_colors_info=&#8221;{}&#8221;][et_pb_column type=&#8221;4_4&#8243; _builder_version=&#8221;4.27.5&#8243; _module_preset=&#8221;default&#8221; global_colors_info=&#8221;{}&#8221;][ad3_pagina_continguts_relacionats filter_post_type=&#8221;punts-destacats&#8221; presentation=&#8221;card_titol_sobre_imatge_gran&#8221; columns=&#8221;5&#8243; posts_per_page=&#8221;99&#8243; admin_label=&#8221;AD3 Continguts relacionats a p\u00e0gina&#8221; _builder_version=&#8221;4.27.5&#8243; _module_preset=&#8221;default&#8221; global_colors_info=&#8221;{}&#8221;][\/ad3_pagina_continguts_relacionats][\/et_pb_column][\/et_pb_row][\/et_pb_section][et_pb_section fb_built=&#8221;1&#8243; _builder_version=&#8221;4.27.5&#8243; _module_preset=&#8221;default&#8221; background_enable_color=&#8221;off&#8221; background_image=&#8221;https:\/\/2025.anoiaturisme.cat\/wp-content\/uploads\/2015\/01\/Castell-de-la-Pobla002_Pobla.jpg&#8221; parallax=&#8221;on&#8221; custom_padding=&#8221;70px||70px||true|&#8221; global_colors_info=&#8221;{}&#8221;][et_pb_row _builder_version=&#8221;4.27.5&#8243; _module_preset=&#8221;_initial&#8221; custom_padding=&#8221;||0px|||&#8221; global_colors_info=&#8221;{}&#8221;][et_pb_column type=&#8221;4_4&#8243; _builder_version=&#8221;4.27.5&#8243; _module_preset=&#8221;default&#8221; global_colors_info=&#8221;{}&#8221;][et_pb_text _builder_version=&#8221;4.27.5&#8243; _module_preset=&#8221;default&#8221; header_3_text_color=&#8221;#ffffff&#8221; text_orientation=&#8221;center&#8221; background_layout=&#8221;dark&#8221; global_colors_info=&#8221;{}&#8221;]<\/p>\n<h3><strong>Tres rutes, tres moments hist\u00f2rics<\/strong><\/h3>\n<p><span>Per entendre millor la hist\u00f2ria del territori, l\u2019Anoia s\u2019ha estructurat en <strong>tres grans rutes tem\u00e0tiques<\/strong>:<\/span><\/p>\n<p>[\/et_pb_text][\/et_pb_column][\/et_pb_row][et_pb_row column_structure=&#8221;1_3,1_3,1_3&#8243; _builder_version=&#8221;4.27.5&#8243; _module_preset=&#8221;default&#8221; global_colors_info=&#8221;{}&#8221;][et_pb_column type=&#8221;1_3&#8243; _builder_version=&#8221;4.27.5&#8243; _module_preset=&#8221;default&#8221; global_colors_info=&#8221;{}&#8221;][et_pb_blurb title=&#8221;Ruta Nord \u00b7 Segles XI\u2013XII&#8221; url=&#8221;@ET-DC@eyJkeW5hbWljIjp0cnVlLCJjb250ZW50IjoicG9zdF9saW5rX3VybF9ydXRlcyIsInNldHRpbmdzIjp7InBvc3RfaWQiOiIyNTQ4NzIifX0=@&#8221; use_icon=&#8221;on&#8221; font_icon=&#8221;&#xe0f8;||divi||400&#8243; _builder_version=&#8221;4.27.5&#8243; _dynamic_attributes=&#8221;url&#8221; _module_preset=&#8221;d154fbb7-8ef6-41df-bdfe-7a139184d138&#8243; global_colors_info=&#8221;{}&#8221;]<\/p>\n<p><span>Una ruta vinculada a l\u2019her\u00e8ncia de Guifr\u00e9 el Pil\u00f3s, amb castells com Jorba, Rubi\u00f3, Segur, la Manresana, Calonge, Castellfollit, Boixadors, Calaf i Mirambell.<\/span><\/p>\n<p>[\/et_pb_blurb][\/et_pb_column][et_pb_column type=&#8221;1_3&#8243; _builder_version=&#8221;4.27.5&#8243; _module_preset=&#8221;default&#8221; global_colors_info=&#8221;{}&#8221;][et_pb_blurb title=&#8221;Ruta Sud-est \u00b7 Segle XIII&#8221; url=&#8221;@ET-DC@eyJkeW5hbWljIjp0cnVlLCJjb250ZW50IjoicG9zdF9saW5rX3VybF9ydXRlcyIsInNldHRpbmdzIjp7InBvc3RfaWQiOiIyNTY3NzkifX0=@&#8221; use_icon=&#8221;on&#8221; font_icon=&#8221;&#xe0f8;||divi||400&#8243; _builder_version=&#8221;4.27.5&#8243; _dynamic_attributes=&#8221;url&#8221; _module_preset=&#8221;d154fbb7-8ef6-41df-bdfe-7a139184d138&#8243; global_colors_info=&#8221;{}&#8221;]<\/p>\n<p><span>A l\u2019ombra del rei Jaume I, aquesta ruta recorre \u00d2dena, Castellol\u00ed, Claramunt, la Torre de Claramunt, Piera, Freixe, Bedorc i Cabrera.<\/span><\/p>\n<p>[\/et_pb_blurb][\/et_pb_column][et_pb_column type=&#8221;1_3&#8243; _builder_version=&#8221;4.27.5&#8243; _module_preset=&#8221;default&#8221; global_colors_info=&#8221;{}&#8221;][et_pb_blurb title=&#8221;Ruta Sud-oest \u00b7 Segle XIV&#8221; use_icon=&#8221;on&#8221; font_icon=&#8221;&#xe0f8;||divi||400&#8243; _builder_version=&#8221;4.27.5&#8243; _module_preset=&#8221;d154fbb7-8ef6-41df-bdfe-7a139184d138&#8243; global_colors_info=&#8221;{}&#8221;]<\/p>\n<p><span>Dedicada al per\u00edode de Pere el Cerimoni\u00f3s, inclou Tous, Montbui, Argen\u00e7ola, Queralt, Viladem\u00e0ger, Miralles, Orp\u00ed, Contrast i la Roqueta.<\/span><\/p>\n<p>[\/et_pb_blurb][\/et_pb_column][\/et_pb_row][et_pb_row column_structure=&#8221;3_5,2_5&#8243; _builder_version=&#8221;4.27.5&#8243; _module_preset=&#8221;_initial&#8221; custom_padding=&#8221;29px|||||&#8221; global_colors_info=&#8221;{}&#8221;][et_pb_column type=&#8221;3_5&#8243; _builder_version=&#8221;4.27.5&#8243; _module_preset=&#8221;default&#8221; global_colors_info=&#8221;{}&#8221;][et_pb_text _builder_version=&#8221;4.27.5&#8243; _module_preset=&#8221;default&#8221; header_3_text_color=&#8221;#ffffff&#8221; background_layout=&#8221;dark&#8221; global_colors_info=&#8221;{}&#8221;]<\/p>\n<h3><strong>Visites guiades als castells de la comarca<\/strong><\/h3>\n<p>Descobrir, comprendre i viure el patrimoni<\/p>\n<p>&nbsp;<\/p>\n<p>[\/et_pb_text][\/et_pb_column][et_pb_column type=&#8221;2_5&#8243; _builder_version=&#8221;4.27.5&#8243; _module_preset=&#8221;default&#8221; global_colors_info=&#8221;{}&#8221;][et_pb_blurb title=&#8221;Visites guiades&#8221; use_icon=&#8221;on&#8221; font_icon=&#8221;&#xf0c0;||fa||900&#8243; _builder_version=&#8221;4.27.5&#8243; _module_preset=&#8221;d154fbb7-8ef6-41df-bdfe-7a139184d138&#8243; link_option_url=&#8221;https:\/\/2025.anoiaturisme.cat\/agenda\/?tipus=538&#038;municipi=#&#8221; link_option_url_new_window=&#8221;on&#8221; hover_enabled=&#8221;0&#8243; global_colors_info=&#8221;{}&#8221; sticky_enabled=&#8221;0&#8243;]<\/p>\n<p><span>S&#8217;ofereixen <strong>visites guiades i concertades<\/strong> a diversos castells, adaptades a p\u00fablic familiar, escoles i grups. Les visites permeten contextualitzar la hist\u00f2ria, con\u00e8ixer els personatges que hi van viure i entendre la import\u00e0ncia estrat\u00e8gica de cada fortalesa.<\/span><\/p>\n<p>[\/et_pb_blurb][\/et_pb_column][\/et_pb_row][\/et_pb_section][et_pb_section fb_built=&#8221;1&#8243; _builder_version=&#8221;4.27.5&#8243; _module_preset=&#8221;dcf0a39c-8539-4ca4-a1a0-fd0ec90310b7&#8243; background_color=&#8221;#f2f2f2&#8243; custom_padding=&#8221;||129px|||&#8221; bottom_divider_color=&#8221;#ffffff&#8221; global_colors_info=&#8221;{}&#8221;][et_pb_row column_structure=&#8221;1_2,1_2&#8243; _builder_version=&#8221;4.27.5&#8243; _module_preset=&#8221;default&#8221; background_enable_color=&#8221;off&#8221; custom_padding=&#8221;40px|40px|40px|40px|true|true&#8221; global_colors_info=&#8221;{}&#8221;][et_pb_column type=&#8221;1_2&#8243; _builder_version=&#8221;4.27.5&#8243; _module_preset=&#8221;default&#8221; global_colors_info=&#8221;{}&#8221;][et_pb_text _builder_version=&#8221;4.27.5&#8243; _module_preset=&#8221;default&#8221; custom_padding=&#8221;30px|||||&#8221; global_colors_info=&#8221;{}&#8221;]<\/p>\n<h3>L\u2019App &#8220;Anoia Terra de Castells&#8221;<\/h3>\n<p><strong>Una experi\u00e8ncia immesiva<\/strong><\/p>\n<p>L\u2019App \u00abAnoia Terra de Castells\u00bb permet a petits i grans rec\u00f3rrer les tres rutes hist\u00f2riques de manera interactiva. A trav\u00e9s de recreacions hist\u00f2riques, l\u2019usuari pot explorar les viv\u00e8ncies de personatges reals, con\u00e8ixer dades patrimonials i obtenir informaci\u00f3 pr\u00e0ctica de cada castell i municipi.<\/p>\n<p>Cada castell inclou la presentaci\u00f3 dels seus protagonistes, amb una breu biografia, els seus interessos i els conflictes de l\u2019\u00e8poca, convertint la visita en una<strong> experi\u00e8ncia immersiva.<\/strong><\/p>\n<p><strong><\/strong><\/p>\n<p><strong><\/strong><\/p>\n<p><strong><\/strong><\/p>\n<p style=\"text-align: right;\"><strong><a href=\"https:\/\/itunes.apple.com\/es\/app\/anoia-terra-de-castells\/id1090346562?mt=8\"><img loading=\"lazy\" decoding=\"async\" src=\"https:\/\/2025.anoiaturisme.cat\/wp-content\/uploads\/2026\/02\/Descarga_apple_store_CAT-300x89.png\" width=\"135\" height=\"40\" alt=\"\" class=\"wp-image-257582 alignnone size-medium\" \/><\/a> \u00a0 <a href=\"https:\/\/play.google.com\/store\/apps\/details?id=com.cubusgames.castells\"><img loading=\"lazy\" decoding=\"async\" src=\"https:\/\/2025.anoiaturisme.cat\/wp-content\/uploads\/2026\/02\/Descarga_play_store_ES-300x89.png\" width=\"135\" height=\"40\" alt=\"\" class=\"wp-image-257583 alignnone size-medium\" \/><\/a><\/strong><\/p>\n<p>[\/et_pb_text][\/et_pb_column][et_pb_column type=&#8221;1_2&#8243; _builder_version=&#8221;4.27.5&#8243; _module_preset=&#8221;default&#8221; global_colors_info=&#8221;{}&#8221;][et_pb_video src=&#8221;https:\/\/www.youtube.com\/embed\/tUIj0TrXblY&#8221; _builder_version=&#8221;4.27.5&#8243; _module_preset=&#8221;default&#8221; global_colors_info=&#8221;{}&#8221;][\/et_pb_video][\/et_pb_column][\/et_pb_row][\/et_pb_section][et_pb_section fb_built=&#8221;1&#8243; _builder_version=&#8221;4.27.5&#8243; _module_preset=&#8221;default&#8221; background_color=&#8221;RGBA(255,255,255,0)&#8221; custom_padding=&#8221;62px||67px|||&#8221; global_colors_info=&#8221;{}&#8221;][et_pb_row column_structure=&#8221;2_5,3_5&#8243; _builder_version=&#8221;4.27.5&#8243; _module_preset=&#8221;default&#8221; background_color=&#8221;#f2f2f2&#8243; custom_padding=&#8221;40px|40px|40px|40px|true|true&#8221; global_colors_info=&#8221;{}&#8221;][et_pb_column type=&#8221;2_5&#8243; _builder_version=&#8221;4.27.5&#8243; _module_preset=&#8221;default&#8221; global_colors_info=&#8221;{}&#8221;][et_pb_image src=&#8221;https:\/\/2025.anoiaturisme.cat\/wp-content\/uploads\/2026\/02\/Joc-Terra_de_Castells_capsa.jpg&#8221; title_text=&#8221;Joc Terra_de_Castells_capsa&#8221; _builder_version=&#8221;4.27.5&#8243; _module_preset=&#8221;default&#8221; width=&#8221;80%&#8221; width_tablet=&#8221;50%&#8221; width_phone=&#8221;50%&#8221; width_last_edited=&#8221;on|phone&#8221; module_alignment=&#8221;center&#8221; custom_margin=&#8221;-90px||50px||false|false&#8221; custom_margin_tablet=&#8221;0px||||false|false&#8221; custom_margin_phone=&#8221;0px||||false|false&#8221; custom_margin_last_edited=&#8221;on|phone&#8221; border_radii=&#8221;on|600px|600px|600px|600px&#8221; global_colors_info=&#8221;{}&#8221;][\/et_pb_image][et_pb_button button_url=&#8221;https:\/\/enpeudejocedicions.com\/products\/terra-de-castells&#8221; button_text=&#8221;Comprar el joc de taula&#8221; button_alignment=&#8221;center&#8221; _builder_version=&#8221;4.27.5&#8243; _module_preset=&#8221;default&#8221; global_colors_info=&#8221;{}&#8221;][\/et_pb_button][et_pb_text _builder_version=&#8221;4.27.5&#8243; _module_preset=&#8221;default&#8221; text_text_color=&#8221;#0869A8&#8243; text_font_size=&#8221;12px&#8221; text_orientation=&#8221;center&#8221; custom_margin=&#8221;-10px||||false|false&#8221; custom_padding=&#8221;0px||||false|false&#8221; global_colors_info=&#8221;{}&#8221;]Tamb\u00e9 el trobar\u00e0s a la teva botiga habitual[\/et_pb_text][\/et_pb_column][et_pb_column type=&#8221;3_5&#8243; _builder_version=&#8221;4.27.5&#8243; _module_preset=&#8221;default&#8221; global_colors_info=&#8221;{}&#8221;][et_pb_text _builder_version=&#8221;4.27.5&#8243; _module_preset=&#8221;default&#8221; global_colors_info=&#8221;{}&#8221;]<\/p>\n<h3>Joc de taula &#8220;Anoia Terra de Castells&#8221;<\/h3>\n<p>&nbsp;<\/p>\n<p><strong>Any 1000. A l\u2019Anoia, el poder no s\u2019hereta, es conquereix.<\/strong><\/p>\n<p>Terra de Castells et porta a la <strong>Marca Hisp\u00e0nica<\/strong>, una terra de fam, guerra i ambici\u00f3. Converteix-te en noble feudal, pren decisions clau, teixeix aliances i lluita pel poder en un joc on <strong>cada jugada pot canviar la hist\u00f2ria<\/strong>.<\/p>\n<p>Un joc de <strong>2 a 4 jugadors<\/strong>, a partir de <strong>12 anys<\/strong>, que combina estrat\u00e8gia, daus i rol en partides din\u00e0miques i immersives. Apr\u00e8n, competeix i diverteix-te mentre descobreixes la <strong>riquesa medieval de l\u2019Anoia<\/strong>.<\/p>\n<p style=\"text-align: right;\"><strong>Juga, apr\u00e8n i conquesta la hist\u00f2ria<\/strong><\/p>\n<p>[\/et_pb_text][\/et_pb_column][\/et_pb_row][\/et_pb_section][et_pb_section fb_built=&#8221;1&#8243; _builder_version=&#8221;4.27.5&#8243; _module_preset=&#8221;default&#8221; background_enable_color=&#8221;off&#8221; use_background_color_gradient=&#8221;on&#8221; background_color_gradient_type=&#8221;circular&#8221; background_color_gradient_stops=&#8221;rgba(255,255,255,0) 0%|rgba(0,0,0,0.3) 100%&#8221; background_image=&#8221;https:\/\/2025.anoiaturisme.cat\/wp-content\/uploads\/2026\/02\/Castell-de-la-Pobla011.jpg&#8221; background_blend=&#8221;multiply&#8221; height=&#8221;50vh&#8221; custom_padding=&#8221;70px||70px||true|&#8221; global_colors_info=&#8221;{}&#8221;][et_pb_row _builder_version=&#8221;4.27.5&#8243; _module_preset=&#8221;default&#8221; positioning=&#8221;absolute&#8221; position_origin_a=&#8221;center_center&#8221; custom_padding=&#8221;||0px|||&#8221; global_colors_info=&#8221;{}&#8221;][et_pb_column type=&#8221;4_4&#8243; _builder_version=&#8221;4.27.5&#8243; _module_preset=&#8221;default&#8221; global_colors_info=&#8221;{}&#8221;][et_pb_text _builder_version=&#8221;4.27.5&#8243; _module_preset=&#8221;default&#8221; header_3_text_color=&#8221;#ffffff&#8221; text_orientation=&#8221;center&#8221; background_layout=&#8221;dark&#8221; global_colors_info=&#8221;{}&#8221;]<\/p>\n<h2><strong>Anoia, una experi\u00e8ncia medieval per viure<\/strong><\/h2>\n<p><span>Castells, paisatge, hist\u00f2ria i innovaci\u00f3 es donen la m\u00e0 a l\u2019Anoia. Una comarca per descobrir pas a pas, muralla a muralla, hist\u00f2ria a hist\u00f2ria.<\/span><\/p>\n<p><strong><em><span>L\u2019Anoia t\u2019espera: hist\u00f2ria, natura i castells en estat pur.<\/p>\n<p><\/span><\/em><\/strong><\/p>\n<p>[\/et_pb_text][\/et_pb_column][\/et_pb_row][\/et_pb_section]<\/p>\n","protected":false},"excerpt":{"rendered":"<p>Descobreix la frontera on es va escriure la nostra hist\u00f2ria.<\/p>","protected":false},"author":1,"featured_media":251655,"parent":256973,"menu_order":0,"comment_status":"closed","ping_status":"closed","template":"","meta":{"_acf_changed":false,"_et_pb_use_builder":"on","_et_pb_old_content":"","_et_gb_content_width":"","inline_featured_image":false,"footnotes":""},"temes":[],"class_list":["post-256673","page","type-page","status-publish","has-post-thumbnail","hentry"],"acf":[],"yoast_head":"<!-- This site is optimized with the Yoast SEO plugin v27.3 - https:\/\/yoast.com\/product\/yoast-seo-wordpress\/ -->\n<title>L\u2019Anoia, Terra de Castells - Anoia Turisme<\/title>\n<meta name=\"robots\" content=\"noindex, follow, max-snippet:-1, max-image-preview:large, max-video-preview:-1\" \/>\n<meta property=\"og:locale\" content=\"es_ES\" \/>\n<meta property=\"og:type\" content=\"article\" \/>\n<meta property=\"og:title\" content=\"L\u2019Anoia, Terra de Castells - Anoia Turisme\" \/>\n<meta property=\"og:description\" content=\"Descobreix la frontera on es va escriure la nostra hist\u00f2ria.\" \/>\n<meta property=\"og:url\" content=\"https:\/\/2025.anoiaturisme.cat\/es\/cultura-i-patrimoni\/anoia-terra-de-castells\/\" \/>\n<meta property=\"og:site_name\" content=\"Anoia Turisme\" \/>\n<meta property=\"article:modified_time\" content=\"2026-04-15T11:35:28+00:00\" \/>\n<meta property=\"og:image\" content=\"https:\/\/2025.anoiaturisme.cat\/wp-content\/uploads\/2022\/06\/castell-apaisat.jpg\" \/>\n\t<meta property=\"og:image:width\" content=\"1200\" \/>\n\t<meta property=\"og:image:height\" content=\"600\" \/>\n\t<meta property=\"og:image:type\" content=\"image\/jpeg\" \/>\n<meta name=\"twitter:card\" content=\"summary_large_image\" \/>\n<script type=\"application\/ld+json\" class=\"yoast-schema-graph\">{\"@context\":\"https:\\\/\\\/schema.org\",\"@graph\":[{\"@type\":\"WebPage\",\"@id\":\"https:\\\/\\\/2025.anoiaturisme.cat\\\/cultura-i-patrimoni\\\/anoia-terra-de-castells\\\/\",\"url\":\"https:\\\/\\\/2025.anoiaturisme.cat\\\/cultura-i-patrimoni\\\/anoia-terra-de-castells\\\/\",\"name\":\"L\u2019Anoia, Terra de Castells - Anoia Turisme\",\"isPartOf\":{\"@id\":\"https:\\\/\\\/2025.anoiaturisme.cat\\\/#website\"},\"primaryImageOfPage\":{\"@id\":\"https:\\\/\\\/2025.anoiaturisme.cat\\\/cultura-i-patrimoni\\\/anoia-terra-de-castells\\\/#primaryimage\"},\"image\":{\"@id\":\"https:\\\/\\\/2025.anoiaturisme.cat\\\/cultura-i-patrimoni\\\/anoia-terra-de-castells\\\/#primaryimage\"},\"thumbnailUrl\":\"https:\\\/\\\/2025.anoiaturisme.cat\\\/wp-content\\\/uploads\\\/2022\\\/06\\\/castell-apaisat.jpg\",\"datePublished\":\"2026-01-01T13:12:39+00:00\",\"dateModified\":\"2026-04-15T11:35:28+00:00\",\"breadcrumb\":{\"@id\":\"https:\\\/\\\/2025.anoiaturisme.cat\\\/cultura-i-patrimoni\\\/anoia-terra-de-castells\\\/#breadcrumb\"},\"inLanguage\":\"es\",\"potentialAction\":[{\"@type\":\"ReadAction\",\"target\":[\"https:\\\/\\\/2025.anoiaturisme.cat\\\/cultura-i-patrimoni\\\/anoia-terra-de-castells\\\/\"]}]},{\"@type\":\"ImageObject\",\"inLanguage\":\"es\",\"@id\":\"https:\\\/\\\/2025.anoiaturisme.cat\\\/cultura-i-patrimoni\\\/anoia-terra-de-castells\\\/#primaryimage\",\"url\":\"https:\\\/\\\/2025.anoiaturisme.cat\\\/wp-content\\\/uploads\\\/2022\\\/06\\\/castell-apaisat.jpg\",\"contentUrl\":\"https:\\\/\\\/2025.anoiaturisme.cat\\\/wp-content\\\/uploads\\\/2022\\\/06\\\/castell-apaisat.jpg\",\"width\":1200,\"height\":600},{\"@type\":\"BreadcrumbList\",\"@id\":\"https:\\\/\\\/2025.anoiaturisme.cat\\\/cultura-i-patrimoni\\\/anoia-terra-de-castells\\\/#breadcrumb\",\"itemListElement\":[{\"@type\":\"ListItem\",\"position\":1,\"name\":\"Inici\",\"item\":\"https:\\\/\\\/2025.anoiaturisme.cat\\\/\"},{\"@type\":\"ListItem\",\"position\":2,\"name\":\"Cultura i patrimoni\",\"item\":\"https:\\\/\\\/2025.anoiaturisme.cat\\\/cultura-i-patrimoni\\\/\"},{\"@type\":\"ListItem\",\"position\":3,\"name\":\"L\u2019Anoia, Terra de Castells\"}]},{\"@type\":\"WebSite\",\"@id\":\"https:\\\/\\\/2025.anoiaturisme.cat\\\/#website\",\"url\":\"https:\\\/\\\/2025.anoiaturisme.cat\\\/\",\"name\":\"Anoia Turisme\",\"description\":\"Anoia Turisme\",\"potentialAction\":[{\"@type\":\"SearchAction\",\"target\":{\"@type\":\"EntryPoint\",\"urlTemplate\":\"https:\\\/\\\/2025.anoiaturisme.cat\\\/?s={search_term_string}\"},\"query-input\":{\"@type\":\"PropertyValueSpecification\",\"valueRequired\":true,\"valueName\":\"search_term_string\"}}],\"inLanguage\":\"es\"}]}<\/script>\n<!-- \/ Yoast SEO plugin. -->","yoast_head_json":{"title":"L\u2019Anoia, Terra de Castells - Anoia Turisme","robots":{"index":"noindex","follow":"follow","max-snippet":"max-snippet:-1","max-image-preview":"max-image-preview:large","max-video-preview":"max-video-preview:-1"},"og_locale":"es_ES","og_type":"article","og_title":"L\u2019Anoia, Terra de Castells - Anoia Turisme","og_description":"Descobreix la frontera on es va escriure la nostra hist\u00f2ria.","og_url":"https:\/\/2025.anoiaturisme.cat\/es\/cultura-i-patrimoni\/anoia-terra-de-castells\/","og_site_name":"Anoia Turisme","article_modified_time":"2026-04-15T11:35:28+00:00","og_image":[{"width":1200,"height":600,"url":"https:\/\/2025.anoiaturisme.cat\/wp-content\/uploads\/2022\/06\/castell-apaisat.jpg","type":"image\/jpeg"}],"twitter_card":"summary_large_image","schema":{"@context":"https:\/\/schema.org","@graph":[{"@type":"WebPage","@id":"https:\/\/2025.anoiaturisme.cat\/cultura-i-patrimoni\/anoia-terra-de-castells\/","url":"https:\/\/2025.anoiaturisme.cat\/cultura-i-patrimoni\/anoia-terra-de-castells\/","name":"L\u2019Anoia, Terra de Castells - Anoia Turisme","isPartOf":{"@id":"https:\/\/2025.anoiaturisme.cat\/#website"},"primaryImageOfPage":{"@id":"https:\/\/2025.anoiaturisme.cat\/cultura-i-patrimoni\/anoia-terra-de-castells\/#primaryimage"},"image":{"@id":"https:\/\/2025.anoiaturisme.cat\/cultura-i-patrimoni\/anoia-terra-de-castells\/#primaryimage"},"thumbnailUrl":"https:\/\/2025.anoiaturisme.cat\/wp-content\/uploads\/2022\/06\/castell-apaisat.jpg","datePublished":"2026-01-01T13:12:39+00:00","dateModified":"2026-04-15T11:35:28+00:00","breadcrumb":{"@id":"https:\/\/2025.anoiaturisme.cat\/cultura-i-patrimoni\/anoia-terra-de-castells\/#breadcrumb"},"inLanguage":"es","potentialAction":[{"@type":"ReadAction","target":["https:\/\/2025.anoiaturisme.cat\/cultura-i-patrimoni\/anoia-terra-de-castells\/"]}]},{"@type":"ImageObject","inLanguage":"es","@id":"https:\/\/2025.anoiaturisme.cat\/cultura-i-patrimoni\/anoia-terra-de-castells\/#primaryimage","url":"https:\/\/2025.anoiaturisme.cat\/wp-content\/uploads\/2022\/06\/castell-apaisat.jpg","contentUrl":"https:\/\/2025.anoiaturisme.cat\/wp-content\/uploads\/2022\/06\/castell-apaisat.jpg","width":1200,"height":600},{"@type":"BreadcrumbList","@id":"https:\/\/2025.anoiaturisme.cat\/cultura-i-patrimoni\/anoia-terra-de-castells\/#breadcrumb","itemListElement":[{"@type":"ListItem","position":1,"name":"Inici","item":"https:\/\/2025.anoiaturisme.cat\/"},{"@type":"ListItem","position":2,"name":"Cultura i patrimoni","item":"https:\/\/2025.anoiaturisme.cat\/cultura-i-patrimoni\/"},{"@type":"ListItem","position":3,"name":"L\u2019Anoia, Terra de Castells"}]},{"@type":"WebSite","@id":"https:\/\/2025.anoiaturisme.cat\/#website","url":"https:\/\/2025.anoiaturisme.cat\/","name":"Anoia Turisme","description":"Anoia Turisme","potentialAction":[{"@type":"SearchAction","target":{"@type":"EntryPoint","urlTemplate":"https:\/\/2025.anoiaturisme.cat\/?s={search_term_string}"},"query-input":{"@type":"PropertyValueSpecification","valueRequired":true,"valueName":"search_term_string"}}],"inLanguage":"es"}]}},"_links":{"self":[{"href":"https:\/\/2025.anoiaturisme.cat\/es\/wp-json\/wp\/v2\/pages\/256673","targetHints":{"allow":["GET"]}}],"collection":[{"href":"https:\/\/2025.anoiaturisme.cat\/es\/wp-json\/wp\/v2\/pages"}],"about":[{"href":"https:\/\/2025.anoiaturisme.cat\/es\/wp-json\/wp\/v2\/types\/page"}],"author":[{"embeddable":true,"href":"https:\/\/2025.anoiaturisme.cat\/es\/wp-json\/wp\/v2\/users\/1"}],"replies":[{"embeddable":true,"href":"https:\/\/2025.anoiaturisme.cat\/es\/wp-json\/wp\/v2\/comments?post=256673"}],"version-history":[{"count":44,"href":"https:\/\/2025.anoiaturisme.cat\/es\/wp-json\/wp\/v2\/pages\/256673\/revisions"}],"predecessor-version":[{"id":259146,"href":"https:\/\/2025.anoiaturisme.cat\/es\/wp-json\/wp\/v2\/pages\/256673\/revisions\/259146"}],"up":[{"embeddable":true,"href":"https:\/\/2025.anoiaturisme.cat\/es\/wp-json\/wp\/v2\/pages\/256973"}],"wp:featuredmedia":[{"embeddable":true,"href":"https:\/\/2025.anoiaturisme.cat\/es\/wp-json\/wp\/v2\/media\/251655"}],"wp:attachment":[{"href":"https:\/\/2025.anoiaturisme.cat\/es\/wp-json\/wp\/v2\/media?parent=256673"}],"wp:term":[{"taxonomy":"temes","embeddable":true,"href":"https:\/\/2025.anoiaturisme.cat\/es\/wp-json\/wp\/v2\/temes?post=256673"}],"curies":[{"name":"wp","href":"https:\/\/api.w.org\/{rel}","templated":true}]}}