{"id":256675,"date":"2026-01-30T14:13:10","date_gmt":"2026-01-30T13:13:10","guid":{"rendered":"https:\/\/2025.anoiaturisme.cat\/?page_id=256675"},"modified":"2026-03-23T09:53:25","modified_gmt":"2026-03-23T08:53:25","slug":"patrimoni-religios","status":"publish","type":"page","link":"https:\/\/2025.anoiaturisme.cat\/es\/cultura-i-patrimoni\/patrimoni-religios\/","title":{"rendered":"Patrimoni religi\u00f3s"},"content":{"rendered":"<p>[et_pb_section fb_built=&#8221;1&#8243; _builder_version=&#8221;4.27.5&#8243; _module_preset=&#8221;dcf0a39c-8539-4ca4-a1a0-fd0ec90310b7&#8243; global_colors_info=&#8221;{}&#8221;][et_pb_row column_structure=&#8221;2_5,3_5&#8243; _builder_version=&#8221;4.27.5&#8243; _module_preset=&#8221;default&#8221; locked=&#8221;off&#8221; global_colors_info=&#8221;{}&#8221;][et_pb_column type=&#8221;2_5&#8243; _builder_version=&#8221;4.27.5&#8243; _module_preset=&#8221;default&#8221; global_colors_info=&#8221;{}&#8221;][et_pb_text _builder_version=&#8221;4.27.5&#8243; _module_preset=&#8221;default&#8221; global_colors_info=&#8221;{}&#8221;]<\/p>\n<h2>Un recorregut pel llegat sagrat de l&#8217;Anoia.<\/h2>\n<p>[\/et_pb_text][\/et_pb_column][et_pb_column type=&#8221;3_5&#8243; _builder_version=&#8221;4.27.5&#8243; _module_preset=&#8221;default&#8221; global_colors_info=&#8221;{}&#8221;][et_pb_text _builder_version=&#8221;4.27.5&#8243; _module_preset=&#8221;default&#8221; global_colors_info=&#8221;{}&#8221;]<\/p>\n<p>Dels or\u00edgens del rom\u00e0nic a la grandiositat del barroc: recorre el patrimoni sagrat de l\u2019Anoia.<\/p>\n<p>Un itinerari per l\u2019espiritualitat i l\u2019art que et portar\u00e0 a descobrir els racons m\u00e9s aut\u00e8ntics i monumentals de la nostra comarca.<\/p>\n<p>Hist\u00f2ria, fe i cultura en un sol cam\u00ed. Ermites, Creus de Terme, Esgl\u00e9sies, Art Rom\u00e0nic, Art G\u00f2tic, Centres d\u2019interpretaci\u00f3, Priorats, Retaules s\u00f3n nom\u00e9s alguns dels exemples de Patrimoni Religi\u00f3s que pots trobar a la comarca de l\u2019Anoia.<\/p>\n<p>[\/et_pb_text][\/et_pb_column][\/et_pb_row][\/et_pb_section][et_pb_section fb_built=&#8221;1&#8243; _builder_version=&#8221;4.27.5&#8243; _module_preset=&#8221;default&#8221; custom_padding=&#8221;60px||60px||true|false&#8221; global_colors_info=&#8221;{}&#8221;][et_pb_row _builder_version=&#8221;4.27.5&#8243; _module_preset=&#8221;default&#8221; global_colors_info=&#8221;{}&#8221;][et_pb_column type=&#8221;4_4&#8243; _builder_version=&#8221;4.27.5&#8243; _module_preset=&#8221;default&#8221; global_colors_info=&#8221;{}&#8221;][ad3_pagina_continguts_relacionats presentation=&#8221;card_titol_sobre_imatge_gran&#8221; columns=&#8221;4&#8243; posts_per_page=&#8221;32&#8243; _builder_version=&#8221;4.27.5&#8243; _module_preset=&#8221;default&#8221; global_colors_info=&#8221;{}&#8221;][\/ad3_pagina_continguts_relacionats][\/et_pb_column][\/et_pb_row][\/et_pb_section]<\/p>\n","protected":false},"excerpt":{"rendered":"<p>Entre la terra i el cel<\/p>","protected":false},"author":1,"featured_media":250968,"parent":256973,"menu_order":0,"comment_status":"closed","ping_status":"closed","template":"","meta":{"_acf_changed":false,"_et_pb_use_builder":"on","_et_pb_old_content":"","_et_gb_content_width":"","inline_featured_image":false,"footnotes":""},"temes":[],"class_list":["post-256675","page","type-page","status-publish","has-post-thumbnail","hentry"],"acf":[],"yoast_head":"<!-- This site is optimized with the Yoast SEO plugin v27.3 - https:\/\/yoast.com\/product\/yoast-seo-wordpress\/ -->\n<title>Patrimoni religi\u00f3s - Anoia Turisme<\/title>\n<meta name=\"robots\" content=\"noindex, follow, max-snippet:-1, max-image-preview:large, max-video-preview:-1\" \/>\n<meta property=\"og:locale\" content=\"es_ES\" \/>\n<meta property=\"og:type\" content=\"article\" \/>\n<meta property=\"og:title\" content=\"Patrimoni religi\u00f3s - Anoia Turisme\" \/>\n<meta property=\"og:description\" content=\"Entre la terra i el cel\" \/>\n<meta property=\"og:url\" content=\"https:\/\/2025.anoiaturisme.cat\/es\/cultura-i-patrimoni\/patrimoni-religios\/\" \/>\n<meta property=\"og:site_name\" content=\"Anoia Turisme\" \/>\n<meta property=\"article:modified_time\" content=\"2026-03-23T08:53:25+00:00\" \/>\n<meta property=\"og:image\" content=\"https:\/\/2025.anoiaturisme.cat\/wp-content\/uploads\/2021\/01\/patrimoni-religios-anoia-turisme-01.png\" \/>\n\t<meta property=\"og:image:width\" content=\"1250\" \/>\n\t<meta property=\"og:image:height\" content=\"602\" \/>\n\t<meta property=\"og:image:type\" content=\"image\/png\" \/>\n<meta name=\"twitter:card\" content=\"summary_large_image\" \/>\n<script type=\"application\/ld+json\" class=\"yoast-schema-graph\">{\"@context\":\"https:\\\/\\\/schema.org\",\"@graph\":[{\"@type\":\"WebPage\",\"@id\":\"https:\\\/\\\/2025.anoiaturisme.cat\\\/cultura-i-patrimoni\\\/patrimoni-religios\\\/\",\"url\":\"https:\\\/\\\/2025.anoiaturisme.cat\\\/cultura-i-patrimoni\\\/patrimoni-religios\\\/\",\"name\":\"Patrimoni religi\u00f3s - Anoia Turisme\",\"isPartOf\":{\"@id\":\"https:\\\/\\\/2025.anoiaturisme.cat\\\/#website\"},\"primaryImageOfPage\":{\"@id\":\"https:\\\/\\\/2025.anoiaturisme.cat\\\/cultura-i-patrimoni\\\/patrimoni-religios\\\/#primaryimage\"},\"image\":{\"@id\":\"https:\\\/\\\/2025.anoiaturisme.cat\\\/cultura-i-patrimoni\\\/patrimoni-religios\\\/#primaryimage\"},\"thumbnailUrl\":\"https:\\\/\\\/2025.anoiaturisme.cat\\\/wp-content\\\/uploads\\\/2021\\\/01\\\/patrimoni-religios-anoia-turisme-01.png\",\"datePublished\":\"2026-01-30T13:13:10+00:00\",\"dateModified\":\"2026-03-23T08:53:25+00:00\",\"breadcrumb\":{\"@id\":\"https:\\\/\\\/2025.anoiaturisme.cat\\\/cultura-i-patrimoni\\\/patrimoni-religios\\\/#breadcrumb\"},\"inLanguage\":\"es\",\"potentialAction\":[{\"@type\":\"ReadAction\",\"target\":[\"https:\\\/\\\/2025.anoiaturisme.cat\\\/cultura-i-patrimoni\\\/patrimoni-religios\\\/\"]}]},{\"@type\":\"ImageObject\",\"inLanguage\":\"es\",\"@id\":\"https:\\\/\\\/2025.anoiaturisme.cat\\\/cultura-i-patrimoni\\\/patrimoni-religios\\\/#primaryimage\",\"url\":\"https:\\\/\\\/2025.anoiaturisme.cat\\\/wp-content\\\/uploads\\\/2021\\\/01\\\/patrimoni-religios-anoia-turisme-01.png\",\"contentUrl\":\"https:\\\/\\\/2025.anoiaturisme.cat\\\/wp-content\\\/uploads\\\/2021\\\/01\\\/patrimoni-religios-anoia-turisme-01.png\",\"width\":1250,\"height\":602},{\"@type\":\"BreadcrumbList\",\"@id\":\"https:\\\/\\\/2025.anoiaturisme.cat\\\/cultura-i-patrimoni\\\/patrimoni-religios\\\/#breadcrumb\",\"itemListElement\":[{\"@type\":\"ListItem\",\"position\":1,\"name\":\"Inici\",\"item\":\"https:\\\/\\\/2025.anoiaturisme.cat\\\/\"},{\"@type\":\"ListItem\",\"position\":2,\"name\":\"Cultura i patrimoni\",\"item\":\"https:\\\/\\\/2025.anoiaturisme.cat\\\/cultura-i-patrimoni\\\/\"},{\"@type\":\"ListItem\",\"position\":3,\"name\":\"Patrimoni religi\u00f3s\"}]},{\"@type\":\"WebSite\",\"@id\":\"https:\\\/\\\/2025.anoiaturisme.cat\\\/#website\",\"url\":\"https:\\\/\\\/2025.anoiaturisme.cat\\\/\",\"name\":\"Anoia Turisme\",\"description\":\"Anoia Turisme\",\"potentialAction\":[{\"@type\":\"SearchAction\",\"target\":{\"@type\":\"EntryPoint\",\"urlTemplate\":\"https:\\\/\\\/2025.anoiaturisme.cat\\\/?s={search_term_string}\"},\"query-input\":{\"@type\":\"PropertyValueSpecification\",\"valueRequired\":true,\"valueName\":\"search_term_string\"}}],\"inLanguage\":\"es\"}]}<\/script>\n<!-- \/ Yoast SEO plugin. -->","yoast_head_json":{"title":"Patrimoni religi\u00f3s - Anoia Turisme","robots":{"index":"noindex","follow":"follow","max-snippet":"max-snippet:-1","max-image-preview":"max-image-preview:large","max-video-preview":"max-video-preview:-1"},"og_locale":"es_ES","og_type":"article","og_title":"Patrimoni religi\u00f3s - Anoia Turisme","og_description":"Entre la terra i el cel","og_url":"https:\/\/2025.anoiaturisme.cat\/es\/cultura-i-patrimoni\/patrimoni-religios\/","og_site_name":"Anoia Turisme","article_modified_time":"2026-03-23T08:53:25+00:00","og_image":[{"width":1250,"height":602,"url":"https:\/\/2025.anoiaturisme.cat\/wp-content\/uploads\/2021\/01\/patrimoni-religios-anoia-turisme-01.png","type":"image\/png"}],"twitter_card":"summary_large_image","schema":{"@context":"https:\/\/schema.org","@graph":[{"@type":"WebPage","@id":"https:\/\/2025.anoiaturisme.cat\/cultura-i-patrimoni\/patrimoni-religios\/","url":"https:\/\/2025.anoiaturisme.cat\/cultura-i-patrimoni\/patrimoni-religios\/","name":"Patrimoni religi\u00f3s - Anoia Turisme","isPartOf":{"@id":"https:\/\/2025.anoiaturisme.cat\/#website"},"primaryImageOfPage":{"@id":"https:\/\/2025.anoiaturisme.cat\/cultura-i-patrimoni\/patrimoni-religios\/#primaryimage"},"image":{"@id":"https:\/\/2025.anoiaturisme.cat\/cultura-i-patrimoni\/patrimoni-religios\/#primaryimage"},"thumbnailUrl":"https:\/\/2025.anoiaturisme.cat\/wp-content\/uploads\/2021\/01\/patrimoni-religios-anoia-turisme-01.png","datePublished":"2026-01-30T13:13:10+00:00","dateModified":"2026-03-23T08:53:25+00:00","breadcrumb":{"@id":"https:\/\/2025.anoiaturisme.cat\/cultura-i-patrimoni\/patrimoni-religios\/#breadcrumb"},"inLanguage":"es","potentialAction":[{"@type":"ReadAction","target":["https:\/\/2025.anoiaturisme.cat\/cultura-i-patrimoni\/patrimoni-religios\/"]}]},{"@type":"ImageObject","inLanguage":"es","@id":"https:\/\/2025.anoiaturisme.cat\/cultura-i-patrimoni\/patrimoni-religios\/#primaryimage","url":"https:\/\/2025.anoiaturisme.cat\/wp-content\/uploads\/2021\/01\/patrimoni-religios-anoia-turisme-01.png","contentUrl":"https:\/\/2025.anoiaturisme.cat\/wp-content\/uploads\/2021\/01\/patrimoni-religios-anoia-turisme-01.png","width":1250,"height":602},{"@type":"BreadcrumbList","@id":"https:\/\/2025.anoiaturisme.cat\/cultura-i-patrimoni\/patrimoni-religios\/#breadcrumb","itemListElement":[{"@type":"ListItem","position":1,"name":"Inici","item":"https:\/\/2025.anoiaturisme.cat\/"},{"@type":"ListItem","position":2,"name":"Cultura i patrimoni","item":"https:\/\/2025.anoiaturisme.cat\/cultura-i-patrimoni\/"},{"@type":"ListItem","position":3,"name":"Patrimoni religi\u00f3s"}]},{"@type":"WebSite","@id":"https:\/\/2025.anoiaturisme.cat\/#website","url":"https:\/\/2025.anoiaturisme.cat\/","name":"Anoia Turisme","description":"Anoia Turisme","potentialAction":[{"@type":"SearchAction","target":{"@type":"EntryPoint","urlTemplate":"https:\/\/2025.anoiaturisme.cat\/?s={search_term_string}"},"query-input":{"@type":"PropertyValueSpecification","valueRequired":true,"valueName":"search_term_string"}}],"inLanguage":"es"}]}},"_links":{"self":[{"href":"https:\/\/2025.anoiaturisme.cat\/es\/wp-json\/wp\/v2\/pages\/256675","targetHints":{"allow":["GET"]}}],"collection":[{"href":"https:\/\/2025.anoiaturisme.cat\/es\/wp-json\/wp\/v2\/pages"}],"about":[{"href":"https:\/\/2025.anoiaturisme.cat\/es\/wp-json\/wp\/v2\/types\/page"}],"author":[{"embeddable":true,"href":"https:\/\/2025.anoiaturisme.cat\/es\/wp-json\/wp\/v2\/users\/1"}],"replies":[{"embeddable":true,"href":"https:\/\/2025.anoiaturisme.cat\/es\/wp-json\/wp\/v2\/comments?post=256675"}],"version-history":[{"count":15,"href":"https:\/\/2025.anoiaturisme.cat\/es\/wp-json\/wp\/v2\/pages\/256675\/revisions"}],"predecessor-version":[{"id":258487,"href":"https:\/\/2025.anoiaturisme.cat\/es\/wp-json\/wp\/v2\/pages\/256675\/revisions\/258487"}],"up":[{"embeddable":true,"href":"https:\/\/2025.anoiaturisme.cat\/es\/wp-json\/wp\/v2\/pages\/256973"}],"wp:featuredmedia":[{"embeddable":true,"href":"https:\/\/2025.anoiaturisme.cat\/es\/wp-json\/wp\/v2\/media\/250968"}],"wp:attachment":[{"href":"https:\/\/2025.anoiaturisme.cat\/es\/wp-json\/wp\/v2\/media?parent=256675"}],"wp:term":[{"taxonomy":"temes","embeddable":true,"href":"https:\/\/2025.anoiaturisme.cat\/es\/wp-json\/wp\/v2\/temes?post=256675"}],"curies":[{"name":"wp","href":"https:\/\/api.w.org\/{rel}","templated":true}]}}