{"id":256677,"date":"2026-01-05T14:13:42","date_gmt":"2026-01-05T13:13:42","guid":{"rendered":"https:\/\/2025.anoiaturisme.cat\/?page_id=256677"},"modified":"2026-03-30T11:53:17","modified_gmt":"2026-03-30T10:53:17","slug":"museus-i-museitzacions","status":"publish","type":"page","link":"https:\/\/2025.anoiaturisme.cat\/es\/cultura-i-patrimoni\/museus-i-museitzacions\/","title":{"rendered":"Museus i muse\u00eftzacions"},"content":{"rendered":"\n[et_pb_section fb_built=&#8221;1&#8243; _builder_version=&#8221;4.27.5&#8243; _module_preset=&#8221;dcf0a39c-8539-4ca4-a1a0-fd0ec90310b7&#8243; hover_enabled=&#8221;0&#8243; global_colors_info=&#8221;{}&#8221; custom_padding=&#8221;31px|||||&#8221; sticky_enabled=&#8221;0&#8243;][et_pb_row column_structure=&#8221;1_2,1_2&#8243; _builder_version=&#8221;4.27.5&#8243; _module_preset=&#8221;default&#8221; locked=&#8221;off&#8221; global_colors_info=&#8221;{}&#8221;][et_pb_column type=&#8221;1_2&#8243; _builder_version=&#8221;4.27.5&#8243; _module_preset=&#8221;default&#8221; global_colors_info=&#8221;{}&#8221;][et_pb_text _builder_version=&#8221;4.27.5&#8243; _module_preset=&#8221;default&#8221; global_colors_info=&#8221;{}&#8221;]<h2>Una comarca de museus: de la prehist\u00f2ria a la ind\u00fastria<\/h2>[\/et_pb_text][\/et_pb_column][et_pb_column type=&#8221;1_2&#8243; _builder_version=&#8221;4.27.5&#8243; _module_preset=&#8221;default&#8221; global_colors_info=&#8221;{}&#8221;][et_pb_text _builder_version=&#8221;4.27.5&#8243; _module_preset=&#8221;default&#8221; global_colors_info=&#8221;{}&#8221;]<p>L\u2019Anoia \u00e9s una de les col\u00b7leccions d\u2019hist\u00f2ria viva m\u00e9s sorprenents de Catalunya.<\/p>\n<p>Aqu\u00ed podr\u00e0s rec\u00f3rrer milers d\u2019anys en pocs quil\u00f2metres: des de la vida quotidiana dels neandertals a l\u2019Abric Roman\u00ed fins al llegat industrial del Museu de la Pell o el m\u00f3n del ferrocarril.<\/p>\n<p>Els nostres museus, centres d&#8217;interpretaci\u00f3 i espais muse\u00eftzats estan pensats per ser descoberts activament, oferint un recorregut per la comarca i el seu passat, present i futur.<\/p>\n<p>Tria un museu, activa la curiositat i descobreix el patrimoni anoienc.<\/p>[\/et_pb_text][\/et_pb_column][\/et_pb_row][\/et_pb_section][et_pb_section fb_built=&#8221;1&#8243; _builder_version=&#8221;4.27.5&#8243; _module_preset=&#8221;default&#8221; global_colors_info=&#8221;{}&#8221; custom_padding=&#8221;12px|||||&#8221;][et_pb_row _builder_version=&#8221;4.27.5&#8243; _module_preset=&#8221;default&#8221; global_colors_info=&#8221;{}&#8221;][et_pb_column type=&#8221;4_4&#8243; _builder_version=&#8221;4.27.5&#8243; _module_preset=&#8221;default&#8221; global_colors_info=&#8221;{}&#8221;][ad3_pagina_continguts_relacionats _builder_version=&#8221;4.27.5&#8243; _module_preset=&#8221;default&#8221; hover_enabled=&#8221;0&#8243; global_colors_info=&#8221;{}&#8221; sticky_enabled=&#8221;0&#8243;][\/ad3_pagina_continguts_relacionats][\/et_pb_column][\/et_pb_row][\/et_pb_section]\n","protected":false},"excerpt":{"rendered":"<p>L&#8217;Anoia: El viatge m\u00e9s curt entre la prehist\u00f2ria i la ind\u00fastria<\/p>","protected":false},"author":1,"featured_media":248771,"parent":256973,"menu_order":0,"comment_status":"closed","ping_status":"closed","template":"","meta":{"_acf_changed":false,"_et_pb_use_builder":"on","_et_pb_old_content":"","_et_gb_content_width":"","inline_featured_image":false,"footnotes":""},"temes":[],"class_list":["post-256677","page","type-page","status-publish","has-post-thumbnail","hentry"],"acf":[],"yoast_head":"<!-- This site is optimized with the Yoast SEO plugin v27.3 - https:\/\/yoast.com\/product\/yoast-seo-wordpress\/ -->\n<title>Museus i muse\u00eftzacions - Anoia Turisme<\/title>\n<meta name=\"robots\" content=\"noindex, follow, max-snippet:-1, max-image-preview:large, max-video-preview:-1\" \/>\n<meta property=\"og:locale\" content=\"es_ES\" \/>\n<meta property=\"og:type\" content=\"article\" \/>\n<meta property=\"og:title\" content=\"Museus i muse\u00eftzacions - Anoia Turisme\" \/>\n<meta property=\"og:description\" content=\"L&#039;Anoia: El viatge m\u00e9s curt entre la prehist\u00f2ria i la ind\u00fastria\" \/>\n<meta property=\"og:url\" content=\"https:\/\/2025.anoiaturisme.cat\/es\/cultura-i-patrimoni\/museus-i-museitzacions\/\" \/>\n<meta property=\"og:site_name\" content=\"Anoia Turisme\" \/>\n<meta property=\"article:modified_time\" content=\"2026-03-30T10:53:17+00:00\" \/>\n<meta property=\"og:image\" content=\"https:\/\/2025.anoiaturisme.cat\/wp-content\/uploads\/2017\/04\/Capellades-1.jpg\" \/>\n\t<meta property=\"og:image:width\" content=\"1000\" \/>\n\t<meta property=\"og:image:height\" content=\"500\" \/>\n\t<meta property=\"og:image:type\" content=\"image\/jpeg\" \/>\n<meta name=\"twitter:card\" content=\"summary_large_image\" \/>\n<script type=\"application\/ld+json\" class=\"yoast-schema-graph\">{\"@context\":\"https:\\\/\\\/schema.org\",\"@graph\":[{\"@type\":\"WebPage\",\"@id\":\"https:\\\/\\\/2025.anoiaturisme.cat\\\/cultura-i-patrimoni\\\/museus-i-museitzacions\\\/\",\"url\":\"https:\\\/\\\/2025.anoiaturisme.cat\\\/cultura-i-patrimoni\\\/museus-i-museitzacions\\\/\",\"name\":\"Museus i muse\u00eftzacions - Anoia Turisme\",\"isPartOf\":{\"@id\":\"https:\\\/\\\/2025.anoiaturisme.cat\\\/#website\"},\"primaryImageOfPage\":{\"@id\":\"https:\\\/\\\/2025.anoiaturisme.cat\\\/cultura-i-patrimoni\\\/museus-i-museitzacions\\\/#primaryimage\"},\"image\":{\"@id\":\"https:\\\/\\\/2025.anoiaturisme.cat\\\/cultura-i-patrimoni\\\/museus-i-museitzacions\\\/#primaryimage\"},\"thumbnailUrl\":\"https:\\\/\\\/2025.anoiaturisme.cat\\\/wp-content\\\/uploads\\\/2017\\\/04\\\/Capellades-1.jpg\",\"datePublished\":\"2026-01-05T13:13:42+00:00\",\"dateModified\":\"2026-03-30T10:53:17+00:00\",\"breadcrumb\":{\"@id\":\"https:\\\/\\\/2025.anoiaturisme.cat\\\/cultura-i-patrimoni\\\/museus-i-museitzacions\\\/#breadcrumb\"},\"inLanguage\":\"es\",\"potentialAction\":[{\"@type\":\"ReadAction\",\"target\":[\"https:\\\/\\\/2025.anoiaturisme.cat\\\/cultura-i-patrimoni\\\/museus-i-museitzacions\\\/\"]}]},{\"@type\":\"ImageObject\",\"inLanguage\":\"es\",\"@id\":\"https:\\\/\\\/2025.anoiaturisme.cat\\\/cultura-i-patrimoni\\\/museus-i-museitzacions\\\/#primaryimage\",\"url\":\"https:\\\/\\\/2025.anoiaturisme.cat\\\/wp-content\\\/uploads\\\/2017\\\/04\\\/Capellades-1.jpg\",\"contentUrl\":\"https:\\\/\\\/2025.anoiaturisme.cat\\\/wp-content\\\/uploads\\\/2017\\\/04\\\/Capellades-1.jpg\",\"width\":1000,\"height\":500,\"caption\":\"http:\\\/\\\/anoiaturisme.test\\\/en\\\/cat\\\/museus-i-colleccions-es-en\\\/\"},{\"@type\":\"BreadcrumbList\",\"@id\":\"https:\\\/\\\/2025.anoiaturisme.cat\\\/cultura-i-patrimoni\\\/museus-i-museitzacions\\\/#breadcrumb\",\"itemListElement\":[{\"@type\":\"ListItem\",\"position\":1,\"name\":\"Inici\",\"item\":\"https:\\\/\\\/2025.anoiaturisme.cat\\\/\"},{\"@type\":\"ListItem\",\"position\":2,\"name\":\"Cultura i patrimoni\",\"item\":\"https:\\\/\\\/2025.anoiaturisme.cat\\\/cultura-i-patrimoni\\\/\"},{\"@type\":\"ListItem\",\"position\":3,\"name\":\"Museus i muse\u00eftzacions\"}]},{\"@type\":\"WebSite\",\"@id\":\"https:\\\/\\\/2025.anoiaturisme.cat\\\/#website\",\"url\":\"https:\\\/\\\/2025.anoiaturisme.cat\\\/\",\"name\":\"Anoia Turisme\",\"description\":\"Anoia Turisme\",\"potentialAction\":[{\"@type\":\"SearchAction\",\"target\":{\"@type\":\"EntryPoint\",\"urlTemplate\":\"https:\\\/\\\/2025.anoiaturisme.cat\\\/?s={search_term_string}\"},\"query-input\":{\"@type\":\"PropertyValueSpecification\",\"valueRequired\":true,\"valueName\":\"search_term_string\"}}],\"inLanguage\":\"es\"}]}<\/script>\n<!-- \/ Yoast SEO plugin. -->","yoast_head_json":{"title":"Museus i muse\u00eftzacions - Anoia Turisme","robots":{"index":"noindex","follow":"follow","max-snippet":"max-snippet:-1","max-image-preview":"max-image-preview:large","max-video-preview":"max-video-preview:-1"},"og_locale":"es_ES","og_type":"article","og_title":"Museus i muse\u00eftzacions - Anoia Turisme","og_description":"L'Anoia: El viatge m\u00e9s curt entre la prehist\u00f2ria i la ind\u00fastria","og_url":"https:\/\/2025.anoiaturisme.cat\/es\/cultura-i-patrimoni\/museus-i-museitzacions\/","og_site_name":"Anoia Turisme","article_modified_time":"2026-03-30T10:53:17+00:00","og_image":[{"width":1000,"height":500,"url":"https:\/\/2025.anoiaturisme.cat\/wp-content\/uploads\/2017\/04\/Capellades-1.jpg","type":"image\/jpeg"}],"twitter_card":"summary_large_image","schema":{"@context":"https:\/\/schema.org","@graph":[{"@type":"WebPage","@id":"https:\/\/2025.anoiaturisme.cat\/cultura-i-patrimoni\/museus-i-museitzacions\/","url":"https:\/\/2025.anoiaturisme.cat\/cultura-i-patrimoni\/museus-i-museitzacions\/","name":"Museus i muse\u00eftzacions - Anoia Turisme","isPartOf":{"@id":"https:\/\/2025.anoiaturisme.cat\/#website"},"primaryImageOfPage":{"@id":"https:\/\/2025.anoiaturisme.cat\/cultura-i-patrimoni\/museus-i-museitzacions\/#primaryimage"},"image":{"@id":"https:\/\/2025.anoiaturisme.cat\/cultura-i-patrimoni\/museus-i-museitzacions\/#primaryimage"},"thumbnailUrl":"https:\/\/2025.anoiaturisme.cat\/wp-content\/uploads\/2017\/04\/Capellades-1.jpg","datePublished":"2026-01-05T13:13:42+00:00","dateModified":"2026-03-30T10:53:17+00:00","breadcrumb":{"@id":"https:\/\/2025.anoiaturisme.cat\/cultura-i-patrimoni\/museus-i-museitzacions\/#breadcrumb"},"inLanguage":"es","potentialAction":[{"@type":"ReadAction","target":["https:\/\/2025.anoiaturisme.cat\/cultura-i-patrimoni\/museus-i-museitzacions\/"]}]},{"@type":"ImageObject","inLanguage":"es","@id":"https:\/\/2025.anoiaturisme.cat\/cultura-i-patrimoni\/museus-i-museitzacions\/#primaryimage","url":"https:\/\/2025.anoiaturisme.cat\/wp-content\/uploads\/2017\/04\/Capellades-1.jpg","contentUrl":"https:\/\/2025.anoiaturisme.cat\/wp-content\/uploads\/2017\/04\/Capellades-1.jpg","width":1000,"height":500,"caption":"http:\/\/anoiaturisme.test\/en\/cat\/museus-i-colleccions-es-en\/"},{"@type":"BreadcrumbList","@id":"https:\/\/2025.anoiaturisme.cat\/cultura-i-patrimoni\/museus-i-museitzacions\/#breadcrumb","itemListElement":[{"@type":"ListItem","position":1,"name":"Inici","item":"https:\/\/2025.anoiaturisme.cat\/"},{"@type":"ListItem","position":2,"name":"Cultura i patrimoni","item":"https:\/\/2025.anoiaturisme.cat\/cultura-i-patrimoni\/"},{"@type":"ListItem","position":3,"name":"Museus i muse\u00eftzacions"}]},{"@type":"WebSite","@id":"https:\/\/2025.anoiaturisme.cat\/#website","url":"https:\/\/2025.anoiaturisme.cat\/","name":"Anoia Turisme","description":"Anoia Turisme","potentialAction":[{"@type":"SearchAction","target":{"@type":"EntryPoint","urlTemplate":"https:\/\/2025.anoiaturisme.cat\/?s={search_term_string}"},"query-input":{"@type":"PropertyValueSpecification","valueRequired":true,"valueName":"search_term_string"}}],"inLanguage":"es"}]}},"_links":{"self":[{"href":"https:\/\/2025.anoiaturisme.cat\/es\/wp-json\/wp\/v2\/pages\/256677","targetHints":{"allow":["GET"]}}],"collection":[{"href":"https:\/\/2025.anoiaturisme.cat\/es\/wp-json\/wp\/v2\/pages"}],"about":[{"href":"https:\/\/2025.anoiaturisme.cat\/es\/wp-json\/wp\/v2\/types\/page"}],"author":[{"embeddable":true,"href":"https:\/\/2025.anoiaturisme.cat\/es\/wp-json\/wp\/v2\/users\/1"}],"replies":[{"embeddable":true,"href":"https:\/\/2025.anoiaturisme.cat\/es\/wp-json\/wp\/v2\/comments?post=256677"}],"version-history":[{"count":22,"href":"https:\/\/2025.anoiaturisme.cat\/es\/wp-json\/wp\/v2\/pages\/256677\/revisions"}],"predecessor-version":[{"id":258852,"href":"https:\/\/2025.anoiaturisme.cat\/es\/wp-json\/wp\/v2\/pages\/256677\/revisions\/258852"}],"up":[{"embeddable":true,"href":"https:\/\/2025.anoiaturisme.cat\/es\/wp-json\/wp\/v2\/pages\/256973"}],"wp:featuredmedia":[{"embeddable":true,"href":"https:\/\/2025.anoiaturisme.cat\/es\/wp-json\/wp\/v2\/media\/248771"}],"wp:attachment":[{"href":"https:\/\/2025.anoiaturisme.cat\/es\/wp-json\/wp\/v2\/media?parent=256677"}],"wp:term":[{"taxonomy":"temes","embeddable":true,"href":"https:\/\/2025.anoiaturisme.cat\/es\/wp-json\/wp\/v2\/temes?post=256677"}],"curies":[{"name":"wp","href":"https:\/\/api.w.org\/{rel}","templated":true}]}}