{"id":256679,"date":"2026-01-23T14:14:02","date_gmt":"2026-01-23T13:14:02","guid":{"rendered":"https:\/\/2025.anoiaturisme.cat\/?page_id=256679"},"modified":"2026-03-27T16:10:43","modified_gmt":"2026-03-27T15:10:43","slug":"aigua","status":"publish","type":"page","link":"https:\/\/2025.anoiaturisme.cat\/es\/natura\/aigua\/","title":{"rendered":"Aigua"},"content":{"rendered":"<p>[et_pb_section fb_built=&#8221;1&#8243; _builder_version=&#8221;4.27.5&#8243; _module_preset=&#8221;dcf0a39c-8539-4ca4-a1a0-fd0ec90310b7&#8243; global_colors_info=&#8221;{}&#8221;][et_pb_row column_structure=&#8221;1_2,1_2&#8243; _builder_version=&#8221;4.27.5&#8243; _module_preset=&#8221;default&#8221; locked=&#8221;off&#8221; global_colors_info=&#8221;{}&#8221;][et_pb_column type=&#8221;1_2&#8243; _builder_version=&#8221;4.27.5&#8243; _module_preset=&#8221;default&#8221; global_colors_info=&#8221;{}&#8221;][et_pb_text _builder_version=&#8221;4.27.5&#8243; _module_preset=&#8221;default&#8221; hover_enabled=&#8221;0&#8243; global_colors_info=&#8221;{}&#8221; sticky_enabled=&#8221;0&#8243;]<\/p>\n<h4>Des dels salts i gorgs de la riera de Carme, fins als tolls amagats de la Fou de Tous, passant pels salts a Cabrera d\u2019Anoia o la calma del Gorg del Nafre a Copons, cada rac\u00f3 convida a descobrir, respirar i desconnectar.<\/h4>\n<p>[\/et_pb_text][\/et_pb_column][et_pb_column type=&#8221;1_2&#8243; _builder_version=&#8221;4.27.5&#8243; _module_preset=&#8221;default&#8221; global_colors_info=&#8221;{}&#8221;][et_pb_text _builder_version=&#8221;4.27.5&#8243; _module_preset=&#8221;default&#8221; custom_padding=&#8221;||0px|||&#8221; global_colors_info=&#8221;{}&#8221;]<\/p>\n<p>L\u2019Anoia \u00e9s una comarca que sempre ha viscut al voltant de l\u2019aigua, seguint el curs del riu Anoia.<\/p>\n<p>A la comarca de l\u2019Anoia tenim 4 zones molt refrescants on es troben saltants i gorgs d\u2019aigua.<\/p>\n<p>La riera de Carme,\u00a0 coneguda pels seus amplis salts i gorgs d\u2019aigua que permeten refrescar-te en un entorn m\u00e0gic i privilegiat.<\/p>\n<p>La Fou de Tou que en el seu recorregut transcorre per a una s\u00e8rie de tolls i rierols que tots junts formen un paratge humit en mig d\u2019una poblaci\u00f3 de sec\u00e0 com \u00e9s Tous.<\/p>\n<p>La Ruta dels Salts d\u2019Aigua de Cabrera d\u2019Anoia on en un espai molt redu\u00eft es poden trobar dins a 4 salts d\u2019aigua de gran bellesa.<\/p>\n<p>El Gorg del Nafre al costat del nucli de Copons.<\/p>\n<p>A m\u00e9s a m\u00e9s, podem\u00a0 gaudir del riu, els seus diferents rierols i de les moltes fonts repartides al llarg del territori.<\/p>\n<p>Us convideu a seguir el so de l\u2019aigua i gaudir de la comarca.<\/p>\n<p>[\/et_pb_text][\/et_pb_column][\/et_pb_row][\/et_pb_section][et_pb_section fb_built=&#8221;1&#8243; _builder_version=&#8221;4.27.5&#8243; _module_preset=&#8221;default&#8221; custom_padding=&#8221;29px|||||&#8221; global_colors_info=&#8221;{}&#8221;][et_pb_row _builder_version=&#8221;4.27.5&#8243; _module_preset=&#8221;default&#8221; global_colors_info=&#8221;{}&#8221;][et_pb_column type=&#8221;4_4&#8243; _builder_version=&#8221;4.27.5&#8243; _module_preset=&#8221;default&#8221; global_colors_info=&#8221;{}&#8221;][ad3_pagina_continguts_relacionats _builder_version=&#8221;4.27.5&#8243; _module_preset=&#8221;default&#8221; global_colors_info=&#8221;{}&#8221;][\/ad3_pagina_continguts_relacionats][ad3_galeria_imatges _builder_version=&#8221;4.27.5&#8243; _module_preset=&#8221;default&#8221; global_colors_info=&#8221;{}&#8221;][\/ad3_galeria_imatges][\/et_pb_column][\/et_pb_row][\/et_pb_section]<\/p>\n","protected":false},"excerpt":{"rendered":"<p>L\u2019Anoia es desperta humida, viva, i ens convida a sortir de casa, cal\u00e7ar-nos les botes i anar a fer el que fa segles que fem: seguir el so de l\u2019aigua. El riu Anoia, rieres, saltants, gorgs,&#8230; Tot un repertori natural d\u2019aigua que no deixar\u00e0 indiferent a ning\u00fa.<\/p>","protected":false},"author":1,"featured_media":252571,"parent":256968,"menu_order":0,"comment_status":"closed","ping_status":"closed","template":"","meta":{"_acf_changed":false,"_et_pb_use_builder":"on","_et_pb_old_content":"","_et_gb_content_width":"","inline_featured_image":false,"footnotes":""},"temes":[],"class_list":["post-256679","page","type-page","status-publish","has-post-thumbnail","hentry"],"acf":[],"yoast_head":"<!-- This site is optimized with the Yoast SEO plugin v27.3 - https:\/\/yoast.com\/product\/yoast-seo-wordpress\/ -->\n<title>Aigua - Anoia Turisme<\/title>\n<meta name=\"robots\" content=\"noindex, follow, max-snippet:-1, max-image-preview:large, max-video-preview:-1\" \/>\n<meta property=\"og:locale\" content=\"es_ES\" \/>\n<meta property=\"og:type\" content=\"article\" \/>\n<meta property=\"og:title\" content=\"Aigua - Anoia Turisme\" \/>\n<meta property=\"og:description\" content=\"L\u2019Anoia es desperta humida, viva, i ens convida a sortir de casa, cal\u00e7ar-nos les botes i anar a fer el que fa segles que fem: seguir el so de l\u2019aigua. El riu Anoia, rieres, saltants, gorgs,... Tot un repertori natural d\u2019aigua que no deixar\u00e0 indiferent a ning\u00fa.\" \/>\n<meta property=\"og:url\" content=\"https:\/\/2025.anoiaturisme.cat\/es\/natura\/aigua\/\" \/>\n<meta property=\"og:site_name\" content=\"Anoia Turisme\" \/>\n<meta property=\"article:modified_time\" content=\"2026-03-27T15:10:43+00:00\" \/>\n<meta property=\"og:image\" content=\"https:\/\/2025.anoiaturisme.cat\/wp-content\/uploads\/2025\/04\/aigua-anoia-4-1.png\" \/>\n\t<meta property=\"og:image:width\" content=\"1200\" \/>\n\t<meta property=\"og:image:height\" content=\"600\" \/>\n\t<meta property=\"og:image:type\" content=\"image\/png\" \/>\n<meta name=\"twitter:card\" content=\"summary_large_image\" \/>\n<script type=\"application\/ld+json\" class=\"yoast-schema-graph\">{\"@context\":\"https:\\\/\\\/schema.org\",\"@graph\":[{\"@type\":\"WebPage\",\"@id\":\"https:\\\/\\\/2025.anoiaturisme.cat\\\/natura\\\/aigua\\\/\",\"url\":\"https:\\\/\\\/2025.anoiaturisme.cat\\\/natura\\\/aigua\\\/\",\"name\":\"Aigua - Anoia Turisme\",\"isPartOf\":{\"@id\":\"https:\\\/\\\/2025.anoiaturisme.cat\\\/#website\"},\"primaryImageOfPage\":{\"@id\":\"https:\\\/\\\/2025.anoiaturisme.cat\\\/natura\\\/aigua\\\/#primaryimage\"},\"image\":{\"@id\":\"https:\\\/\\\/2025.anoiaturisme.cat\\\/natura\\\/aigua\\\/#primaryimage\"},\"thumbnailUrl\":\"https:\\\/\\\/2025.anoiaturisme.cat\\\/wp-content\\\/uploads\\\/2025\\\/04\\\/aigua-anoia-4-1.png\",\"datePublished\":\"2026-01-23T13:14:02+00:00\",\"dateModified\":\"2026-03-27T15:10:43+00:00\",\"breadcrumb\":{\"@id\":\"https:\\\/\\\/2025.anoiaturisme.cat\\\/natura\\\/aigua\\\/#breadcrumb\"},\"inLanguage\":\"es\",\"potentialAction\":[{\"@type\":\"ReadAction\",\"target\":[\"https:\\\/\\\/2025.anoiaturisme.cat\\\/natura\\\/aigua\\\/\"]}]},{\"@type\":\"ImageObject\",\"inLanguage\":\"es\",\"@id\":\"https:\\\/\\\/2025.anoiaturisme.cat\\\/natura\\\/aigua\\\/#primaryimage\",\"url\":\"https:\\\/\\\/2025.anoiaturisme.cat\\\/wp-content\\\/uploads\\\/2025\\\/04\\\/aigua-anoia-4-1.png\",\"contentUrl\":\"https:\\\/\\\/2025.anoiaturisme.cat\\\/wp-content\\\/uploads\\\/2025\\\/04\\\/aigua-anoia-4-1.png\",\"width\":1200,\"height\":600},{\"@type\":\"BreadcrumbList\",\"@id\":\"https:\\\/\\\/2025.anoiaturisme.cat\\\/natura\\\/aigua\\\/#breadcrumb\",\"itemListElement\":[{\"@type\":\"ListItem\",\"position\":1,\"name\":\"Inici\",\"item\":\"https:\\\/\\\/2025.anoiaturisme.cat\\\/\"},{\"@type\":\"ListItem\",\"position\":2,\"name\":\"Natura\",\"item\":\"https:\\\/\\\/2025.anoiaturisme.cat\\\/natura\\\/\"},{\"@type\":\"ListItem\",\"position\":3,\"name\":\"Aigua\"}]},{\"@type\":\"WebSite\",\"@id\":\"https:\\\/\\\/2025.anoiaturisme.cat\\\/#website\",\"url\":\"https:\\\/\\\/2025.anoiaturisme.cat\\\/\",\"name\":\"Anoia Turisme\",\"description\":\"Anoia Turisme\",\"potentialAction\":[{\"@type\":\"SearchAction\",\"target\":{\"@type\":\"EntryPoint\",\"urlTemplate\":\"https:\\\/\\\/2025.anoiaturisme.cat\\\/?s={search_term_string}\"},\"query-input\":{\"@type\":\"PropertyValueSpecification\",\"valueRequired\":true,\"valueName\":\"search_term_string\"}}],\"inLanguage\":\"es\"}]}<\/script>\n<!-- \/ Yoast SEO plugin. -->","yoast_head_json":{"title":"Aigua - Anoia Turisme","robots":{"index":"noindex","follow":"follow","max-snippet":"max-snippet:-1","max-image-preview":"max-image-preview:large","max-video-preview":"max-video-preview:-1"},"og_locale":"es_ES","og_type":"article","og_title":"Aigua - Anoia Turisme","og_description":"L\u2019Anoia es desperta humida, viva, i ens convida a sortir de casa, cal\u00e7ar-nos les botes i anar a fer el que fa segles que fem: seguir el so de l\u2019aigua. El riu Anoia, rieres, saltants, gorgs,... Tot un repertori natural d\u2019aigua que no deixar\u00e0 indiferent a ning\u00fa.","og_url":"https:\/\/2025.anoiaturisme.cat\/es\/natura\/aigua\/","og_site_name":"Anoia Turisme","article_modified_time":"2026-03-27T15:10:43+00:00","og_image":[{"width":1200,"height":600,"url":"https:\/\/2025.anoiaturisme.cat\/wp-content\/uploads\/2025\/04\/aigua-anoia-4-1.png","type":"image\/png"}],"twitter_card":"summary_large_image","schema":{"@context":"https:\/\/schema.org","@graph":[{"@type":"WebPage","@id":"https:\/\/2025.anoiaturisme.cat\/natura\/aigua\/","url":"https:\/\/2025.anoiaturisme.cat\/natura\/aigua\/","name":"Aigua - Anoia Turisme","isPartOf":{"@id":"https:\/\/2025.anoiaturisme.cat\/#website"},"primaryImageOfPage":{"@id":"https:\/\/2025.anoiaturisme.cat\/natura\/aigua\/#primaryimage"},"image":{"@id":"https:\/\/2025.anoiaturisme.cat\/natura\/aigua\/#primaryimage"},"thumbnailUrl":"https:\/\/2025.anoiaturisme.cat\/wp-content\/uploads\/2025\/04\/aigua-anoia-4-1.png","datePublished":"2026-01-23T13:14:02+00:00","dateModified":"2026-03-27T15:10:43+00:00","breadcrumb":{"@id":"https:\/\/2025.anoiaturisme.cat\/natura\/aigua\/#breadcrumb"},"inLanguage":"es","potentialAction":[{"@type":"ReadAction","target":["https:\/\/2025.anoiaturisme.cat\/natura\/aigua\/"]}]},{"@type":"ImageObject","inLanguage":"es","@id":"https:\/\/2025.anoiaturisme.cat\/natura\/aigua\/#primaryimage","url":"https:\/\/2025.anoiaturisme.cat\/wp-content\/uploads\/2025\/04\/aigua-anoia-4-1.png","contentUrl":"https:\/\/2025.anoiaturisme.cat\/wp-content\/uploads\/2025\/04\/aigua-anoia-4-1.png","width":1200,"height":600},{"@type":"BreadcrumbList","@id":"https:\/\/2025.anoiaturisme.cat\/natura\/aigua\/#breadcrumb","itemListElement":[{"@type":"ListItem","position":1,"name":"Inici","item":"https:\/\/2025.anoiaturisme.cat\/"},{"@type":"ListItem","position":2,"name":"Natura","item":"https:\/\/2025.anoiaturisme.cat\/natura\/"},{"@type":"ListItem","position":3,"name":"Aigua"}]},{"@type":"WebSite","@id":"https:\/\/2025.anoiaturisme.cat\/#website","url":"https:\/\/2025.anoiaturisme.cat\/","name":"Anoia Turisme","description":"Anoia Turisme","potentialAction":[{"@type":"SearchAction","target":{"@type":"EntryPoint","urlTemplate":"https:\/\/2025.anoiaturisme.cat\/?s={search_term_string}"},"query-input":{"@type":"PropertyValueSpecification","valueRequired":true,"valueName":"search_term_string"}}],"inLanguage":"es"}]}},"_links":{"self":[{"href":"https:\/\/2025.anoiaturisme.cat\/es\/wp-json\/wp\/v2\/pages\/256679","targetHints":{"allow":["GET"]}}],"collection":[{"href":"https:\/\/2025.anoiaturisme.cat\/es\/wp-json\/wp\/v2\/pages"}],"about":[{"href":"https:\/\/2025.anoiaturisme.cat\/es\/wp-json\/wp\/v2\/types\/page"}],"author":[{"embeddable":true,"href":"https:\/\/2025.anoiaturisme.cat\/es\/wp-json\/wp\/v2\/users\/1"}],"replies":[{"embeddable":true,"href":"https:\/\/2025.anoiaturisme.cat\/es\/wp-json\/wp\/v2\/comments?post=256679"}],"version-history":[{"count":20,"href":"https:\/\/2025.anoiaturisme.cat\/es\/wp-json\/wp\/v2\/pages\/256679\/revisions"}],"predecessor-version":[{"id":258793,"href":"https:\/\/2025.anoiaturisme.cat\/es\/wp-json\/wp\/v2\/pages\/256679\/revisions\/258793"}],"up":[{"embeddable":true,"href":"https:\/\/2025.anoiaturisme.cat\/es\/wp-json\/wp\/v2\/pages\/256968"}],"wp:featuredmedia":[{"embeddable":true,"href":"https:\/\/2025.anoiaturisme.cat\/es\/wp-json\/wp\/v2\/media\/252571"}],"wp:attachment":[{"href":"https:\/\/2025.anoiaturisme.cat\/es\/wp-json\/wp\/v2\/media?parent=256679"}],"wp:term":[{"taxonomy":"temes","embeddable":true,"href":"https:\/\/2025.anoiaturisme.cat\/es\/wp-json\/wp\/v2\/temes?post=256679"}],"curies":[{"name":"wp","href":"https:\/\/api.w.org\/{rel}","templated":true}]}}