{"id":256681,"date":"2026-01-10T14:27:44","date_gmt":"2026-01-10T13:27:44","guid":{"rendered":"https:\/\/2025.anoiaturisme.cat\/?page_id=256681"},"modified":"2026-03-23T09:50:05","modified_gmt":"2026-03-23T08:50:05","slug":"patrimoni-arquitectonic","status":"publish","type":"page","link":"https:\/\/2025.anoiaturisme.cat\/es\/cultura-i-patrimoni\/patrimoni-arquitectonic\/","title":{"rendered":"Patrimoni arquitect\u00f2nic"},"content":{"rendered":"<p>[et_pb_section fb_built=&#8221;1&#8243; _builder_version=&#8221;4.27.5&#8243; _module_preset=&#8221;dcf0a39c-8539-4ca4-a1a0-fd0ec90310b7&#8243; hover_enabled=&#8221;0&#8243; global_colors_info=&#8221;{}&#8221; sticky_enabled=&#8221;0&#8243;][et_pb_row column_structure=&#8221;2_5,3_5&#8243; _builder_version=&#8221;4.27.5&#8243; _module_preset=&#8221;default&#8221; locked=&#8221;off&#8221; global_colors_info=&#8221;{}&#8221;][et_pb_column type=&#8221;2_5&#8243; _builder_version=&#8221;4.27.5&#8243; _module_preset=&#8221;default&#8221; global_colors_info=&#8221;{}&#8221;][et_pb_text _builder_version=&#8221;4.27.5&#8243; _module_preset=&#8221;default&#8221; global_colors_info=&#8221;{}&#8221;]<\/p>\n<h2>Descobreix l&#8217;arquitectura de l&#8217;Anoia.<\/h2>\n<p>[\/et_pb_text][\/et_pb_column][et_pb_column type=&#8221;3_5&#8243; _builder_version=&#8221;4.27.5&#8243; _module_preset=&#8221;default&#8221; global_colors_info=&#8221;{}&#8221;][et_pb_text _builder_version=&#8221;4.27.5&#8243; _module_preset=&#8221;default&#8221; global_colors_info=&#8221;{}&#8221;]<\/p>\n<p>L\u2019arquitectura de l\u2019Anoia \u00e9s el reflex d&#8217;una terra de pas i d\u2019ind\u00fastria. De les pedres mil\u00b7len\u00e0ries dels nostres castells a les fa\u00e7anes modernistes de principis de segle XX. Explora el patrimoni arquitect\u00f2nic de l\u2019Anoia: un mosaic d\u2019estils que narra l&#8217;evoluci\u00f3 d&#8217;una comarca amb car\u00e0cter, hist\u00f2ria i una identitat visual inconfusible<\/p>\n<p>[\/et_pb_text][\/et_pb_column][\/et_pb_row][\/et_pb_section][et_pb_section fb_built=&#8221;1&#8243; _builder_version=&#8221;4.27.5&#8243; _module_preset=&#8221;default&#8221; custom_padding=&#8221;6px|||||&#8221; global_colors_info=&#8221;{}&#8221;][et_pb_row _builder_version=&#8221;4.27.5&#8243; _module_preset=&#8221;default&#8221; global_colors_info=&#8221;{}&#8221;][et_pb_column type=&#8221;4_4&#8243; _builder_version=&#8221;4.27.5&#8243; _module_preset=&#8221;default&#8221; global_colors_info=&#8221;{}&#8221;][et_pb_text _builder_version=&#8221;4.27.5&#8243; _module_preset=&#8221;default&#8221; global_colors_info=&#8221;{}&#8221;]<\/p>\n<h3>Modernisme i barroc<\/h3>\n<p>[\/et_pb_text][ad3_pagina_continguts_relacionats relationship_source=&#8221;secondary_0&#8243; presentation=&#8221;card_titol_sobre_imatge_gran&#8221; columns=&#8221;4&#8243; _builder_version=&#8221;4.27.5&#8243; _module_preset=&#8221;default&#8221; global_colors_info=&#8221;{}&#8221;][\/ad3_pagina_continguts_relacionats][\/et_pb_column][\/et_pb_row][et_pb_row _builder_version=&#8221;4.27.5&#8243; _module_preset=&#8221;default&#8221; global_colors_info=&#8221;{}&#8221;][et_pb_column type=&#8221;4_4&#8243; _builder_version=&#8221;4.27.5&#8243; _module_preset=&#8221;default&#8221; global_colors_info=&#8221;{}&#8221;][et_pb_text _builder_version=&#8221;4.27.5&#8243; _module_preset=&#8221;default&#8221; global_colors_info=&#8221;{}&#8221;]<\/p>\n<h3>Arquitectura industrial<\/h3>\n<p>[\/et_pb_text][ad3_pagina_continguts_relacionats relationship_source=&#8221;secondary_1&#8243; presentation=&#8221;card_titol_sobre_imatge_gran&#8221; columns=&#8221;5&#8243; _builder_version=&#8221;4.27.5&#8243; _module_preset=&#8221;default&#8221; global_colors_info=&#8221;{}&#8221;][\/ad3_pagina_continguts_relacionats][\/et_pb_column][\/et_pb_row][et_pb_row _builder_version=&#8221;4.27.5&#8243; _module_preset=&#8221;default&#8221; global_colors_info=&#8221;{}&#8221;][et_pb_column type=&#8221;4_4&#8243; _builder_version=&#8221;4.27.5&#8243; _module_preset=&#8221;default&#8221; global_colors_info=&#8221;{}&#8221;][et_pb_text _builder_version=&#8221;4.27.5&#8243; _module_preset=&#8221;default&#8221; global_colors_info=&#8221;{}&#8221;]<\/p>\n<h3>Arquitectura contempor\u00e0nia<\/h3>\n<p>[\/et_pb_text][ad3_pagina_continguts_relacionats relationship_source=&#8221;secondary_2&#8243; presentation=&#8221;card_titol_sobre_imatge_gran&#8221; columns=&#8221;4&#8243; _builder_version=&#8221;4.27.5&#8243; _module_preset=&#8221;default&#8221; global_colors_info=&#8221;{}&#8221;][\/ad3_pagina_continguts_relacionats][\/et_pb_column][\/et_pb_row][et_pb_row _builder_version=&#8221;4.27.5&#8243; _module_preset=&#8221;default&#8221; global_colors_info=&#8221;{}&#8221;][et_pb_column type=&#8221;4_4&#8243; _builder_version=&#8221;4.27.5&#8243; _module_preset=&#8221;default&#8221; global_colors_info=&#8221;{}&#8221;][et_pb_text _builder_version=&#8221;4.27.5&#8243; _module_preset=&#8221;default&#8221; global_colors_info=&#8221;{}&#8221;]<\/p>\n<h3>Places porxades<\/h3>\n<p>[\/et_pb_text][ad3_pagina_continguts_relacionats relationship_source=&#8221;secondary_3&#8243; presentation=&#8221;card_titol_sobre_imatge_gran&#8221; _builder_version=&#8221;4.27.5&#8243; _module_preset=&#8221;default&#8221; global_colors_info=&#8221;{}&#8221;][\/ad3_pagina_continguts_relacionats][\/et_pb_column][\/et_pb_row][\/et_pb_section]<\/p>\n","protected":false},"excerpt":{"rendered":"<p>Mil anys d\u2019hist\u00f2ria esculpits en pedra<\/p>","protected":false},"author":1,"featured_media":246778,"parent":256973,"menu_order":0,"comment_status":"closed","ping_status":"closed","template":"","meta":{"_acf_changed":false,"_et_pb_use_builder":"on","_et_pb_old_content":"<!-- wp:divi\/placeholder \/-->","_et_gb_content_width":"","inline_featured_image":false,"footnotes":""},"temes":[],"class_list":["post-256681","page","type-page","status-publish","has-post-thumbnail","hentry"],"acf":[],"yoast_head":"<!-- This site is optimized with the Yoast SEO plugin v27.3 - https:\/\/yoast.com\/product\/yoast-seo-wordpress\/ -->\n<title>Patrimoni arquitect\u00f2nic - Anoia Turisme<\/title>\n<meta name=\"robots\" content=\"noindex, follow, max-snippet:-1, max-image-preview:large, max-video-preview:-1\" \/>\n<meta property=\"og:locale\" content=\"es_ES\" \/>\n<meta property=\"og:type\" content=\"article\" \/>\n<meta property=\"og:title\" content=\"Patrimoni arquitect\u00f2nic - Anoia Turisme\" \/>\n<meta property=\"og:description\" content=\"Mil anys d\u2019hist\u00f2ria esculpits en pedra\" \/>\n<meta property=\"og:url\" content=\"https:\/\/2025.anoiaturisme.cat\/es\/cultura-i-patrimoni\/patrimoni-arquitectonic\/\" \/>\n<meta property=\"og:site_name\" content=\"Anoia Turisme\" \/>\n<meta property=\"article:modified_time\" content=\"2026-03-23T08:50:05+00:00\" \/>\n<meta property=\"og:image\" content=\"https:\/\/2025.anoiaturisme.cat\/wp-content\/uploads\/2014\/07\/Cementiri.jpg\" \/>\n\t<meta property=\"og:image:width\" content=\"1000\" \/>\n\t<meta property=\"og:image:height\" content=\"1000\" \/>\n\t<meta property=\"og:image:type\" content=\"image\/jpeg\" \/>\n<meta name=\"twitter:card\" content=\"summary_large_image\" \/>\n<script type=\"application\/ld+json\" class=\"yoast-schema-graph\">{\"@context\":\"https:\\\/\\\/schema.org\",\"@graph\":[{\"@type\":\"WebPage\",\"@id\":\"https:\\\/\\\/2025.anoiaturisme.cat\\\/cultura-i-patrimoni\\\/patrimoni-arquitectonic\\\/\",\"url\":\"https:\\\/\\\/2025.anoiaturisme.cat\\\/cultura-i-patrimoni\\\/patrimoni-arquitectonic\\\/\",\"name\":\"Patrimoni arquitect\u00f2nic - Anoia Turisme\",\"isPartOf\":{\"@id\":\"https:\\\/\\\/2025.anoiaturisme.cat\\\/#website\"},\"primaryImageOfPage\":{\"@id\":\"https:\\\/\\\/2025.anoiaturisme.cat\\\/cultura-i-patrimoni\\\/patrimoni-arquitectonic\\\/#primaryimage\"},\"image\":{\"@id\":\"https:\\\/\\\/2025.anoiaturisme.cat\\\/cultura-i-patrimoni\\\/patrimoni-arquitectonic\\\/#primaryimage\"},\"thumbnailUrl\":\"https:\\\/\\\/2025.anoiaturisme.cat\\\/wp-content\\\/uploads\\\/2014\\\/07\\\/Cementiri.jpg\",\"datePublished\":\"2026-01-10T13:27:44+00:00\",\"dateModified\":\"2026-03-23T08:50:05+00:00\",\"breadcrumb\":{\"@id\":\"https:\\\/\\\/2025.anoiaturisme.cat\\\/cultura-i-patrimoni\\\/patrimoni-arquitectonic\\\/#breadcrumb\"},\"inLanguage\":\"es\",\"potentialAction\":[{\"@type\":\"ReadAction\",\"target\":[\"https:\\\/\\\/2025.anoiaturisme.cat\\\/cultura-i-patrimoni\\\/patrimoni-arquitectonic\\\/\"]}]},{\"@type\":\"ImageObject\",\"inLanguage\":\"es\",\"@id\":\"https:\\\/\\\/2025.anoiaturisme.cat\\\/cultura-i-patrimoni\\\/patrimoni-arquitectonic\\\/#primaryimage\",\"url\":\"https:\\\/\\\/2025.anoiaturisme.cat\\\/wp-content\\\/uploads\\\/2014\\\/07\\\/Cementiri.jpg\",\"contentUrl\":\"https:\\\/\\\/2025.anoiaturisme.cat\\\/wp-content\\\/uploads\\\/2014\\\/07\\\/Cementiri.jpg\",\"width\":1000,\"height\":1000,\"caption\":\"http:\\\/\\\/anoiaturisme.test\\\/anoia\\\/visites-al-parc-del-cementiri-nou-digualada\\\/\"},{\"@type\":\"BreadcrumbList\",\"@id\":\"https:\\\/\\\/2025.anoiaturisme.cat\\\/cultura-i-patrimoni\\\/patrimoni-arquitectonic\\\/#breadcrumb\",\"itemListElement\":[{\"@type\":\"ListItem\",\"position\":1,\"name\":\"Inici\",\"item\":\"https:\\\/\\\/2025.anoiaturisme.cat\\\/\"},{\"@type\":\"ListItem\",\"position\":2,\"name\":\"Cultura i patrimoni\",\"item\":\"https:\\\/\\\/2025.anoiaturisme.cat\\\/cultura-i-patrimoni\\\/\"},{\"@type\":\"ListItem\",\"position\":3,\"name\":\"Patrimoni arquitect\u00f2nic\"}]},{\"@type\":\"WebSite\",\"@id\":\"https:\\\/\\\/2025.anoiaturisme.cat\\\/#website\",\"url\":\"https:\\\/\\\/2025.anoiaturisme.cat\\\/\",\"name\":\"Anoia Turisme\",\"description\":\"Anoia Turisme\",\"potentialAction\":[{\"@type\":\"SearchAction\",\"target\":{\"@type\":\"EntryPoint\",\"urlTemplate\":\"https:\\\/\\\/2025.anoiaturisme.cat\\\/?s={search_term_string}\"},\"query-input\":{\"@type\":\"PropertyValueSpecification\",\"valueRequired\":true,\"valueName\":\"search_term_string\"}}],\"inLanguage\":\"es\"}]}<\/script>\n<!-- \/ Yoast SEO plugin. -->","yoast_head_json":{"title":"Patrimoni arquitect\u00f2nic - Anoia Turisme","robots":{"index":"noindex","follow":"follow","max-snippet":"max-snippet:-1","max-image-preview":"max-image-preview:large","max-video-preview":"max-video-preview:-1"},"og_locale":"es_ES","og_type":"article","og_title":"Patrimoni arquitect\u00f2nic - Anoia Turisme","og_description":"Mil anys d\u2019hist\u00f2ria esculpits en pedra","og_url":"https:\/\/2025.anoiaturisme.cat\/es\/cultura-i-patrimoni\/patrimoni-arquitectonic\/","og_site_name":"Anoia Turisme","article_modified_time":"2026-03-23T08:50:05+00:00","og_image":[{"width":1000,"height":1000,"url":"https:\/\/2025.anoiaturisme.cat\/wp-content\/uploads\/2014\/07\/Cementiri.jpg","type":"image\/jpeg"}],"twitter_card":"summary_large_image","schema":{"@context":"https:\/\/schema.org","@graph":[{"@type":"WebPage","@id":"https:\/\/2025.anoiaturisme.cat\/cultura-i-patrimoni\/patrimoni-arquitectonic\/","url":"https:\/\/2025.anoiaturisme.cat\/cultura-i-patrimoni\/patrimoni-arquitectonic\/","name":"Patrimoni arquitect\u00f2nic - Anoia Turisme","isPartOf":{"@id":"https:\/\/2025.anoiaturisme.cat\/#website"},"primaryImageOfPage":{"@id":"https:\/\/2025.anoiaturisme.cat\/cultura-i-patrimoni\/patrimoni-arquitectonic\/#primaryimage"},"image":{"@id":"https:\/\/2025.anoiaturisme.cat\/cultura-i-patrimoni\/patrimoni-arquitectonic\/#primaryimage"},"thumbnailUrl":"https:\/\/2025.anoiaturisme.cat\/wp-content\/uploads\/2014\/07\/Cementiri.jpg","datePublished":"2026-01-10T13:27:44+00:00","dateModified":"2026-03-23T08:50:05+00:00","breadcrumb":{"@id":"https:\/\/2025.anoiaturisme.cat\/cultura-i-patrimoni\/patrimoni-arquitectonic\/#breadcrumb"},"inLanguage":"es","potentialAction":[{"@type":"ReadAction","target":["https:\/\/2025.anoiaturisme.cat\/cultura-i-patrimoni\/patrimoni-arquitectonic\/"]}]},{"@type":"ImageObject","inLanguage":"es","@id":"https:\/\/2025.anoiaturisme.cat\/cultura-i-patrimoni\/patrimoni-arquitectonic\/#primaryimage","url":"https:\/\/2025.anoiaturisme.cat\/wp-content\/uploads\/2014\/07\/Cementiri.jpg","contentUrl":"https:\/\/2025.anoiaturisme.cat\/wp-content\/uploads\/2014\/07\/Cementiri.jpg","width":1000,"height":1000,"caption":"http:\/\/anoiaturisme.test\/anoia\/visites-al-parc-del-cementiri-nou-digualada\/"},{"@type":"BreadcrumbList","@id":"https:\/\/2025.anoiaturisme.cat\/cultura-i-patrimoni\/patrimoni-arquitectonic\/#breadcrumb","itemListElement":[{"@type":"ListItem","position":1,"name":"Inici","item":"https:\/\/2025.anoiaturisme.cat\/"},{"@type":"ListItem","position":2,"name":"Cultura i patrimoni","item":"https:\/\/2025.anoiaturisme.cat\/cultura-i-patrimoni\/"},{"@type":"ListItem","position":3,"name":"Patrimoni arquitect\u00f2nic"}]},{"@type":"WebSite","@id":"https:\/\/2025.anoiaturisme.cat\/#website","url":"https:\/\/2025.anoiaturisme.cat\/","name":"Anoia Turisme","description":"Anoia Turisme","potentialAction":[{"@type":"SearchAction","target":{"@type":"EntryPoint","urlTemplate":"https:\/\/2025.anoiaturisme.cat\/?s={search_term_string}"},"query-input":{"@type":"PropertyValueSpecification","valueRequired":true,"valueName":"search_term_string"}}],"inLanguage":"es"}]}},"_links":{"self":[{"href":"https:\/\/2025.anoiaturisme.cat\/es\/wp-json\/wp\/v2\/pages\/256681","targetHints":{"allow":["GET"]}}],"collection":[{"href":"https:\/\/2025.anoiaturisme.cat\/es\/wp-json\/wp\/v2\/pages"}],"about":[{"href":"https:\/\/2025.anoiaturisme.cat\/es\/wp-json\/wp\/v2\/types\/page"}],"author":[{"embeddable":true,"href":"https:\/\/2025.anoiaturisme.cat\/es\/wp-json\/wp\/v2\/users\/1"}],"replies":[{"embeddable":true,"href":"https:\/\/2025.anoiaturisme.cat\/es\/wp-json\/wp\/v2\/comments?post=256681"}],"version-history":[{"count":17,"href":"https:\/\/2025.anoiaturisme.cat\/es\/wp-json\/wp\/v2\/pages\/256681\/revisions"}],"predecessor-version":[{"id":258483,"href":"https:\/\/2025.anoiaturisme.cat\/es\/wp-json\/wp\/v2\/pages\/256681\/revisions\/258483"}],"up":[{"embeddable":true,"href":"https:\/\/2025.anoiaturisme.cat\/es\/wp-json\/wp\/v2\/pages\/256973"}],"wp:featuredmedia":[{"embeddable":true,"href":"https:\/\/2025.anoiaturisme.cat\/es\/wp-json\/wp\/v2\/media\/246778"}],"wp:attachment":[{"href":"https:\/\/2025.anoiaturisme.cat\/es\/wp-json\/wp\/v2\/media?parent=256681"}],"wp:term":[{"taxonomy":"temes","embeddable":true,"href":"https:\/\/2025.anoiaturisme.cat\/es\/wp-json\/wp\/v2\/temes?post=256681"}],"curies":[{"name":"wp","href":"https:\/\/api.w.org\/{rel}","templated":true}]}}