{"id":256687,"date":"2026-01-23T14:31:22","date_gmt":"2026-01-23T13:31:22","guid":{"rendered":"https:\/\/2025.anoiaturisme.cat\/?page_id=256687"},"modified":"2026-04-10T11:31:01","modified_gmt":"2026-04-10T10:31:01","slug":"miradors","status":"publish","type":"page","link":"https:\/\/2025.anoiaturisme.cat\/es\/natura\/miradors\/","title":{"rendered":"Miradors"},"content":{"rendered":"<p>[et_pb_section fb_built=&#8221;1&#8243; _builder_version=&#8221;4.27.5&#8243; _module_preset=&#8221;dcf0a39c-8539-4ca4-a1a0-fd0ec90310b7&#8243; global_colors_info=&#8221;{}&#8221;][et_pb_row column_structure=&#8221;2_5,3_5&#8243; _builder_version=&#8221;4.27.5&#8243; _module_preset=&#8221;default&#8221; locked=&#8221;off&#8221; global_colors_info=&#8221;{}&#8221;][et_pb_column type=&#8221;2_5&#8243; _builder_version=&#8221;4.27.5&#8243; _module_preset=&#8221;default&#8221; global_colors_info=&#8221;{}&#8221;][et_pb_text _builder_version=&#8221;4.27.5&#8243; _module_preset=&#8221;default&#8221; global_colors_info=&#8221;{}&#8221;]<\/p>\n<div class=\"flex flex-col text-sm pb-25\">\n<section class=\"text-token-text-primary w-full focus:outline-none [--shadow-height:45px] has-data-writing-block:pointer-events-none has-data-writing-block:-mt-(--shadow-height) has-data-writing-block:pt-(--shadow-height) [&amp;:has([data-writing-block])&gt;*]:pointer-events-auto scroll-mt-[calc(var(--header-height)+min(200px,max(70px,20svh)))]\" dir=\"auto\" data-turn-id=\"request-WEB:4de766b2-7fdf-48ab-9bee-c8f515a8169a-3\" data-testid=\"conversation-turn-8\" data-scroll-anchor=\"true\" data-turn=\"assistant\">\n<div class=\"text-base my-auto mx-auto pb-10 [--thread-content-margin:var(--thread-content-margin-xs,calc(var(--spacing)*4))] @w-sm\/main:[--thread-content-margin:var(--thread-content-margin-sm,calc(var(--spacing)*6))] @w-lg\/main:[--thread-content-margin:var(--thread-content-margin-lg,calc(var(--spacing)*16))] px-(--thread-content-margin)\">\n<div class=\"[--thread-content-max-width:40rem] @w-lg\/main:[--thread-content-max-width:48rem] mx-auto max-w-(--thread-content-max-width) flex-1 group\/turn-messages focus-visible:outline-hidden relative flex w-full min-w-0 flex-col agent-turn\">\n<div class=\"flex max-w-full flex-col gap-4 grow\">\n<div data-message-author-role=\"assistant\" data-message-id=\"3cc5c193-2136-4ede-9dd6-5340f3d7d6fb\" dir=\"auto\" data-message-model-slug=\"gpt-5-3\" class=\"min-h-8 text-message relative flex w-full flex-col items-end gap-2 text-start break-words whitespace-normal outline-none keyboard-focused:focus-ring [.text-message+&amp;]:mt-1\" data-turn-start-message=\"true\" tabindex=\"0\">\n<div class=\"flex w-full flex-col gap-1 empty:hidden\">\n<div class=\"markdown prose dark:prose-invert w-full wrap-break-word light markdown-new-styling\">\n<h3 data-start=\"0\" data-end=\"401\">L\u2019Anoia ofereix una gran varietat de miradors naturals des d\u2019on contemplar paisatges \u00fanics, amb Montserrat com a protagonista. Des dels camps ondulats de l\u2019Alta Segarra fins als boscos i valls de la Llacuna, cada punt elevat regala una nova perspectiva del territori.<\/h3>\n<\/div>\n<\/div>\n<\/div>\n<\/div>\n<div class=\"z-0 flex min-h-[46px] justify-start\"><\/div>\n<div class=\"mt-3 w-full empty:hidden\">\n<div class=\"text-center\"><\/div>\n<\/div>\n<\/div>\n<\/div>\n<\/section>\n<\/div>\n<div aria-hidden=\"true\" data-edge=\"true\" class=\"pointer-events-none h-px w-px absolute bottom-0\"><\/div>\n<p>[\/et_pb_text][\/et_pb_column][et_pb_column type=&#8221;3_5&#8243; _builder_version=&#8221;4.27.5&#8243; _module_preset=&#8221;default&#8221; global_colors_info=&#8221;{}&#8221;][et_pb_text _builder_version=&#8221;4.27.5&#8243; _module_preset=&#8221;default&#8221; global_colors_info=&#8221;{}&#8221;]<\/p>\n<p>Des dels horitzons infinits i ondulats de l&#8217;Alta Segarra, on el cereal dibuixa un mosaic canviant segons l&#8217;estaci\u00f3, fins als perfils dentats i solemnes de la muntanya de Montserrat, la comarca es revela com un tap\u00eds geol\u00f2gic fascinant. Aquests balcons naturals no s\u00f3n nom\u00e9s punts d&#8217;observaci\u00f3, sin\u00f3 aut\u00e8ntics refugis on el silenci nom\u00e9s es trenca pel vent i on la llum de l&#8217;Anoia, neta i directa, et far\u00e0 treure el m\u00f2bil de la butxaca a cada pas per intentar capturar la immensitat del moment.<\/p>\n<p>Aquesta col\u00b7lecci\u00f3 de miradors actua com un fil conductor que uneix la hist\u00f2ria dels castells de frontera amb la serenor dels petits pobles de pedra que esquitxen el territori. En elevar-te sobre la Conca d&#8217;\u00d2dena o endinsar-te en els boscos mediterranis de la zona de la Llacuna, la perspectiva canvia: els valls s&#8217;obren, els colors s&#8217;intensifiquen i el paisatge es converteix en una experi\u00e8ncia immersiva que va m\u00e9s enll\u00e0 de la simple vista. \u00c9s en aquesta altitud on es compr\u00e8n l&#8217;aut\u00e8ntica ess\u00e8ncia anoienca, una terra que convida a aturar el temps, respirar profundament i connectar amb una natura que, des de dalt, sembla no tenir l\u00edmits.<\/p>\n<p>[\/et_pb_text][\/et_pb_column][\/et_pb_row][\/et_pb_section][et_pb_section fb_built=&#8221;1&#8243; _builder_version=&#8221;4.27.5&#8243; _module_preset=&#8221;default&#8221; custom_padding=&#8221;1px|||||&#8221; global_colors_info=&#8221;{}&#8221;][et_pb_row _builder_version=&#8221;4.27.5&#8243; _module_preset=&#8221;default&#8221; global_colors_info=&#8221;{}&#8221;][et_pb_column type=&#8221;4_4&#8243; _builder_version=&#8221;4.27.5&#8243; _module_preset=&#8221;default&#8221; global_colors_info=&#8221;{}&#8221;][ad3_pagina_continguts_relacionats columns=&#8221;4&#8243; _builder_version=&#8221;4.27.5&#8243; _module_preset=&#8221;default&#8221; hover_enabled=&#8221;0&#8243; global_colors_info=&#8221;{}&#8221; presentation=&#8221;card_titol_sobre_imatge_gran&#8221; sticky_enabled=&#8221;0&#8243;][\/ad3_pagina_continguts_relacionats][\/et_pb_column][\/et_pb_row][et_pb_row _builder_version=&#8221;4.27.5&#8243; _module_preset=&#8221;default&#8221; global_colors_info=&#8221;{}&#8221;][et_pb_column type=&#8221;4_4&#8243; _builder_version=&#8221;4.27.5&#8243; _module_preset=&#8221;default&#8221; global_colors_info=&#8221;{}&#8221;][ad3_galeria_imatges _builder_version=&#8221;4.27.5&#8243; _module_preset=&#8221;default&#8221; global_colors_info=&#8221;{}&#8221;][\/ad3_galeria_imatges][\/et_pb_column][\/et_pb_row][\/et_pb_section]<\/p>\n","protected":false},"excerpt":{"rendered":"<p>L\u2019orografia de la comarca ens regala molts espais que fan de mirador natural del territori, amb Montserrat com a tel\u00f3 de fons. Descobreix els millors miradors i triar la teva vista preferida de la comarca.<\/p>","protected":false},"author":1,"featured_media":251901,"parent":256968,"menu_order":0,"comment_status":"closed","ping_status":"closed","template":"","meta":{"_acf_changed":false,"_et_pb_use_builder":"on","_et_pb_old_content":"","_et_gb_content_width":"","inline_featured_image":false,"footnotes":""},"temes":[],"class_list":["post-256687","page","type-page","status-publish","has-post-thumbnail","hentry"],"acf":[],"yoast_head":"<!-- This site is optimized with the Yoast SEO plugin v27.3 - https:\/\/yoast.com\/product\/yoast-seo-wordpress\/ -->\n<title>Miradors - Anoia Turisme<\/title>\n<meta name=\"robots\" content=\"noindex, follow, max-snippet:-1, max-image-preview:large, max-video-preview:-1\" \/>\n<meta property=\"og:locale\" content=\"es_ES\" \/>\n<meta property=\"og:type\" content=\"article\" \/>\n<meta property=\"og:title\" content=\"Miradors - Anoia Turisme\" \/>\n<meta property=\"og:description\" content=\"L\u2019orografia de la comarca ens regala molts espais que fan de mirador natural del territori, amb Montserrat com a tel\u00f3 de fons. Descobreix els millors miradors i triar la teva vista preferida de la comarca.\" \/>\n<meta property=\"og:url\" content=\"https:\/\/2025.anoiaturisme.cat\/es\/natura\/miradors\/\" \/>\n<meta property=\"og:site_name\" content=\"Anoia Turisme\" \/>\n<meta property=\"article:modified_time\" content=\"2026-04-10T10:31:01+00:00\" \/>\n<meta property=\"og:image\" content=\"https:\/\/2025.anoiaturisme.cat\/wp-content\/uploads\/2022\/09\/miradoooor.png\" \/>\n\t<meta property=\"og:image:width\" content=\"1230\" \/>\n\t<meta property=\"og:image:height\" content=\"774\" \/>\n\t<meta property=\"og:image:type\" content=\"image\/png\" \/>\n<meta name=\"twitter:card\" content=\"summary_large_image\" \/>\n<script type=\"application\/ld+json\" class=\"yoast-schema-graph\">{\"@context\":\"https:\\\/\\\/schema.org\",\"@graph\":[{\"@type\":\"WebPage\",\"@id\":\"https:\\\/\\\/2025.anoiaturisme.cat\\\/natura\\\/miradors\\\/\",\"url\":\"https:\\\/\\\/2025.anoiaturisme.cat\\\/natura\\\/miradors\\\/\",\"name\":\"Miradors - Anoia Turisme\",\"isPartOf\":{\"@id\":\"https:\\\/\\\/2025.anoiaturisme.cat\\\/#website\"},\"primaryImageOfPage\":{\"@id\":\"https:\\\/\\\/2025.anoiaturisme.cat\\\/natura\\\/miradors\\\/#primaryimage\"},\"image\":{\"@id\":\"https:\\\/\\\/2025.anoiaturisme.cat\\\/natura\\\/miradors\\\/#primaryimage\"},\"thumbnailUrl\":\"https:\\\/\\\/2025.anoiaturisme.cat\\\/wp-content\\\/uploads\\\/2022\\\/09\\\/miradoooor.png\",\"datePublished\":\"2026-01-23T13:31:22+00:00\",\"dateModified\":\"2026-04-10T10:31:01+00:00\",\"breadcrumb\":{\"@id\":\"https:\\\/\\\/2025.anoiaturisme.cat\\\/natura\\\/miradors\\\/#breadcrumb\"},\"inLanguage\":\"es\",\"potentialAction\":[{\"@type\":\"ReadAction\",\"target\":[\"https:\\\/\\\/2025.anoiaturisme.cat\\\/natura\\\/miradors\\\/\"]}]},{\"@type\":\"ImageObject\",\"inLanguage\":\"es\",\"@id\":\"https:\\\/\\\/2025.anoiaturisme.cat\\\/natura\\\/miradors\\\/#primaryimage\",\"url\":\"https:\\\/\\\/2025.anoiaturisme.cat\\\/wp-content\\\/uploads\\\/2022\\\/09\\\/miradoooor.png\",\"contentUrl\":\"https:\\\/\\\/2025.anoiaturisme.cat\\\/wp-content\\\/uploads\\\/2022\\\/09\\\/miradoooor.png\",\"width\":1230,\"height\":774},{\"@type\":\"BreadcrumbList\",\"@id\":\"https:\\\/\\\/2025.anoiaturisme.cat\\\/natura\\\/miradors\\\/#breadcrumb\",\"itemListElement\":[{\"@type\":\"ListItem\",\"position\":1,\"name\":\"Inici\",\"item\":\"https:\\\/\\\/2025.anoiaturisme.cat\\\/\"},{\"@type\":\"ListItem\",\"position\":2,\"name\":\"Natura\",\"item\":\"https:\\\/\\\/2025.anoiaturisme.cat\\\/natura\\\/\"},{\"@type\":\"ListItem\",\"position\":3,\"name\":\"Miradors\"}]},{\"@type\":\"WebSite\",\"@id\":\"https:\\\/\\\/2025.anoiaturisme.cat\\\/#website\",\"url\":\"https:\\\/\\\/2025.anoiaturisme.cat\\\/\",\"name\":\"Anoia Turisme\",\"description\":\"Anoia Turisme\",\"potentialAction\":[{\"@type\":\"SearchAction\",\"target\":{\"@type\":\"EntryPoint\",\"urlTemplate\":\"https:\\\/\\\/2025.anoiaturisme.cat\\\/?s={search_term_string}\"},\"query-input\":{\"@type\":\"PropertyValueSpecification\",\"valueRequired\":true,\"valueName\":\"search_term_string\"}}],\"inLanguage\":\"es\"}]}<\/script>\n<!-- \/ Yoast SEO plugin. -->","yoast_head_json":{"title":"Miradors - Anoia Turisme","robots":{"index":"noindex","follow":"follow","max-snippet":"max-snippet:-1","max-image-preview":"max-image-preview:large","max-video-preview":"max-video-preview:-1"},"og_locale":"es_ES","og_type":"article","og_title":"Miradors - Anoia Turisme","og_description":"L\u2019orografia de la comarca ens regala molts espais que fan de mirador natural del territori, amb Montserrat com a tel\u00f3 de fons. Descobreix els millors miradors i triar la teva vista preferida de la comarca.","og_url":"https:\/\/2025.anoiaturisme.cat\/es\/natura\/miradors\/","og_site_name":"Anoia Turisme","article_modified_time":"2026-04-10T10:31:01+00:00","og_image":[{"width":1230,"height":774,"url":"https:\/\/2025.anoiaturisme.cat\/wp-content\/uploads\/2022\/09\/miradoooor.png","type":"image\/png"}],"twitter_card":"summary_large_image","schema":{"@context":"https:\/\/schema.org","@graph":[{"@type":"WebPage","@id":"https:\/\/2025.anoiaturisme.cat\/natura\/miradors\/","url":"https:\/\/2025.anoiaturisme.cat\/natura\/miradors\/","name":"Miradors - Anoia Turisme","isPartOf":{"@id":"https:\/\/2025.anoiaturisme.cat\/#website"},"primaryImageOfPage":{"@id":"https:\/\/2025.anoiaturisme.cat\/natura\/miradors\/#primaryimage"},"image":{"@id":"https:\/\/2025.anoiaturisme.cat\/natura\/miradors\/#primaryimage"},"thumbnailUrl":"https:\/\/2025.anoiaturisme.cat\/wp-content\/uploads\/2022\/09\/miradoooor.png","datePublished":"2026-01-23T13:31:22+00:00","dateModified":"2026-04-10T10:31:01+00:00","breadcrumb":{"@id":"https:\/\/2025.anoiaturisme.cat\/natura\/miradors\/#breadcrumb"},"inLanguage":"es","potentialAction":[{"@type":"ReadAction","target":["https:\/\/2025.anoiaturisme.cat\/natura\/miradors\/"]}]},{"@type":"ImageObject","inLanguage":"es","@id":"https:\/\/2025.anoiaturisme.cat\/natura\/miradors\/#primaryimage","url":"https:\/\/2025.anoiaturisme.cat\/wp-content\/uploads\/2022\/09\/miradoooor.png","contentUrl":"https:\/\/2025.anoiaturisme.cat\/wp-content\/uploads\/2022\/09\/miradoooor.png","width":1230,"height":774},{"@type":"BreadcrumbList","@id":"https:\/\/2025.anoiaturisme.cat\/natura\/miradors\/#breadcrumb","itemListElement":[{"@type":"ListItem","position":1,"name":"Inici","item":"https:\/\/2025.anoiaturisme.cat\/"},{"@type":"ListItem","position":2,"name":"Natura","item":"https:\/\/2025.anoiaturisme.cat\/natura\/"},{"@type":"ListItem","position":3,"name":"Miradors"}]},{"@type":"WebSite","@id":"https:\/\/2025.anoiaturisme.cat\/#website","url":"https:\/\/2025.anoiaturisme.cat\/","name":"Anoia Turisme","description":"Anoia Turisme","potentialAction":[{"@type":"SearchAction","target":{"@type":"EntryPoint","urlTemplate":"https:\/\/2025.anoiaturisme.cat\/?s={search_term_string}"},"query-input":{"@type":"PropertyValueSpecification","valueRequired":true,"valueName":"search_term_string"}}],"inLanguage":"es"}]}},"_links":{"self":[{"href":"https:\/\/2025.anoiaturisme.cat\/es\/wp-json\/wp\/v2\/pages\/256687","targetHints":{"allow":["GET"]}}],"collection":[{"href":"https:\/\/2025.anoiaturisme.cat\/es\/wp-json\/wp\/v2\/pages"}],"about":[{"href":"https:\/\/2025.anoiaturisme.cat\/es\/wp-json\/wp\/v2\/types\/page"}],"author":[{"embeddable":true,"href":"https:\/\/2025.anoiaturisme.cat\/es\/wp-json\/wp\/v2\/users\/1"}],"replies":[{"embeddable":true,"href":"https:\/\/2025.anoiaturisme.cat\/es\/wp-json\/wp\/v2\/comments?post=256687"}],"version-history":[{"count":19,"href":"https:\/\/2025.anoiaturisme.cat\/es\/wp-json\/wp\/v2\/pages\/256687\/revisions"}],"predecessor-version":[{"id":259072,"href":"https:\/\/2025.anoiaturisme.cat\/es\/wp-json\/wp\/v2\/pages\/256687\/revisions\/259072"}],"up":[{"embeddable":true,"href":"https:\/\/2025.anoiaturisme.cat\/es\/wp-json\/wp\/v2\/pages\/256968"}],"wp:featuredmedia":[{"embeddable":true,"href":"https:\/\/2025.anoiaturisme.cat\/es\/wp-json\/wp\/v2\/media\/251901"}],"wp:attachment":[{"href":"https:\/\/2025.anoiaturisme.cat\/es\/wp-json\/wp\/v2\/media?parent=256687"}],"wp:term":[{"taxonomy":"temes","embeddable":true,"href":"https:\/\/2025.anoiaturisme.cat\/es\/wp-json\/wp\/v2\/temes?post=256687"}],"curies":[{"name":"wp","href":"https:\/\/api.w.org\/{rel}","templated":true}]}}