{"id":256689,"date":"2026-01-23T14:33:05","date_gmt":"2026-01-23T13:33:05","guid":{"rendered":"https:\/\/2025.anoiaturisme.cat\/?page_id=256689"},"modified":"2026-04-10T11:16:10","modified_gmt":"2026-04-10T10:16:10","slug":"al-cel-de-lanoia","status":"publish","type":"page","link":"https:\/\/2025.anoiaturisme.cat\/es\/experiencies\/al-cel-de-lanoia\/","title":{"rendered":"Al cel de l&#8217;Anoia"},"content":{"rendered":"<p>[et_pb_section fb_built=&#8221;1&#8243; _builder_version=&#8221;4.27.5&#8243; _module_preset=&#8221;dcf0a39c-8539-4ca4-a1a0-fd0ec90310b7&#8243; background_color=&#8221;#f2f2f2&#8243; bottom_divider_color=&#8221;#ffffff&#8221; global_colors_info=&#8221;{}&#8221;][et_pb_row column_structure=&#8221;3_5,2_5&#8243; _builder_version=&#8221;4.27.5&#8243; _module_preset=&#8221;default&#8221; locked=&#8221;off&#8221; global_colors_info=&#8221;{}&#8221;][et_pb_column type=&#8221;3_5&#8243; _builder_version=&#8221;4.27.5&#8243; _module_preset=&#8221;default&#8221; global_colors_info=&#8221;{}&#8221;][et_pb_text _builder_version=&#8221;4.27.5&#8243; _module_preset=&#8221;default&#8221; global_colors_info=&#8221;{}&#8221;]<\/p>\n<h2>L\u2019Anoia t\u00e9 la peculiaritat que no nom\u00e9s es pot visitar a peu sin\u00f3 tamb\u00e9 des dels n\u00favols. Es pot fer en avioneta, en globus, en un vol sense motor i en parapent.<\/h2>\n<p>[\/et_pb_text][\/et_pb_column][et_pb_column type=&#8221;2_5&#8243; _builder_version=&#8221;4.27.5&#8243; _module_preset=&#8221;default&#8221; global_colors_info=&#8221;{}&#8221;][et_pb_text _builder_version=&#8221;4.27.5&#8243; _module_preset=&#8221;default&#8221; global_colors_info=&#8221;{}&#8221;]<\/p>\n<p>L\u2019Anoia ofereix l\u2019oportunitat \u00fanica d&#8217;explorar el territori des de l&#8217;aire a trav\u00e9s de vols en globus, avioneta, parapent o vol sense motor, destacant experi\u00e8ncies com el vol des del parc e\u00f2lic de Rubi\u00f3.<\/p>\n<p>Per a qui prefereix tocar de peus a terra, la comarca acull esdeveniments referents com l\u2019European Balloon Festival al juliol o la Jornada d\u2019Aviaci\u00f3 Adaptada a l\u2019octubre.<\/p>\n<p>L&#8217;aer\u00f2drom d&#8217;Igualada-\u00d2dena permet gaudir de l&#8217;activitat a\u00e8ria setmanalment, oferint des de batejos de vol fins a formaci\u00f3 a les seves escoles per convertir-se en pilot.<\/p>\n<p>Aqu\u00ed et fem les nostres propostes perqu\u00e8 descobreixis el cel de l\u2018Anoia:<\/p>\n<p>[\/et_pb_text][\/et_pb_column][\/et_pb_row][\/et_pb_section][et_pb_section fb_built=&#8221;1&#8243; _builder_version=&#8221;4.27.5&#8243; _module_preset=&#8221;default&#8221; custom_padding=&#8221;18px|||||&#8221; global_colors_info=&#8221;{}&#8221;][et_pb_row _builder_version=&#8221;4.27.5&#8243; _module_preset=&#8221;default&#8221; custom_padding=&#8221;||38px|||&#8221; global_colors_info=&#8221;{}&#8221;][et_pb_column type=&#8221;4_4&#8243; _builder_version=&#8221;4.27.5&#8243; _module_preset=&#8221;default&#8221; global_colors_info=&#8221;{}&#8221;][et_pb_text _builder_version=&#8221;4.27.5&#8243; _module_preset=&#8221;default&#8221; global_colors_info=&#8221;{}&#8221;]<\/p>\n<h2><span style=\"font-size: 44px;\">T&#8217;hi atreveixes?<\/span><\/h2>\n<p>[\/et_pb_text][ad3_pagina_continguts_relacionats relationship_source=&#8221;secondary_0&#8243; presentation=&#8221;card_titol_sobre_imatge_gran&#8221; columns=&#8221;4&#8243; _builder_version=&#8221;4.27.5&#8243; _module_preset=&#8221;default&#8221; hover_enabled=&#8221;0&#8243; global_colors_info=&#8221;{}&#8221; sticky_enabled=&#8221;0&#8243;][\/ad3_pagina_continguts_relacionats][\/et_pb_column][\/et_pb_row][et_pb_row column_structure=&#8221;1_2,1_2&#8243; _builder_version=&#8221;4.27.5&#8243; _module_preset=&#8221;default&#8221; custom_padding=&#8221;||38px|||&#8221; global_colors_info=&#8221;{}&#8221;][et_pb_column type=&#8221;1_2&#8243; _builder_version=&#8221;4.27.5&#8243; _module_preset=&#8221;default&#8221; global_colors_info=&#8221;{}&#8221;][et_pb_text _builder_version=&#8221;4.27.5&#8243; _module_preset=&#8221;default&#8221; global_colors_info=&#8221;{}&#8221;]<\/p>\n<h3>Esdeveniments al cel de l&#8217;Anoia<\/h3>\n<p>&nbsp;<\/p>\n<p>[\/et_pb_text][et_pb_text _builder_version=&#8221;4.27.5&#8243; _module_preset=&#8221;default&#8221; global_colors_info=&#8221;{}&#8221;]<\/p>\n<p><span style=\"font-weight: 400;\"><strong>El cel de l\u2019Anoia no nom\u00e9s es contempla: tamb\u00e9 es viu<\/strong>. Al llarg de l\u2019any, la comarca acull esdeveniments i activitats que tenen el cel com a protagonista, des d\u2019experi\u00e8ncies vinculades al vol fins a propostes d\u2019observaci\u00f3 astron\u00f2mica.<\/span><\/p>\n<p><span style=\"font-weight: 400;\">Algunes d\u2019aquestes cites, com els grans festivals de vol o les activitats astron\u00f2miques, atrauen visitants d\u2019arreu i contribueixen a situar l\u2019Anoia com un territori de refer\u00e8ncia vinculat al cel i al vol.<\/span><\/p>\n<p><span style=\"font-weight: 400;\">S\u00f3n activitats pensades per a tots els p\u00fablics, que combinen natura, divulgaci\u00f3 i emoci\u00f3, i que permeten descobrir el territori des d\u2019una perspectiva diferent, tant de dia com de nit.<\/span><\/p>\n<p>[\/et_pb_text][\/et_pb_column][et_pb_column type=&#8221;1_2&#8243; _builder_version=&#8221;4.27.5&#8243; _module_preset=&#8221;default&#8221; global_colors_info=&#8221;{}&#8221;][ad3_pagina_continguts_relacionats relationship_source=&#8221;secondary_1&#8243; presentation=&#8221;card_titol_sobre_imatge_gran&#8221; columns=&#8221;1&#8243; _builder_version=&#8221;4.27.5&#8243; _module_preset=&#8221;default&#8221; global_colors_info=&#8221;{}&#8221;][\/ad3_pagina_continguts_relacionats][\/et_pb_column][\/et_pb_row][\/et_pb_section]<\/p>\n","protected":false},"excerpt":{"rendered":"<p>Viu l&#8217;Anoia des del cel<\/p>","protected":false},"author":1,"featured_media":250778,"parent":256975,"menu_order":0,"comment_status":"closed","ping_status":"closed","template":"","meta":{"_acf_changed":false,"_et_pb_use_builder":"on","_et_pb_old_content":"<!-- wp:divi\/placeholder \/-->","_et_gb_content_width":"","inline_featured_image":false,"footnotes":""},"temes":[],"class_list":["post-256689","page","type-page","status-publish","has-post-thumbnail","hentry"],"acf":[],"yoast_head":"<!-- This site is optimized with the Yoast SEO plugin v27.3 - https:\/\/yoast.com\/product\/yoast-seo-wordpress\/ -->\n<title>Al cel de l&#039;Anoia - Anoia Turisme<\/title>\n<meta name=\"robots\" content=\"noindex, follow, max-snippet:-1, max-image-preview:large, max-video-preview:-1\" \/>\n<meta property=\"og:locale\" content=\"es_ES\" \/>\n<meta property=\"og:type\" content=\"article\" \/>\n<meta property=\"og:title\" content=\"Al cel de l&#039;Anoia - Anoia Turisme\" \/>\n<meta property=\"og:description\" content=\"Viu l&#039;Anoia des del cel\" \/>\n<meta property=\"og:url\" content=\"https:\/\/2025.anoiaturisme.cat\/es\/experiencies\/al-cel-de-lanoia\/\" \/>\n<meta property=\"og:site_name\" content=\"Anoia Turisme\" \/>\n<meta property=\"article:modified_time\" content=\"2026-04-10T10:16:10+00:00\" \/>\n<meta property=\"og:image\" content=\"https:\/\/2025.anoiaturisme.cat\/wp-content\/uploads\/2020\/07\/parapent-barcelona-anoia-01-1.png\" \/>\n\t<meta property=\"og:image:width\" content=\"2500\" \/>\n\t<meta property=\"og:image:height\" content=\"1204\" \/>\n\t<meta property=\"og:image:type\" content=\"image\/png\" \/>\n<meta name=\"twitter:card\" content=\"summary_large_image\" \/>\n<script type=\"application\/ld+json\" class=\"yoast-schema-graph\">{\"@context\":\"https:\\\/\\\/schema.org\",\"@graph\":[{\"@type\":\"WebPage\",\"@id\":\"https:\\\/\\\/2025.anoiaturisme.cat\\\/experiencies\\\/al-cel-de-lanoia\\\/\",\"url\":\"https:\\\/\\\/2025.anoiaturisme.cat\\\/experiencies\\\/al-cel-de-lanoia\\\/\",\"name\":\"Al cel de l'Anoia - Anoia Turisme\",\"isPartOf\":{\"@id\":\"https:\\\/\\\/2025.anoiaturisme.cat\\\/#website\"},\"primaryImageOfPage\":{\"@id\":\"https:\\\/\\\/2025.anoiaturisme.cat\\\/experiencies\\\/al-cel-de-lanoia\\\/#primaryimage\"},\"image\":{\"@id\":\"https:\\\/\\\/2025.anoiaturisme.cat\\\/experiencies\\\/al-cel-de-lanoia\\\/#primaryimage\"},\"thumbnailUrl\":\"https:\\\/\\\/2025.anoiaturisme.cat\\\/wp-content\\\/uploads\\\/2020\\\/07\\\/parapent-barcelona-anoia-01-1.png\",\"datePublished\":\"2026-01-23T13:33:05+00:00\",\"dateModified\":\"2026-04-10T10:16:10+00:00\",\"breadcrumb\":{\"@id\":\"https:\\\/\\\/2025.anoiaturisme.cat\\\/experiencies\\\/al-cel-de-lanoia\\\/#breadcrumb\"},\"inLanguage\":\"es\",\"potentialAction\":[{\"@type\":\"ReadAction\",\"target\":[\"https:\\\/\\\/2025.anoiaturisme.cat\\\/experiencies\\\/al-cel-de-lanoia\\\/\"]}]},{\"@type\":\"ImageObject\",\"inLanguage\":\"es\",\"@id\":\"https:\\\/\\\/2025.anoiaturisme.cat\\\/experiencies\\\/al-cel-de-lanoia\\\/#primaryimage\",\"url\":\"https:\\\/\\\/2025.anoiaturisme.cat\\\/wp-content\\\/uploads\\\/2020\\\/07\\\/parapent-barcelona-anoia-01-1.png\",\"contentUrl\":\"https:\\\/\\\/2025.anoiaturisme.cat\\\/wp-content\\\/uploads\\\/2020\\\/07\\\/parapent-barcelona-anoia-01-1.png\",\"width\":2500,\"height\":1204},{\"@type\":\"BreadcrumbList\",\"@id\":\"https:\\\/\\\/2025.anoiaturisme.cat\\\/experiencies\\\/al-cel-de-lanoia\\\/#breadcrumb\",\"itemListElement\":[{\"@type\":\"ListItem\",\"position\":1,\"name\":\"Inici\",\"item\":\"https:\\\/\\\/2025.anoiaturisme.cat\\\/\"},{\"@type\":\"ListItem\",\"position\":2,\"name\":\"Experi\u00e8ncies\",\"item\":\"https:\\\/\\\/2025.anoiaturisme.cat\\\/experiencies\\\/\"},{\"@type\":\"ListItem\",\"position\":3,\"name\":\"Al cel de l&#8217;Anoia\"}]},{\"@type\":\"WebSite\",\"@id\":\"https:\\\/\\\/2025.anoiaturisme.cat\\\/#website\",\"url\":\"https:\\\/\\\/2025.anoiaturisme.cat\\\/\",\"name\":\"Anoia Turisme\",\"description\":\"Anoia Turisme\",\"potentialAction\":[{\"@type\":\"SearchAction\",\"target\":{\"@type\":\"EntryPoint\",\"urlTemplate\":\"https:\\\/\\\/2025.anoiaturisme.cat\\\/?s={search_term_string}\"},\"query-input\":{\"@type\":\"PropertyValueSpecification\",\"valueRequired\":true,\"valueName\":\"search_term_string\"}}],\"inLanguage\":\"es\"}]}<\/script>\n<!-- \/ Yoast SEO plugin. -->","yoast_head_json":{"title":"Al cel de l'Anoia - Anoia Turisme","robots":{"index":"noindex","follow":"follow","max-snippet":"max-snippet:-1","max-image-preview":"max-image-preview:large","max-video-preview":"max-video-preview:-1"},"og_locale":"es_ES","og_type":"article","og_title":"Al cel de l'Anoia - Anoia Turisme","og_description":"Viu l'Anoia des del cel","og_url":"https:\/\/2025.anoiaturisme.cat\/es\/experiencies\/al-cel-de-lanoia\/","og_site_name":"Anoia Turisme","article_modified_time":"2026-04-10T10:16:10+00:00","og_image":[{"width":2500,"height":1204,"url":"https:\/\/2025.anoiaturisme.cat\/wp-content\/uploads\/2020\/07\/parapent-barcelona-anoia-01-1.png","type":"image\/png"}],"twitter_card":"summary_large_image","schema":{"@context":"https:\/\/schema.org","@graph":[{"@type":"WebPage","@id":"https:\/\/2025.anoiaturisme.cat\/experiencies\/al-cel-de-lanoia\/","url":"https:\/\/2025.anoiaturisme.cat\/experiencies\/al-cel-de-lanoia\/","name":"Al cel de l'Anoia - Anoia Turisme","isPartOf":{"@id":"https:\/\/2025.anoiaturisme.cat\/#website"},"primaryImageOfPage":{"@id":"https:\/\/2025.anoiaturisme.cat\/experiencies\/al-cel-de-lanoia\/#primaryimage"},"image":{"@id":"https:\/\/2025.anoiaturisme.cat\/experiencies\/al-cel-de-lanoia\/#primaryimage"},"thumbnailUrl":"https:\/\/2025.anoiaturisme.cat\/wp-content\/uploads\/2020\/07\/parapent-barcelona-anoia-01-1.png","datePublished":"2026-01-23T13:33:05+00:00","dateModified":"2026-04-10T10:16:10+00:00","breadcrumb":{"@id":"https:\/\/2025.anoiaturisme.cat\/experiencies\/al-cel-de-lanoia\/#breadcrumb"},"inLanguage":"es","potentialAction":[{"@type":"ReadAction","target":["https:\/\/2025.anoiaturisme.cat\/experiencies\/al-cel-de-lanoia\/"]}]},{"@type":"ImageObject","inLanguage":"es","@id":"https:\/\/2025.anoiaturisme.cat\/experiencies\/al-cel-de-lanoia\/#primaryimage","url":"https:\/\/2025.anoiaturisme.cat\/wp-content\/uploads\/2020\/07\/parapent-barcelona-anoia-01-1.png","contentUrl":"https:\/\/2025.anoiaturisme.cat\/wp-content\/uploads\/2020\/07\/parapent-barcelona-anoia-01-1.png","width":2500,"height":1204},{"@type":"BreadcrumbList","@id":"https:\/\/2025.anoiaturisme.cat\/experiencies\/al-cel-de-lanoia\/#breadcrumb","itemListElement":[{"@type":"ListItem","position":1,"name":"Inici","item":"https:\/\/2025.anoiaturisme.cat\/"},{"@type":"ListItem","position":2,"name":"Experi\u00e8ncies","item":"https:\/\/2025.anoiaturisme.cat\/experiencies\/"},{"@type":"ListItem","position":3,"name":"Al cel de l&#8217;Anoia"}]},{"@type":"WebSite","@id":"https:\/\/2025.anoiaturisme.cat\/#website","url":"https:\/\/2025.anoiaturisme.cat\/","name":"Anoia Turisme","description":"Anoia Turisme","potentialAction":[{"@type":"SearchAction","target":{"@type":"EntryPoint","urlTemplate":"https:\/\/2025.anoiaturisme.cat\/?s={search_term_string}"},"query-input":{"@type":"PropertyValueSpecification","valueRequired":true,"valueName":"search_term_string"}}],"inLanguage":"es"}]}},"_links":{"self":[{"href":"https:\/\/2025.anoiaturisme.cat\/es\/wp-json\/wp\/v2\/pages\/256689","targetHints":{"allow":["GET"]}}],"collection":[{"href":"https:\/\/2025.anoiaturisme.cat\/es\/wp-json\/wp\/v2\/pages"}],"about":[{"href":"https:\/\/2025.anoiaturisme.cat\/es\/wp-json\/wp\/v2\/types\/page"}],"author":[{"embeddable":true,"href":"https:\/\/2025.anoiaturisme.cat\/es\/wp-json\/wp\/v2\/users\/1"}],"replies":[{"embeddable":true,"href":"https:\/\/2025.anoiaturisme.cat\/es\/wp-json\/wp\/v2\/comments?post=256689"}],"version-history":[{"count":21,"href":"https:\/\/2025.anoiaturisme.cat\/es\/wp-json\/wp\/v2\/pages\/256689\/revisions"}],"predecessor-version":[{"id":259067,"href":"https:\/\/2025.anoiaturisme.cat\/es\/wp-json\/wp\/v2\/pages\/256689\/revisions\/259067"}],"up":[{"embeddable":true,"href":"https:\/\/2025.anoiaturisme.cat\/es\/wp-json\/wp\/v2\/pages\/256975"}],"wp:featuredmedia":[{"embeddable":true,"href":"https:\/\/2025.anoiaturisme.cat\/es\/wp-json\/wp\/v2\/media\/250778"}],"wp:attachment":[{"href":"https:\/\/2025.anoiaturisme.cat\/es\/wp-json\/wp\/v2\/media?parent=256689"}],"wp:term":[{"taxonomy":"temes","embeddable":true,"href":"https:\/\/2025.anoiaturisme.cat\/es\/wp-json\/wp\/v2\/temes?post=256689"}],"curies":[{"name":"wp","href":"https:\/\/api.w.org\/{rel}","templated":true}]}}