{"id":256691,"date":"2026-01-23T14:33:47","date_gmt":"2026-01-23T13:33:47","guid":{"rendered":"https:\/\/2025.anoiaturisme.cat\/?page_id=256691"},"modified":"2026-03-30T16:44:32","modified_gmt":"2026-03-30T15:44:32","slug":"a-la-natura","status":"publish","type":"page","link":"https:\/\/2025.anoiaturisme.cat\/es\/experiencies\/a-la-natura\/","title":{"rendered":"A la natura"},"content":{"rendered":"\n[et_pb_section fb_built=&#8221;1&#8243; _builder_version=&#8221;4.27.5&#8243; _module_preset=&#8221;dcf0a39c-8539-4ca4-a1a0-fd0ec90310b7&#8243; global_colors_info=&#8221;{}&#8221;][et_pb_row column_structure=&#8221;2_5,3_5&#8243; _builder_version=&#8221;4.27.5&#8243; _module_preset=&#8221;default&#8221; locked=&#8221;off&#8221; global_colors_info=&#8221;{}&#8221;][et_pb_column type=&#8221;2_5&#8243; _builder_version=&#8221;4.27.5&#8243; _module_preset=&#8221;default&#8221; global_colors_info=&#8221;{}&#8221;][et_pb_text _builder_version=&#8221;4.27.5&#8243; _module_preset=&#8221;default&#8221; global_colors_info=&#8221;{}&#8221;]<h2>Experi\u00e8ncies \u00faniques rodejats de natura.<\/h2>[\/et_pb_text][\/et_pb_column][et_pb_column type=&#8221;3_5&#8243; _builder_version=&#8221;4.27.5&#8243; _module_preset=&#8221;default&#8221; global_colors_info=&#8221;{}&#8221;][et_pb_text _builder_version=&#8221;4.27.5&#8243; _module_preset=&#8221;default&#8221; global_colors_info=&#8221;{}&#8221;]<p>L\u2019Anoia esdev\u00e9 un dest\u00ed excepcional per a aquells que busquen gaudir de la natura mitjan\u00e7ant activitats a l\u2019aire lliure, experi\u00e8ncies diferents i activitats familiars, configurant-se com un mosaic de paisatges que conviden a la descoberta activa.<\/p>\n<p>Des de les imponents parets del vessant anoienc de Montserrat fins a les suaus ondulacions de l\u2019Alta Anoia, la comarca ofereix una xarxa infinita de senders per al senderisme i el cicloturisme que travessen boscos frondosos, camps de sec\u00e0 i rieres amagades.<\/p>\n<p>Aquesta riquesa natural permet viure l&#8217;entorn des de perspectives \u00faniques, ja sigui conquerint el cel en un vol en globus aerost\u00e0tic sobre la Conca d&#8217;\u00d2dena, gaudint del silenci i de la fauna aut\u00f2ctona en rutes interpretatives, o explorant els cels estrellats en zones lliures de contaminaci\u00f3 lluminosa.<\/p>\n<p>\u00c9s un espai on l&#8217;aventura i la calma conviuen.<\/p>[\/et_pb_text][\/et_pb_column][\/et_pb_row][\/et_pb_section][et_pb_section fb_built=&#8221;1&#8243; _builder_version=&#8221;4.27.5&#8243; _module_preset=&#8221;default&#8221; custom_padding=&#8221;0px|||||&#8221; global_colors_info=&#8221;{}&#8221;][et_pb_row _builder_version=&#8221;4.27.5&#8243; _module_preset=&#8221;default&#8221; global_colors_info=&#8221;{}&#8221;][et_pb_column type=&#8221;4_4&#8243; _builder_version=&#8221;4.27.5&#8243; _module_preset=&#8221;default&#8221; global_colors_info=&#8221;{}&#8221;][ad3_pagina_continguts_relacionats _builder_version=&#8221;4.27.5&#8243; _module_preset=&#8221;default&#8221; hover_enabled=&#8221;0&#8243; global_colors_info=&#8221;{}&#8221; columns=&#8221;4&#8243; sticky_enabled=&#8221;0&#8243;][\/ad3_pagina_continguts_relacionats][ad3_galeria_imatges _builder_version=&#8221;4.27.5&#8243; _module_preset=&#8221;default&#8221; hover_enabled=&#8221;0&#8243; sticky_enabled=&#8221;0&#8243;][\/ad3_galeria_imatges][\/et_pb_column][\/et_pb_row][\/et_pb_section]\n","protected":false},"excerpt":{"rendered":"<p>Experi\u00e8ncies \u00faniques rodejats de natura.<\/p>","protected":false},"author":1,"featured_media":249226,"parent":256975,"menu_order":0,"comment_status":"closed","ping_status":"closed","template":"","meta":{"_acf_changed":false,"_et_pb_use_builder":"on","_et_pb_old_content":"","_et_gb_content_width":"","inline_featured_image":false,"footnotes":""},"temes":[],"class_list":["post-256691","page","type-page","status-publish","has-post-thumbnail","hentry"],"acf":[],"yoast_head":"<!-- This site is optimized with the Yoast SEO plugin v27.3 - https:\/\/yoast.com\/product\/yoast-seo-wordpress\/ -->\n<title>A la natura - Anoia Turisme<\/title>\n<meta name=\"robots\" content=\"noindex, follow, max-snippet:-1, max-image-preview:large, max-video-preview:-1\" \/>\n<meta property=\"og:locale\" content=\"es_ES\" \/>\n<meta property=\"og:type\" content=\"article\" \/>\n<meta property=\"og:title\" content=\"A la natura - Anoia Turisme\" \/>\n<meta property=\"og:description\" content=\"Experi\u00e8ncies \u00faniques rodejats de natura.\" \/>\n<meta property=\"og:url\" content=\"https:\/\/2025.anoiaturisme.cat\/es\/experiencies\/a-la-natura\/\" \/>\n<meta property=\"og:site_name\" content=\"Anoia Turisme\" \/>\n<meta property=\"article:modified_time\" content=\"2026-03-30T15:44:32+00:00\" \/>\n<meta property=\"og:image\" content=\"https:\/\/2025.anoiaturisme.cat\/wp-content\/uploads\/2017\/10\/gorg-1234-angles.jpg\" \/>\n\t<meta property=\"og:image:width\" content=\"1000\" \/>\n\t<meta property=\"og:image:height\" content=\"500\" \/>\n\t<meta property=\"og:image:type\" content=\"image\/jpeg\" \/>\n<meta name=\"twitter:card\" content=\"summary_large_image\" \/>\n<script type=\"application\/ld+json\" class=\"yoast-schema-graph\">{\"@context\":\"https:\\\/\\\/schema.org\",\"@graph\":[{\"@type\":\"WebPage\",\"@id\":\"https:\\\/\\\/2025.anoiaturisme.cat\\\/experiencies\\\/a-la-natura\\\/\",\"url\":\"https:\\\/\\\/2025.anoiaturisme.cat\\\/experiencies\\\/a-la-natura\\\/\",\"name\":\"A la natura - Anoia Turisme\",\"isPartOf\":{\"@id\":\"https:\\\/\\\/2025.anoiaturisme.cat\\\/#website\"},\"primaryImageOfPage\":{\"@id\":\"https:\\\/\\\/2025.anoiaturisme.cat\\\/experiencies\\\/a-la-natura\\\/#primaryimage\"},\"image\":{\"@id\":\"https:\\\/\\\/2025.anoiaturisme.cat\\\/experiencies\\\/a-la-natura\\\/#primaryimage\"},\"thumbnailUrl\":\"https:\\\/\\\/2025.anoiaturisme.cat\\\/wp-content\\\/uploads\\\/2017\\\/10\\\/gorg-1234-angles.jpg\",\"datePublished\":\"2026-01-23T13:33:47+00:00\",\"dateModified\":\"2026-03-30T15:44:32+00:00\",\"breadcrumb\":{\"@id\":\"https:\\\/\\\/2025.anoiaturisme.cat\\\/experiencies\\\/a-la-natura\\\/#breadcrumb\"},\"inLanguage\":\"es\",\"potentialAction\":[{\"@type\":\"ReadAction\",\"target\":[\"https:\\\/\\\/2025.anoiaturisme.cat\\\/experiencies\\\/a-la-natura\\\/\"]}]},{\"@type\":\"ImageObject\",\"inLanguage\":\"es\",\"@id\":\"https:\\\/\\\/2025.anoiaturisme.cat\\\/experiencies\\\/a-la-natura\\\/#primaryimage\",\"url\":\"https:\\\/\\\/2025.anoiaturisme.cat\\\/wp-content\\\/uploads\\\/2017\\\/10\\\/gorg-1234-angles.jpg\",\"contentUrl\":\"https:\\\/\\\/2025.anoiaturisme.cat\\\/wp-content\\\/uploads\\\/2017\\\/10\\\/gorg-1234-angles.jpg\",\"width\":1000,\"height\":500,\"caption\":\"http:\\\/\\\/anoiaturisme.test\\\/en\\\/cat\\\/natural-pools-ans-waterfalls-magical-places\\\/\"},{\"@type\":\"BreadcrumbList\",\"@id\":\"https:\\\/\\\/2025.anoiaturisme.cat\\\/experiencies\\\/a-la-natura\\\/#breadcrumb\",\"itemListElement\":[{\"@type\":\"ListItem\",\"position\":1,\"name\":\"Inici\",\"item\":\"https:\\\/\\\/2025.anoiaturisme.cat\\\/\"},{\"@type\":\"ListItem\",\"position\":2,\"name\":\"Experi\u00e8ncies\",\"item\":\"https:\\\/\\\/2025.anoiaturisme.cat\\\/experiencies\\\/\"},{\"@type\":\"ListItem\",\"position\":3,\"name\":\"A la natura\"}]},{\"@type\":\"WebSite\",\"@id\":\"https:\\\/\\\/2025.anoiaturisme.cat\\\/#website\",\"url\":\"https:\\\/\\\/2025.anoiaturisme.cat\\\/\",\"name\":\"Anoia Turisme\",\"description\":\"Anoia Turisme\",\"potentialAction\":[{\"@type\":\"SearchAction\",\"target\":{\"@type\":\"EntryPoint\",\"urlTemplate\":\"https:\\\/\\\/2025.anoiaturisme.cat\\\/?s={search_term_string}\"},\"query-input\":{\"@type\":\"PropertyValueSpecification\",\"valueRequired\":true,\"valueName\":\"search_term_string\"}}],\"inLanguage\":\"es\"}]}<\/script>\n<!-- \/ Yoast SEO plugin. -->","yoast_head_json":{"title":"A la natura - Anoia Turisme","robots":{"index":"noindex","follow":"follow","max-snippet":"max-snippet:-1","max-image-preview":"max-image-preview:large","max-video-preview":"max-video-preview:-1"},"og_locale":"es_ES","og_type":"article","og_title":"A la natura - Anoia Turisme","og_description":"Experi\u00e8ncies \u00faniques rodejats de natura.","og_url":"https:\/\/2025.anoiaturisme.cat\/es\/experiencies\/a-la-natura\/","og_site_name":"Anoia Turisme","article_modified_time":"2026-03-30T15:44:32+00:00","og_image":[{"width":1000,"height":500,"url":"https:\/\/2025.anoiaturisme.cat\/wp-content\/uploads\/2017\/10\/gorg-1234-angles.jpg","type":"image\/jpeg"}],"twitter_card":"summary_large_image","schema":{"@context":"https:\/\/schema.org","@graph":[{"@type":"WebPage","@id":"https:\/\/2025.anoiaturisme.cat\/experiencies\/a-la-natura\/","url":"https:\/\/2025.anoiaturisme.cat\/experiencies\/a-la-natura\/","name":"A la natura - Anoia Turisme","isPartOf":{"@id":"https:\/\/2025.anoiaturisme.cat\/#website"},"primaryImageOfPage":{"@id":"https:\/\/2025.anoiaturisme.cat\/experiencies\/a-la-natura\/#primaryimage"},"image":{"@id":"https:\/\/2025.anoiaturisme.cat\/experiencies\/a-la-natura\/#primaryimage"},"thumbnailUrl":"https:\/\/2025.anoiaturisme.cat\/wp-content\/uploads\/2017\/10\/gorg-1234-angles.jpg","datePublished":"2026-01-23T13:33:47+00:00","dateModified":"2026-03-30T15:44:32+00:00","breadcrumb":{"@id":"https:\/\/2025.anoiaturisme.cat\/experiencies\/a-la-natura\/#breadcrumb"},"inLanguage":"es","potentialAction":[{"@type":"ReadAction","target":["https:\/\/2025.anoiaturisme.cat\/experiencies\/a-la-natura\/"]}]},{"@type":"ImageObject","inLanguage":"es","@id":"https:\/\/2025.anoiaturisme.cat\/experiencies\/a-la-natura\/#primaryimage","url":"https:\/\/2025.anoiaturisme.cat\/wp-content\/uploads\/2017\/10\/gorg-1234-angles.jpg","contentUrl":"https:\/\/2025.anoiaturisme.cat\/wp-content\/uploads\/2017\/10\/gorg-1234-angles.jpg","width":1000,"height":500,"caption":"http:\/\/anoiaturisme.test\/en\/cat\/natural-pools-ans-waterfalls-magical-places\/"},{"@type":"BreadcrumbList","@id":"https:\/\/2025.anoiaturisme.cat\/experiencies\/a-la-natura\/#breadcrumb","itemListElement":[{"@type":"ListItem","position":1,"name":"Inici","item":"https:\/\/2025.anoiaturisme.cat\/"},{"@type":"ListItem","position":2,"name":"Experi\u00e8ncies","item":"https:\/\/2025.anoiaturisme.cat\/experiencies\/"},{"@type":"ListItem","position":3,"name":"A la natura"}]},{"@type":"WebSite","@id":"https:\/\/2025.anoiaturisme.cat\/#website","url":"https:\/\/2025.anoiaturisme.cat\/","name":"Anoia Turisme","description":"Anoia Turisme","potentialAction":[{"@type":"SearchAction","target":{"@type":"EntryPoint","urlTemplate":"https:\/\/2025.anoiaturisme.cat\/?s={search_term_string}"},"query-input":{"@type":"PropertyValueSpecification","valueRequired":true,"valueName":"search_term_string"}}],"inLanguage":"es"}]}},"_links":{"self":[{"href":"https:\/\/2025.anoiaturisme.cat\/es\/wp-json\/wp\/v2\/pages\/256691","targetHints":{"allow":["GET"]}}],"collection":[{"href":"https:\/\/2025.anoiaturisme.cat\/es\/wp-json\/wp\/v2\/pages"}],"about":[{"href":"https:\/\/2025.anoiaturisme.cat\/es\/wp-json\/wp\/v2\/types\/page"}],"author":[{"embeddable":true,"href":"https:\/\/2025.anoiaturisme.cat\/es\/wp-json\/wp\/v2\/users\/1"}],"replies":[{"embeddable":true,"href":"https:\/\/2025.anoiaturisme.cat\/es\/wp-json\/wp\/v2\/comments?post=256691"}],"version-history":[{"count":12,"href":"https:\/\/2025.anoiaturisme.cat\/es\/wp-json\/wp\/v2\/pages\/256691\/revisions"}],"predecessor-version":[{"id":258874,"href":"https:\/\/2025.anoiaturisme.cat\/es\/wp-json\/wp\/v2\/pages\/256691\/revisions\/258874"}],"up":[{"embeddable":true,"href":"https:\/\/2025.anoiaturisme.cat\/es\/wp-json\/wp\/v2\/pages\/256975"}],"wp:featuredmedia":[{"embeddable":true,"href":"https:\/\/2025.anoiaturisme.cat\/es\/wp-json\/wp\/v2\/media\/249226"}],"wp:attachment":[{"href":"https:\/\/2025.anoiaturisme.cat\/es\/wp-json\/wp\/v2\/media?parent=256691"}],"wp:term":[{"taxonomy":"temes","embeddable":true,"href":"https:\/\/2025.anoiaturisme.cat\/es\/wp-json\/wp\/v2\/temes?post=256691"}],"curies":[{"name":"wp","href":"https:\/\/api.w.org\/{rel}","templated":true}]}}