{"id":256693,"date":"2026-01-23T14:34:29","date_gmt":"2026-01-23T13:34:29","guid":{"rendered":"https:\/\/2025.anoiaturisme.cat\/?page_id=256693"},"modified":"2026-03-30T16:48:54","modified_gmt":"2026-03-30T15:48:54","slug":"en-familia","status":"publish","type":"page","link":"https:\/\/2025.anoiaturisme.cat\/es\/experiencies\/en-familia\/","title":{"rendered":"En fam\u00edlia"},"content":{"rendered":"\n[et_pb_section fb_built=&#8221;1&#8243; _builder_version=&#8221;4.27.5&#8243; _module_preset=&#8221;dcf0a39c-8539-4ca4-a1a0-fd0ec90310b7&#8243; global_colors_info=&#8221;{}&#8221;][et_pb_row column_structure=&#8221;2_5,3_5&#8243; _builder_version=&#8221;4.27.5&#8243; _module_preset=&#8221;default&#8221; custom_padding=&#8221;||15px|||&#8221; locked=&#8221;off&#8221; global_colors_info=&#8221;{}&#8221;][et_pb_column type=&#8221;2_5&#8243; _builder_version=&#8221;4.27.5&#8243; _module_preset=&#8221;default&#8221; global_colors_info=&#8221;{}&#8221;][et_pb_text _builder_version=&#8221;4.27.5&#8243; _module_preset=&#8221;default&#8221; global_colors_info=&#8221;{}&#8221;]<h2>La comarca de l\u2019Anoia \u00e9s un dest\u00ed tur\u00edstic ideal per a les fam\u00edlies.<\/h2>\n<p>&nbsp;<\/p>\n<p>La comarca ofereix un gran ventall d\u2019activitats per tots els visitants que busqueu escapades i experi\u00e8ncies \u00faniques i divertides per a tota la fam\u00edlia.<\/p>[\/et_pb_text][\/et_pb_column][et_pb_column type=&#8221;3_5&#8243; _builder_version=&#8221;4.27.5&#8243; _module_preset=&#8221;default&#8221; global_colors_info=&#8221;{}&#8221;][et_pb_text _builder_version=&#8221;4.27.5&#8243; _module_preset=&#8221;default&#8221; global_colors_info=&#8221;{}&#8221;]<p>L\u2019Anoia est\u00e0 envoltada de paisatges naturals que ofereixen nombroses oportunitats per a gaudir de la natura. Aix\u00ed, si busqueu les activitats a l\u2019aire lliure, podeu fer rutes en bicicleta, a peu o a cavall. Trobareu tots els nivells, fins i tot de pensades per anar amb cotxet, amb guies, GPS o per lliure.<\/p>\n<p>Si preferiu activitats culturals, podeu visitar el Museu Mol\u00ed Paperer de Capellades, el Museu de la Pell d\u2019Igualada, el castell de la Pobla de Claramunt o el castell de Montbui, entre altres propostes que trobareu a la web anoiaturisme.cat. Aquests llocs s\u00f3n perfectes per con\u00e8ixer la hist\u00f2ria i la cultura de la comarca i gaudir d\u2019una experi\u00e8ncia cultural \u00fanica.<\/p>\n<p>Els amants de les experi\u00e8ncies \u00faniques, a l\u2019Anoia no us les acabareu. Podreu fer de pastors d\u2019un ramat d\u2019ovelles, ser protagonistes d\u2019un circ, descobrir els secrets del cel, fer d\u2019arque\u00f2legs i gaudir de l\u2019Anoia des de l\u2019aire pujant a un globus aerost\u00e0tic. La comarca tamb\u00e9 ofereix altres activitats per a fer en fam\u00edlia; la visita al centre de recuperaci\u00f3 d\u2019amfibis i r\u00e8ptils, participar en un escape farm, visitar el museu del tren en miniatura, en s\u00f3n algunes propostes.<\/p>\n<p>A m\u00e9s, la comarca de l\u2019Anoia t\u00e9 una gran varietat d\u2019allotjaments enfocats al turisme familiar. Des de cases rurals amb activitats per a nens fins a hotels, segur que trobareu l\u2019opci\u00f3 perfecta per a la vostra fam\u00edlia.<\/p>\n<p>L\u2019Anoia \u00e9s un dest\u00ed ideal per al turisme familiar. Amb la seva proximitat a Barcelona i la seva oferta de natura, cultura, activitats i allotjaments la fan una destinaci\u00f3 pr\u00f2xima, f\u00e0cil i que de segur us sorprendr\u00e0<\/p>\n<p>Segur que hi trobareu l\u2019escapada inoblidable per a la vostra fam\u00edlia.<\/p>[\/et_pb_text][\/et_pb_column][\/et_pb_row][\/et_pb_section][et_pb_section fb_built=&#8221;1&#8243; _builder_version=&#8221;4.27.5&#8243; _module_preset=&#8221;default&#8221; custom_padding=&#8221;25px|||||&#8221; global_colors_info=&#8221;{}&#8221;][et_pb_row _builder_version=&#8221;4.27.5&#8243; _module_preset=&#8221;default&#8221; global_colors_info=&#8221;{}&#8221;][et_pb_column type=&#8221;4_4&#8243; _builder_version=&#8221;4.27.5&#8243; _module_preset=&#8221;default&#8221; global_colors_info=&#8221;{}&#8221;][ad3_pagina_continguts_relacionats _builder_version=&#8221;4.27.5&#8243; _module_preset=&#8221;default&#8221; hover_enabled=&#8221;0&#8243; global_colors_info=&#8221;{}&#8221; columns=&#8221;4&#8243; sticky_enabled=&#8221;0&#8243;][\/ad3_pagina_continguts_relacionats][ad3_galeria_imatges _builder_version=&#8221;4.27.5&#8243; _module_preset=&#8221;default&#8221; hover_enabled=&#8221;0&#8243; sticky_enabled=&#8221;0&#8243;][\/ad3_galeria_imatges][\/et_pb_column][\/et_pb_row][\/et_pb_section]\n","protected":false},"excerpt":{"rendered":"<p>La comarca de l\u2019Anoia \u00e9s un dest\u00ed tur\u00edstic ideal per a les fam\u00edlies. &nbsp; La comarca ofereix un gran ventall d\u2019activitats per tots els visitants que busqueu escapades i experi\u00e8ncies \u00faniques i divertides per a tota la fam\u00edlia.L\u2019Anoia est\u00e0 envoltada de paisatges naturals que ofereixen nombroses oportunitats per a gaudir de la natura. Aix\u00ed, si [&hellip;]<\/p>\n","protected":false},"author":1,"featured_media":252206,"parent":256975,"menu_order":0,"comment_status":"closed","ping_status":"closed","template":"","meta":{"_acf_changed":false,"_et_pb_use_builder":"on","_et_pb_old_content":"","_et_gb_content_width":"","inline_featured_image":false,"footnotes":""},"temes":[],"class_list":["post-256693","page","type-page","status-publish","has-post-thumbnail","hentry"],"acf":[],"yoast_head":"<!-- This site is optimized with the Yoast SEO plugin v27.3 - https:\/\/yoast.com\/product\/yoast-seo-wordpress\/ -->\n<title>En fam\u00edlia - Anoia Turisme<\/title>\n<meta name=\"robots\" content=\"noindex, follow, max-snippet:-1, max-image-preview:large, max-video-preview:-1\" \/>\n<meta property=\"og:locale\" content=\"es_ES\" \/>\n<meta property=\"og:type\" content=\"article\" \/>\n<meta property=\"og:title\" content=\"En fam\u00edlia - Anoia Turisme\" \/>\n<meta property=\"og:description\" content=\"La comarca de l\u2019Anoia \u00e9s un dest\u00ed tur\u00edstic ideal per a les fam\u00edlies. &nbsp; La comarca ofereix un gran ventall d\u2019activitats per tots els visitants que busqueu escapades i experi\u00e8ncies \u00faniques i divertides per a tota la fam\u00edlia.L\u2019Anoia est\u00e0 envoltada de paisatges naturals que ofereixen nombroses oportunitats per a gaudir de la natura. Aix\u00ed, si [&hellip;]\" \/>\n<meta property=\"og:url\" content=\"https:\/\/2025.anoiaturisme.cat\/es\/experiencies\/en-familia\/\" \/>\n<meta property=\"og:site_name\" content=\"Anoia Turisme\" \/>\n<meta property=\"article:modified_time\" content=\"2026-03-30T15:48:54+00:00\" \/>\n<meta property=\"og:image\" content=\"https:\/\/2025.anoiaturisme.cat\/wp-content\/uploads\/2023\/10\/familia-anoia-turisme-1-01.jpg\" \/>\n\t<meta property=\"og:image:width\" content=\"1000\" \/>\n\t<meta property=\"og:image:height\" content=\"500\" \/>\n\t<meta property=\"og:image:type\" content=\"image\/jpeg\" \/>\n<meta name=\"twitter:card\" content=\"summary_large_image\" \/>\n<script type=\"application\/ld+json\" class=\"yoast-schema-graph\">{\"@context\":\"https:\\\/\\\/schema.org\",\"@graph\":[{\"@type\":\"WebPage\",\"@id\":\"https:\\\/\\\/2025.anoiaturisme.cat\\\/experiencies\\\/en-familia\\\/\",\"url\":\"https:\\\/\\\/2025.anoiaturisme.cat\\\/experiencies\\\/en-familia\\\/\",\"name\":\"En fam\u00edlia - Anoia Turisme\",\"isPartOf\":{\"@id\":\"https:\\\/\\\/2025.anoiaturisme.cat\\\/#website\"},\"primaryImageOfPage\":{\"@id\":\"https:\\\/\\\/2025.anoiaturisme.cat\\\/experiencies\\\/en-familia\\\/#primaryimage\"},\"image\":{\"@id\":\"https:\\\/\\\/2025.anoiaturisme.cat\\\/experiencies\\\/en-familia\\\/#primaryimage\"},\"thumbnailUrl\":\"https:\\\/\\\/2025.anoiaturisme.cat\\\/wp-content\\\/uploads\\\/2023\\\/10\\\/familia-anoia-turisme-1-01.jpg\",\"datePublished\":\"2026-01-23T13:34:29+00:00\",\"dateModified\":\"2026-03-30T15:48:54+00:00\",\"breadcrumb\":{\"@id\":\"https:\\\/\\\/2025.anoiaturisme.cat\\\/experiencies\\\/en-familia\\\/#breadcrumb\"},\"inLanguage\":\"es\",\"potentialAction\":[{\"@type\":\"ReadAction\",\"target\":[\"https:\\\/\\\/2025.anoiaturisme.cat\\\/experiencies\\\/en-familia\\\/\"]}]},{\"@type\":\"ImageObject\",\"inLanguage\":\"es\",\"@id\":\"https:\\\/\\\/2025.anoiaturisme.cat\\\/experiencies\\\/en-familia\\\/#primaryimage\",\"url\":\"https:\\\/\\\/2025.anoiaturisme.cat\\\/wp-content\\\/uploads\\\/2023\\\/10\\\/familia-anoia-turisme-1-01.jpg\",\"contentUrl\":\"https:\\\/\\\/2025.anoiaturisme.cat\\\/wp-content\\\/uploads\\\/2023\\\/10\\\/familia-anoia-turisme-1-01.jpg\",\"width\":1000,\"height\":500},{\"@type\":\"BreadcrumbList\",\"@id\":\"https:\\\/\\\/2025.anoiaturisme.cat\\\/experiencies\\\/en-familia\\\/#breadcrumb\",\"itemListElement\":[{\"@type\":\"ListItem\",\"position\":1,\"name\":\"Inici\",\"item\":\"https:\\\/\\\/2025.anoiaturisme.cat\\\/\"},{\"@type\":\"ListItem\",\"position\":2,\"name\":\"Experi\u00e8ncies\",\"item\":\"https:\\\/\\\/2025.anoiaturisme.cat\\\/experiencies\\\/\"},{\"@type\":\"ListItem\",\"position\":3,\"name\":\"En fam\u00edlia\"}]},{\"@type\":\"WebSite\",\"@id\":\"https:\\\/\\\/2025.anoiaturisme.cat\\\/#website\",\"url\":\"https:\\\/\\\/2025.anoiaturisme.cat\\\/\",\"name\":\"Anoia Turisme\",\"description\":\"Anoia Turisme\",\"potentialAction\":[{\"@type\":\"SearchAction\",\"target\":{\"@type\":\"EntryPoint\",\"urlTemplate\":\"https:\\\/\\\/2025.anoiaturisme.cat\\\/?s={search_term_string}\"},\"query-input\":{\"@type\":\"PropertyValueSpecification\",\"valueRequired\":true,\"valueName\":\"search_term_string\"}}],\"inLanguage\":\"es\"}]}<\/script>\n<!-- \/ Yoast SEO plugin. -->","yoast_head_json":{"title":"En fam\u00edlia - Anoia Turisme","robots":{"index":"noindex","follow":"follow","max-snippet":"max-snippet:-1","max-image-preview":"max-image-preview:large","max-video-preview":"max-video-preview:-1"},"og_locale":"es_ES","og_type":"article","og_title":"En fam\u00edlia - Anoia Turisme","og_description":"La comarca de l\u2019Anoia \u00e9s un dest\u00ed tur\u00edstic ideal per a les fam\u00edlies. &nbsp; La comarca ofereix un gran ventall d\u2019activitats per tots els visitants que busqueu escapades i experi\u00e8ncies \u00faniques i divertides per a tota la fam\u00edlia.L\u2019Anoia est\u00e0 envoltada de paisatges naturals que ofereixen nombroses oportunitats per a gaudir de la natura. Aix\u00ed, si [&hellip;]","og_url":"https:\/\/2025.anoiaturisme.cat\/es\/experiencies\/en-familia\/","og_site_name":"Anoia Turisme","article_modified_time":"2026-03-30T15:48:54+00:00","og_image":[{"width":1000,"height":500,"url":"https:\/\/2025.anoiaturisme.cat\/wp-content\/uploads\/2023\/10\/familia-anoia-turisme-1-01.jpg","type":"image\/jpeg"}],"twitter_card":"summary_large_image","schema":{"@context":"https:\/\/schema.org","@graph":[{"@type":"WebPage","@id":"https:\/\/2025.anoiaturisme.cat\/experiencies\/en-familia\/","url":"https:\/\/2025.anoiaturisme.cat\/experiencies\/en-familia\/","name":"En fam\u00edlia - Anoia Turisme","isPartOf":{"@id":"https:\/\/2025.anoiaturisme.cat\/#website"},"primaryImageOfPage":{"@id":"https:\/\/2025.anoiaturisme.cat\/experiencies\/en-familia\/#primaryimage"},"image":{"@id":"https:\/\/2025.anoiaturisme.cat\/experiencies\/en-familia\/#primaryimage"},"thumbnailUrl":"https:\/\/2025.anoiaturisme.cat\/wp-content\/uploads\/2023\/10\/familia-anoia-turisme-1-01.jpg","datePublished":"2026-01-23T13:34:29+00:00","dateModified":"2026-03-30T15:48:54+00:00","breadcrumb":{"@id":"https:\/\/2025.anoiaturisme.cat\/experiencies\/en-familia\/#breadcrumb"},"inLanguage":"es","potentialAction":[{"@type":"ReadAction","target":["https:\/\/2025.anoiaturisme.cat\/experiencies\/en-familia\/"]}]},{"@type":"ImageObject","inLanguage":"es","@id":"https:\/\/2025.anoiaturisme.cat\/experiencies\/en-familia\/#primaryimage","url":"https:\/\/2025.anoiaturisme.cat\/wp-content\/uploads\/2023\/10\/familia-anoia-turisme-1-01.jpg","contentUrl":"https:\/\/2025.anoiaturisme.cat\/wp-content\/uploads\/2023\/10\/familia-anoia-turisme-1-01.jpg","width":1000,"height":500},{"@type":"BreadcrumbList","@id":"https:\/\/2025.anoiaturisme.cat\/experiencies\/en-familia\/#breadcrumb","itemListElement":[{"@type":"ListItem","position":1,"name":"Inici","item":"https:\/\/2025.anoiaturisme.cat\/"},{"@type":"ListItem","position":2,"name":"Experi\u00e8ncies","item":"https:\/\/2025.anoiaturisme.cat\/experiencies\/"},{"@type":"ListItem","position":3,"name":"En fam\u00edlia"}]},{"@type":"WebSite","@id":"https:\/\/2025.anoiaturisme.cat\/#website","url":"https:\/\/2025.anoiaturisme.cat\/","name":"Anoia Turisme","description":"Anoia Turisme","potentialAction":[{"@type":"SearchAction","target":{"@type":"EntryPoint","urlTemplate":"https:\/\/2025.anoiaturisme.cat\/?s={search_term_string}"},"query-input":{"@type":"PropertyValueSpecification","valueRequired":true,"valueName":"search_term_string"}}],"inLanguage":"es"}]}},"_links":{"self":[{"href":"https:\/\/2025.anoiaturisme.cat\/es\/wp-json\/wp\/v2\/pages\/256693","targetHints":{"allow":["GET"]}}],"collection":[{"href":"https:\/\/2025.anoiaturisme.cat\/es\/wp-json\/wp\/v2\/pages"}],"about":[{"href":"https:\/\/2025.anoiaturisme.cat\/es\/wp-json\/wp\/v2\/types\/page"}],"author":[{"embeddable":true,"href":"https:\/\/2025.anoiaturisme.cat\/es\/wp-json\/wp\/v2\/users\/1"}],"replies":[{"embeddable":true,"href":"https:\/\/2025.anoiaturisme.cat\/es\/wp-json\/wp\/v2\/comments?post=256693"}],"version-history":[{"count":15,"href":"https:\/\/2025.anoiaturisme.cat\/es\/wp-json\/wp\/v2\/pages\/256693\/revisions"}],"predecessor-version":[{"id":258876,"href":"https:\/\/2025.anoiaturisme.cat\/es\/wp-json\/wp\/v2\/pages\/256693\/revisions\/258876"}],"up":[{"embeddable":true,"href":"https:\/\/2025.anoiaturisme.cat\/es\/wp-json\/wp\/v2\/pages\/256975"}],"wp:featuredmedia":[{"embeddable":true,"href":"https:\/\/2025.anoiaturisme.cat\/es\/wp-json\/wp\/v2\/media\/252206"}],"wp:attachment":[{"href":"https:\/\/2025.anoiaturisme.cat\/es\/wp-json\/wp\/v2\/media?parent=256693"}],"wp:term":[{"taxonomy":"temes","embeddable":true,"href":"https:\/\/2025.anoiaturisme.cat\/es\/wp-json\/wp\/v2\/temes?post=256693"}],"curies":[{"name":"wp","href":"https:\/\/api.w.org\/{rel}","templated":true}]}}