{"id":256697,"date":"2026-01-23T14:37:28","date_gmt":"2026-01-23T13:37:28","guid":{"rendered":"https:\/\/2025.anoiaturisme.cat\/?page_id=256697"},"modified":"2026-04-15T11:23:12","modified_gmt":"2026-04-15T10:23:12","slug":"per-viure-emocions-fortes","status":"publish","type":"page","link":"https:\/\/2025.anoiaturisme.cat\/es\/experiencies\/per-viure-emocions-fortes\/","title":{"rendered":"Per viure emocions fortes"},"content":{"rendered":"<p>[et_pb_section fb_built=&#8221;1&#8243; _builder_version=&#8221;4.27.5&#8243; _module_preset=&#8221;dcf0a39c-8539-4ca4-a1a0-fd0ec90310b7&#8243; global_colors_info=&#8221;{}&#8221;][et_pb_row column_structure=&#8221;1_2,1_2&#8243; _builder_version=&#8221;4.27.5&#8243; _module_preset=&#8221;default&#8221; locked=&#8221;off&#8221; global_colors_info=&#8221;{}&#8221;][et_pb_column type=&#8221;1_2&#8243; _builder_version=&#8221;4.27.5&#8243; _module_preset=&#8221;default&#8221; global_colors_info=&#8221;{}&#8221;][et_pb_text _builder_version=&#8221;4.27.5&#8243; _module_preset=&#8221;default&#8221; global_colors_info=&#8221;{}&#8221;]<\/p>\n<h2>Adrenalina, emocions fortes i diversi\u00f3 a l\u2019Anoia.<\/h2>\n<p>[\/et_pb_text][\/et_pb_column][et_pb_column type=&#8221;1_2&#8243; _builder_version=&#8221;4.27.5&#8243; _module_preset=&#8221;default&#8221; global_colors_info=&#8221;{}&#8221;][et_pb_text _builder_version=&#8221;4.27.5&#8243; _module_preset=&#8221;default&#8221; hover_enabled=&#8221;0&#8243; global_colors_info=&#8221;{}&#8221; sticky_enabled=&#8221;0&#8243;]<\/p>\n<p>L\u2019Anoia \u00e9s un dest\u00ed que tamb\u00e9 permet un turisme actiu i emocionant per a tots els p\u00fablics. La diversi\u00f3 esta assegurada.<\/p>\n<p>[\/et_pb_text][\/et_pb_column][\/et_pb_row][\/et_pb_section][et_pb_section fb_built=&#8221;1&#8243; _builder_version=&#8221;4.27.5&#8243; _module_preset=&#8221;default&#8221; global_colors_info=&#8221;{}&#8221;][et_pb_row _builder_version=&#8221;4.27.5&#8243; _module_preset=&#8221;default&#8221; global_colors_info=&#8221;{}&#8221;][et_pb_column type=&#8221;4_4&#8243; _builder_version=&#8221;4.27.5&#8243; _module_preset=&#8221;default&#8221; global_colors_info=&#8221;{}&#8221;][ad3_pagina_continguts_relacionats _builder_version=&#8221;4.27.5&#8243; _module_preset=&#8221;default&#8221; global_colors_info=&#8221;{}&#8221;][\/ad3_pagina_continguts_relacionats][\/et_pb_column][\/et_pb_row][\/et_pb_section]<\/p>\n","protected":false},"excerpt":{"rendered":"<p>Adrenalina, emocions fortes i diversi\u00f3 a l\u2019Anoia.L\u2019Anoia \u00e9s un dest\u00ed que tamb\u00e9 permet un turisme actiu i emocionant per a tots els p\u00fablics. La diversi\u00f3 esta assegurada.<div class=\"et_pb_module ad3_pagina_continguts_relacionats ad3_pagina_continguts_relacionats_0\">\n\t\t\t\t\n\t\t\t\t\n\t\t\t\t\n\t\t\t\t\n\t\t\t\t\n\t\t\t\t\n\t\t\t\t<div class=\"et_pb_module_inner\">\n\t\t\t\t\t<div class=\"ad3-wrap\">\n            <div class=\"tw-text-xl tw-text-center tw-my-8 tw-w-full\">\n            No s&#039;han trobat informacions.\n        <\/div>\n    <\/div>\n\n\t\t\t\t<\/div>\n\t\t\t<\/div><\/p>","protected":false},"author":1,"featured_media":252501,"parent":256975,"menu_order":0,"comment_status":"closed","ping_status":"closed","template":"","meta":{"_acf_changed":false,"_et_pb_use_builder":"on","_et_pb_old_content":"<!-- wp:divi\/placeholder \/-->","_et_gb_content_width":"","inline_featured_image":false,"footnotes":""},"temes":[],"class_list":["post-256697","page","type-page","status-publish","has-post-thumbnail","hentry"],"acf":[],"yoast_head":"<!-- This site is optimized with the Yoast SEO plugin v27.3 - https:\/\/yoast.com\/product\/yoast-seo-wordpress\/ -->\n<title>Per viure emocions fortes - Anoia Turisme<\/title>\n<meta name=\"robots\" content=\"noindex, follow, max-snippet:-1, max-image-preview:large, max-video-preview:-1\" \/>\n<meta property=\"og:locale\" content=\"es_ES\" \/>\n<meta property=\"og:type\" content=\"article\" \/>\n<meta property=\"og:title\" content=\"Per viure emocions fortes - Anoia Turisme\" \/>\n<meta property=\"og:description\" content=\"Adrenalina, emocions fortes i diversi\u00f3 a l\u2019Anoia.L\u2019Anoia \u00e9s un dest\u00ed que tamb\u00e9 permet un turisme actiu i emocionant per a tots els p\u00fablics. La diversi\u00f3 esta assegurada.\" \/>\n<meta property=\"og:url\" content=\"https:\/\/2025.anoiaturisme.cat\/es\/experiencies\/per-viure-emocions-fortes\/\" \/>\n<meta property=\"og:site_name\" content=\"Anoia Turisme\" \/>\n<meta property=\"article:modified_time\" content=\"2026-04-15T10:23:12+00:00\" \/>\n<meta property=\"og:image\" content=\"https:\/\/2025.anoiaturisme.cat\/wp-content\/uploads\/2024\/12\/sky-crew-parapent.png\" \/>\n\t<meta property=\"og:image:width\" content=\"1000\" \/>\n\t<meta property=\"og:image:height\" content=\"500\" \/>\n\t<meta property=\"og:image:type\" content=\"image\/png\" \/>\n<meta name=\"twitter:card\" content=\"summary_large_image\" \/>\n<script type=\"application\/ld+json\" class=\"yoast-schema-graph\">{\"@context\":\"https:\\\/\\\/schema.org\",\"@graph\":[{\"@type\":\"WebPage\",\"@id\":\"https:\\\/\\\/2025.anoiaturisme.cat\\\/experiencies\\\/per-viure-emocions-fortes\\\/\",\"url\":\"https:\\\/\\\/2025.anoiaturisme.cat\\\/experiencies\\\/per-viure-emocions-fortes\\\/\",\"name\":\"Per viure emocions fortes - Anoia Turisme\",\"isPartOf\":{\"@id\":\"https:\\\/\\\/2025.anoiaturisme.cat\\\/#website\"},\"primaryImageOfPage\":{\"@id\":\"https:\\\/\\\/2025.anoiaturisme.cat\\\/experiencies\\\/per-viure-emocions-fortes\\\/#primaryimage\"},\"image\":{\"@id\":\"https:\\\/\\\/2025.anoiaturisme.cat\\\/experiencies\\\/per-viure-emocions-fortes\\\/#primaryimage\"},\"thumbnailUrl\":\"https:\\\/\\\/2025.anoiaturisme.cat\\\/wp-content\\\/uploads\\\/2024\\\/12\\\/sky-crew-parapent.png\",\"datePublished\":\"2026-01-23T13:37:28+00:00\",\"dateModified\":\"2026-04-15T10:23:12+00:00\",\"breadcrumb\":{\"@id\":\"https:\\\/\\\/2025.anoiaturisme.cat\\\/experiencies\\\/per-viure-emocions-fortes\\\/#breadcrumb\"},\"inLanguage\":\"es\",\"potentialAction\":[{\"@type\":\"ReadAction\",\"target\":[\"https:\\\/\\\/2025.anoiaturisme.cat\\\/experiencies\\\/per-viure-emocions-fortes\\\/\"]}]},{\"@type\":\"ImageObject\",\"inLanguage\":\"es\",\"@id\":\"https:\\\/\\\/2025.anoiaturisme.cat\\\/experiencies\\\/per-viure-emocions-fortes\\\/#primaryimage\",\"url\":\"https:\\\/\\\/2025.anoiaturisme.cat\\\/wp-content\\\/uploads\\\/2024\\\/12\\\/sky-crew-parapent.png\",\"contentUrl\":\"https:\\\/\\\/2025.anoiaturisme.cat\\\/wp-content\\\/uploads\\\/2024\\\/12\\\/sky-crew-parapent.png\",\"width\":1000,\"height\":500},{\"@type\":\"BreadcrumbList\",\"@id\":\"https:\\\/\\\/2025.anoiaturisme.cat\\\/experiencies\\\/per-viure-emocions-fortes\\\/#breadcrumb\",\"itemListElement\":[{\"@type\":\"ListItem\",\"position\":1,\"name\":\"Inici\",\"item\":\"https:\\\/\\\/2025.anoiaturisme.cat\\\/\"},{\"@type\":\"ListItem\",\"position\":2,\"name\":\"Experi\u00e8ncies\",\"item\":\"https:\\\/\\\/2025.anoiaturisme.cat\\\/experiencies\\\/\"},{\"@type\":\"ListItem\",\"position\":3,\"name\":\"Per viure emocions fortes\"}]},{\"@type\":\"WebSite\",\"@id\":\"https:\\\/\\\/2025.anoiaturisme.cat\\\/#website\",\"url\":\"https:\\\/\\\/2025.anoiaturisme.cat\\\/\",\"name\":\"Anoia Turisme\",\"description\":\"Anoia Turisme\",\"potentialAction\":[{\"@type\":\"SearchAction\",\"target\":{\"@type\":\"EntryPoint\",\"urlTemplate\":\"https:\\\/\\\/2025.anoiaturisme.cat\\\/?s={search_term_string}\"},\"query-input\":{\"@type\":\"PropertyValueSpecification\",\"valueRequired\":true,\"valueName\":\"search_term_string\"}}],\"inLanguage\":\"es\"}]}<\/script>\n<!-- \/ Yoast SEO plugin. -->","yoast_head_json":{"title":"Per viure emocions fortes - Anoia Turisme","robots":{"index":"noindex","follow":"follow","max-snippet":"max-snippet:-1","max-image-preview":"max-image-preview:large","max-video-preview":"max-video-preview:-1"},"og_locale":"es_ES","og_type":"article","og_title":"Per viure emocions fortes - Anoia Turisme","og_description":"Adrenalina, emocions fortes i diversi\u00f3 a l\u2019Anoia.L\u2019Anoia \u00e9s un dest\u00ed que tamb\u00e9 permet un turisme actiu i emocionant per a tots els p\u00fablics. La diversi\u00f3 esta assegurada.","og_url":"https:\/\/2025.anoiaturisme.cat\/es\/experiencies\/per-viure-emocions-fortes\/","og_site_name":"Anoia Turisme","article_modified_time":"2026-04-15T10:23:12+00:00","og_image":[{"width":1000,"height":500,"url":"https:\/\/2025.anoiaturisme.cat\/wp-content\/uploads\/2024\/12\/sky-crew-parapent.png","type":"image\/png"}],"twitter_card":"summary_large_image","schema":{"@context":"https:\/\/schema.org","@graph":[{"@type":"WebPage","@id":"https:\/\/2025.anoiaturisme.cat\/experiencies\/per-viure-emocions-fortes\/","url":"https:\/\/2025.anoiaturisme.cat\/experiencies\/per-viure-emocions-fortes\/","name":"Per viure emocions fortes - Anoia Turisme","isPartOf":{"@id":"https:\/\/2025.anoiaturisme.cat\/#website"},"primaryImageOfPage":{"@id":"https:\/\/2025.anoiaturisme.cat\/experiencies\/per-viure-emocions-fortes\/#primaryimage"},"image":{"@id":"https:\/\/2025.anoiaturisme.cat\/experiencies\/per-viure-emocions-fortes\/#primaryimage"},"thumbnailUrl":"https:\/\/2025.anoiaturisme.cat\/wp-content\/uploads\/2024\/12\/sky-crew-parapent.png","datePublished":"2026-01-23T13:37:28+00:00","dateModified":"2026-04-15T10:23:12+00:00","breadcrumb":{"@id":"https:\/\/2025.anoiaturisme.cat\/experiencies\/per-viure-emocions-fortes\/#breadcrumb"},"inLanguage":"es","potentialAction":[{"@type":"ReadAction","target":["https:\/\/2025.anoiaturisme.cat\/experiencies\/per-viure-emocions-fortes\/"]}]},{"@type":"ImageObject","inLanguage":"es","@id":"https:\/\/2025.anoiaturisme.cat\/experiencies\/per-viure-emocions-fortes\/#primaryimage","url":"https:\/\/2025.anoiaturisme.cat\/wp-content\/uploads\/2024\/12\/sky-crew-parapent.png","contentUrl":"https:\/\/2025.anoiaturisme.cat\/wp-content\/uploads\/2024\/12\/sky-crew-parapent.png","width":1000,"height":500},{"@type":"BreadcrumbList","@id":"https:\/\/2025.anoiaturisme.cat\/experiencies\/per-viure-emocions-fortes\/#breadcrumb","itemListElement":[{"@type":"ListItem","position":1,"name":"Inici","item":"https:\/\/2025.anoiaturisme.cat\/"},{"@type":"ListItem","position":2,"name":"Experi\u00e8ncies","item":"https:\/\/2025.anoiaturisme.cat\/experiencies\/"},{"@type":"ListItem","position":3,"name":"Per viure emocions fortes"}]},{"@type":"WebSite","@id":"https:\/\/2025.anoiaturisme.cat\/#website","url":"https:\/\/2025.anoiaturisme.cat\/","name":"Anoia Turisme","description":"Anoia Turisme","potentialAction":[{"@type":"SearchAction","target":{"@type":"EntryPoint","urlTemplate":"https:\/\/2025.anoiaturisme.cat\/?s={search_term_string}"},"query-input":{"@type":"PropertyValueSpecification","valueRequired":true,"valueName":"search_term_string"}}],"inLanguage":"es"}]}},"_links":{"self":[{"href":"https:\/\/2025.anoiaturisme.cat\/es\/wp-json\/wp\/v2\/pages\/256697","targetHints":{"allow":["GET"]}}],"collection":[{"href":"https:\/\/2025.anoiaturisme.cat\/es\/wp-json\/wp\/v2\/pages"}],"about":[{"href":"https:\/\/2025.anoiaturisme.cat\/es\/wp-json\/wp\/v2\/types\/page"}],"author":[{"embeddable":true,"href":"https:\/\/2025.anoiaturisme.cat\/es\/wp-json\/wp\/v2\/users\/1"}],"replies":[{"embeddable":true,"href":"https:\/\/2025.anoiaturisme.cat\/es\/wp-json\/wp\/v2\/comments?post=256697"}],"version-history":[{"count":11,"href":"https:\/\/2025.anoiaturisme.cat\/es\/wp-json\/wp\/v2\/pages\/256697\/revisions"}],"predecessor-version":[{"id":259107,"href":"https:\/\/2025.anoiaturisme.cat\/es\/wp-json\/wp\/v2\/pages\/256697\/revisions\/259107"}],"up":[{"embeddable":true,"href":"https:\/\/2025.anoiaturisme.cat\/es\/wp-json\/wp\/v2\/pages\/256975"}],"wp:featuredmedia":[{"embeddable":true,"href":"https:\/\/2025.anoiaturisme.cat\/es\/wp-json\/wp\/v2\/media\/252501"}],"wp:attachment":[{"href":"https:\/\/2025.anoiaturisme.cat\/es\/wp-json\/wp\/v2\/media?parent=256697"}],"wp:term":[{"taxonomy":"temes","embeddable":true,"href":"https:\/\/2025.anoiaturisme.cat\/es\/wp-json\/wp\/v2\/temes?post=256697"}],"curies":[{"name":"wp","href":"https:\/\/api.w.org\/{rel}","templated":true}]}}