{"id":256931,"date":"2025-12-03T16:26:00","date_gmt":"2025-12-03T15:26:00","guid":{"rendered":"https:\/\/2025.anoiaturisme.cat\/?page_id=256931"},"modified":"2026-03-24T17:43:31","modified_gmt":"2026-03-24T16:43:31","slug":"anoia-e-bike-land","status":"publish","type":"page","link":"https:\/\/2025.anoiaturisme.cat\/es\/inici\/anoia-e-bike-land\/","title":{"rendered":"Anoia, E-bike land"},"content":{"rendered":"<p>[et_pb_section fb_built=&#8221;1&#8243; _builder_version=&#8221;4.27.5&#8243; _module_preset=&#8221;default&#8221; custom_padding=&#8221;50px||50px||true|&#8221; global_colors_info=&#8221;{}&#8221;][et_pb_row column_structure=&#8221;1_2,1_2&#8243; _builder_version=&#8221;4.27.5&#8243; _module_preset=&#8221;default&#8221; locked=&#8221;off&#8221; global_colors_info=&#8221;{}&#8221;][et_pb_column type=&#8221;1_2&#8243; _builder_version=&#8221;4.27.5&#8243; _module_preset=&#8221;default&#8221; custom_padding_last_edited=&#8221;off|tablet&#8221; global_colors_info=&#8221;{}&#8221;][et_pb_text _builder_version=&#8221;4.27.5&#8243; _module_preset=&#8221;default&#8221; global_colors_info=&#8221;{}&#8221;]<\/p>\n<h2>L\u2019Anoia, territori eBike<\/h2>\n<p>[\/et_pb_text][\/et_pb_column][et_pb_column type=&#8221;1_2&#8243; _builder_version=&#8221;4.27.5&#8243; _module_preset=&#8221;default&#8221; global_colors_info=&#8221;{}&#8221;][et_pb_text _builder_version=&#8221;4.27.5&#8243; _module_preset=&#8221;default&#8221; global_colors_info=&#8221;{}&#8221;]<\/p>\n<p>Pedalar per l\u2019Anoia \u00e9s molt m\u00e9s que fer quil\u00f2metres: \u00e9s viure la comarca d\u2019una manera <strong>sostenible, tranquil\u00b7la i respectuosa amb l\u2019entorn<\/strong>. Gr\u00e0cies a les bicicletes el\u00e8ctriques (eBikes), explorar aquest territori amb relleu canviant es converteix en una experi\u00e8ncia accessible per a tothom, sense preocupar-se de les pujades.<\/p>\n<p><span>Amb una extensa xarxa de <strong>camins i senders<\/strong>, trobar\u00e0s itineraris per a tots els nivells: des de rutes suaus entre camps i vinyes fins a desafiaments ideals per als m\u00e9s aventurers.<\/span><span style=\"font-size: 18px;\"><\/span><\/p>\n<p>[\/et_pb_text][\/et_pb_column][\/et_pb_row][\/et_pb_section][et_pb_section fb_built=&#8221;1&#8243; custom_padding_last_edited=&#8221;off|tablet&#8221; _builder_version=&#8221;4.27.5&#8243; _module_preset=&#8221;default&#8221; custom_padding=&#8221;0px||0px||false|false&#8221; locked=&#8221;off&#8221; global_colors_info=&#8221;{}&#8221;][et_pb_row custom_padding_last_edited=&#8221;off|tablet&#8221; _builder_version=&#8221;4.27.5&#8243; _module_preset=&#8221;default&#8221; background_color=&#8221;#F2F2F2&#8243; background_video_mp4=&#8221;https:\/\/volcatbtt.com\/wp-content\/uploads\/2025\/11\/TEASER_VOLCAT_2026_WEB-1.mp4&#8243; z_index=&#8221;0&#8243; width=&#8221;100%&#8221; height=&#8221;70vh&#8221; custom_padding=&#8221;0px|||||&#8221; global_colors_info=&#8221;{}&#8221;][et_pb_column type=&#8221;4_4&#8243; _builder_version=&#8221;4.27.5&#8243; _module_preset=&#8221;default&#8221; global_colors_info=&#8221;{}&#8221;][et_pb_text _builder_version=&#8221;4.27.5&#8243; _module_preset=&#8221;default&#8221; text_font=&#8221;|600||on|||||&#8221; text_text_color=&#8221;#ffffff&#8221; header_text_color=&#8221;#ffffff&#8221; header_2_text_color=&#8221;#ffffff&#8221; text_orientation=&#8221;center&#8221; custom_padding=&#8221;35px||0px|||&#8221; text_text_shadow_style=&#8221;preset1&#8243; global_colors_info=&#8221;{}&#8221;]<\/p>\n<p>Paisatges que et sorprendran!<\/p>\n<p>[\/et_pb_text][et_pb_slider show_arrows=&#8221;off&#8221; show_pagination=&#8221;off&#8221; _builder_version=&#8221;4.27.5&#8243; _module_preset=&#8221;default&#8221; header_font=&#8221;|700|||||||&#8221; header_font_size=&#8221;50px&#8221; body_font_size=&#8221;20px&#8221; background_color=&#8221;RGBA(255,255,255,0)&#8221; position_origin_a=&#8221;bottom_right&#8221; width=&#8221;100%&#8221; custom_padding=&#8221;40px|||||&#8221; auto=&#8221;on&#8221; auto_speed=&#8221;5000&#8243; header_font_size_tablet=&#8221;36px&#8221; header_font_size_phone=&#8221;36px&#8221; header_font_size_last_edited=&#8221;on|tablet&#8221; global_colors_info=&#8221;{}&#8221;][et_pb_slide heading=&#8221;Serres i turons boscosos ideals per als amants de l\u2019aventura.&#8221; _builder_version=&#8221;4.27.5&#8243; _module_preset=&#8221;default&#8221; background_color=&#8221;RGBA(255,255,255,0)&#8221; background_enable_color=&#8221;on&#8221; global_colors_info=&#8221;{}&#8221; sticky_transition=&#8221;on&#8221;][\/et_pb_slide][et_pb_slide heading=&#8221;Planes agr\u00edcoles i vinyes, perfectes per al cicloturisme relaxat.&#8221; _builder_version=&#8221;4.27.5&#8243; _module_preset=&#8221;default&#8221; background_color=&#8221;RGBA(255,255,255,0)&#8221; background_enable_color=&#8221;on&#8221; global_colors_info=&#8221;{}&#8221; sticky_transition=&#8221;on&#8221;][\/et_pb_slide][et_pb_slide heading=&#8221;Pobles amb encant i castells medievals, que et connecten amb la hist\u00f2ria i el patrimoni local. &#8221; _builder_version=&#8221;4.27.5&#8243; _module_preset=&#8221;default&#8221; background_color=&#8221;RGBA(255,255,255,0)&#8221; background_enable_color=&#8221;on&#8221; global_colors_info=&#8221;{}&#8221; sticky_transition=&#8221;on&#8221;][\/et_pb_slide][\/et_pb_slider][\/et_pb_column][\/et_pb_row][et_pb_row column_structure=&#8221;2_3,1_3&#8243; _builder_version=&#8221;4.27.5&#8243; _module_preset=&#8221;default&#8221; global_colors_info=&#8221;{}&#8221;][et_pb_column type=&#8221;2_3&#8243; _builder_version=&#8221;4.27.5&#8243; _module_preset=&#8221;default&#8221; global_colors_info=&#8221;{}&#8221;][et_pb_text _builder_version=&#8221;4.27.5&#8243; _module_preset=&#8221;default&#8221; global_colors_info=&#8221;{}&#8221;]<\/p>\n<h2><strong>Una experi\u00e8ncia m\u00e9s enll\u00e0 del pedaleig<\/strong><\/h2>\n<p><span>Explorar l\u2019Anoia en eBike \u00e9s descobrir:<\/span><\/p>\n<ul>\n<li><span> <\/span><strong><span>Gastronomia de proximitat<\/span><\/strong><span> en cellers i restaurants rurals.<\/span><\/li>\n<li><span> <\/span><strong><span>Allotjaments amb encant<\/span><\/strong><span>, ideals per al turisme slow.<\/span><\/li>\n<li><span> <\/span><strong><span>Patrimoni cultural i hist\u00f2ric<\/span><\/strong><span>, des de castells fins a esgl\u00e9sies rom\u00e0niques.<\/span>\u00a0<\/li>\n<\/ul>\n<p><span>Tot aix\u00f2 en un entorn <strong>tranquil i allunyat de les massificacions<\/strong>, pensat per als que volen gaudir del territori amb calma i autenticitat.<\/span><\/p>\n<p>[\/et_pb_text][\/et_pb_column][et_pb_column type=&#8221;1_3&#8243; _builder_version=&#8221;4.27.5&#8243; _module_preset=&#8221;default&#8221; global_colors_info=&#8221;{}&#8221;][et_pb_blurb title=&#8221;Est\u00e0s preparat per descobrir l\u2019Anoia en eBike?&#8221; image=&#8221;https:\/\/sc.wklcdn.com\/wikiloc\/assets\/styles\/images\/logo\/wikiloc_logo.svg&#8221; icon_placement=&#8221;top&#8221; image_icon_width=&#8221;250px&#8221; icon_alignment=&#8221;left&#8221; _builder_version=&#8221;4.27.5&#8243; _module_preset=&#8221;55c33621-7053-4d16-a653-97576ab1102b&#8221; link_option_url=&#8221;https:\/\/ca.wikiloc.com\/wikiloc\/user.do?id=891254&#8243; link_option_url_new_window=&#8221;on&#8221; child_filter_brightness_last_edited=&#8221;off|desktop&#8221; child_filter_invert__hover_enabled=&#8221;on|hover&#8221; child_filter_invert__hover=&#8221;100%&#8221; child_filter_brightness__hover_enabled=&#8221;on|hover&#8221; child_filter_brightness__hover=&#8221;0%&#8221; child_filter_saturate__hover_enabled=&#8221;on|hover&#8221; child_filter_saturate__hover=&#8221;0%&#8221;]<\/p>\n<p><span>Viu una aventura sobre dues rodes en un territori sostenible, divers i ple d\u2019encant.<\/span><\/p>\n<p>[\/et_pb_blurb][\/et_pb_column][\/et_pb_row][\/et_pb_section][et_pb_section fb_built=&#8221;1&#8243; _builder_version=&#8221;4.27.5&#8243; _module_preset=&#8221;default&#8221; background_color=&#8221;#F2F2F2&#8243; custom_padding=&#8221;50px||50px||true|&#8221; global_colors_info=&#8221;{}&#8221;][et_pb_row _builder_version=&#8221;4.27.5&#8243; _module_preset=&#8221;default&#8221; global_colors_info=&#8221;{}&#8221;][et_pb_column type=&#8221;4_4&#8243; _builder_version=&#8221;4.27.5&#8243; _module_preset=&#8221;default&#8221; global_colors_info=&#8221;{}&#8221;][ad3_llista_rutes _builder_version=&#8221;4.27.5&#8243; _module_preset=&#8221;default&#8221; custom_css_free_form=&#8221;\/*.tw-leading-snug {||  display:none;||}||.ad3-wrap .tw-border-gray-100 {||  background-color:#ffffff;||  border-radius:10px;||}*\/&#8221; global_colors_info=&#8221;{}&#8221;][\/ad3_llista_rutes][\/et_pb_column][\/et_pb_row][\/et_pb_section][et_pb_section fb_built=&#8221;1&#8243; _builder_version=&#8221;4.27.5&#8243; _module_preset=&#8221;default&#8221; custom_padding=&#8221;50px||50px||true|&#8221; global_colors_info=&#8221;{}&#8221;][et_pb_row column_structure=&#8221;1_4,1_4,1_4,1_4&#8243; _builder_version=&#8221;4.27.5&#8243; _module_preset=&#8221;default&#8221; global_colors_info=&#8221;{}&#8221;][et_pb_column type=&#8221;1_4&#8243; _builder_version=&#8221;4.27.5&#8243; _module_preset=&#8221;default&#8221; global_colors_info=&#8221;{}&#8221;][\/et_pb_column][et_pb_column type=&#8221;1_4&#8243; _builder_version=&#8221;4.27.5&#8243; _module_preset=&#8221;default&#8221; global_colors_info=&#8221;{}&#8221;][et_pb_text _builder_version=&#8221;4.27.5&#8243; _module_preset=&#8221;default&#8221; global_colors_info=&#8221;{}&#8221;]<\/p>\n<h2><strong>No tens eBike? Cap problema<\/strong><\/h2>\n<p><strong><\/strong><\/p>\n<p>A <strong>Igualada<\/strong> i <strong>Calaf<\/strong> trobar\u00e0s serveis especialitzats de <strong>lloguer d\u2019eBikes<\/strong>, amb assessorament personalitzat perqu\u00e8 puguis triar la ruta m\u00e9s adequada al teu nivell.<\/p>\n<p>D\u2019aquesta manera, podr\u00e0s viure l\u2019experi\u00e8ncia sense necessitat de tenir bicicleta pr\u00f2pia.<\/p>\n<p><span>\u00a0<\/span><\/p>\n<p>[\/et_pb_text][\/et_pb_column][et_pb_column type=&#8221;1_4&#8243; _builder_version=&#8221;4.27.5&#8243; _module_preset=&#8221;default&#8221; global_colors_info=&#8221;{}&#8221;][ad3_pagina_continguts_relacionats filter_post_type=&#8221;experiencia&#8221; presentation=&#8221;card_entitat&#8221; columns=&#8221;1&#8243; _builder_version=&#8221;4.27.5&#8243; _module_preset=&#8221;default&#8221; global_colors_info=&#8221;{}&#8221;][\/ad3_pagina_continguts_relacionats][\/et_pb_column][et_pb_column type=&#8221;1_4&#8243; _builder_version=&#8221;4.27.5&#8243; _module_preset=&#8221;default&#8221; global_colors_info=&#8221;{}&#8221;][\/et_pb_column][\/et_pb_row][\/et_pb_section]<\/p>\n","protected":false},"excerpt":{"rendered":"<p>La natura la podem gaudir de moltes maneres, per\u00f2 si la vols descobrir d\u2019una manera original i aptes per a tots els p\u00fablics, l\u2019E-bike es la teva opci\u00f3. Descobreix el nostre territori E-bike.<\/p>","protected":false},"author":1,"featured_media":252541,"parent":128,"menu_order":0,"comment_status":"closed","ping_status":"closed","template":"","meta":{"_acf_changed":false,"_et_pb_use_builder":"on","_et_pb_old_content":"<!-- wp:divi\/placeholder \/-->","_et_gb_content_width":"","inline_featured_image":false,"footnotes":""},"temes":[],"class_list":["post-256931","page","type-page","status-publish","has-post-thumbnail","hentry"],"acf":[],"yoast_head":"<!-- This site is optimized with the Yoast SEO plugin v27.3 - https:\/\/yoast.com\/product\/yoast-seo-wordpress\/ -->\n<title>Anoia, E-bike land - Anoia Turisme<\/title>\n<meta name=\"robots\" content=\"noindex, follow, max-snippet:-1, max-image-preview:large, max-video-preview:-1\" \/>\n<meta property=\"og:locale\" content=\"es_ES\" \/>\n<meta property=\"og:type\" content=\"article\" \/>\n<meta property=\"og:title\" content=\"Anoia, E-bike land - Anoia Turisme\" \/>\n<meta property=\"og:description\" content=\"La natura la podem gaudir de moltes maneres, per\u00f2 si la vols descobrir d\u2019una manera original i aptes per a tots els p\u00fablics, l\u2019E-bike es la teva opci\u00f3. Descobreix el nostre territori E-bike.\" \/>\n<meta property=\"og:url\" content=\"https:\/\/2025.anoiaturisme.cat\/es\/inici\/anoia-e-bike-land\/\" \/>\n<meta property=\"og:site_name\" content=\"Anoia Turisme\" \/>\n<meta property=\"article:modified_time\" content=\"2026-03-24T16:43:31+00:00\" \/>\n<meta property=\"og:image\" content=\"https:\/\/2025.anoiaturisme.cat\/wp-content\/uploads\/2025\/02\/ebike-anoia-turisme-1.png\" \/>\n\t<meta property=\"og:image:width\" content=\"1200\" \/>\n\t<meta property=\"og:image:height\" content=\"600\" \/>\n\t<meta property=\"og:image:type\" content=\"image\/png\" \/>\n<meta name=\"twitter:card\" content=\"summary_large_image\" \/>\n<script type=\"application\/ld+json\" class=\"yoast-schema-graph\">{\"@context\":\"https:\\\/\\\/schema.org\",\"@graph\":[{\"@type\":\"WebPage\",\"@id\":\"https:\\\/\\\/2025.anoiaturisme.cat\\\/inici\\\/anoia-e-bike-land\\\/\",\"url\":\"https:\\\/\\\/2025.anoiaturisme.cat\\\/inici\\\/anoia-e-bike-land\\\/\",\"name\":\"Anoia, E-bike land - Anoia Turisme\",\"isPartOf\":{\"@id\":\"https:\\\/\\\/2025.anoiaturisme.cat\\\/#website\"},\"primaryImageOfPage\":{\"@id\":\"https:\\\/\\\/2025.anoiaturisme.cat\\\/inici\\\/anoia-e-bike-land\\\/#primaryimage\"},\"image\":{\"@id\":\"https:\\\/\\\/2025.anoiaturisme.cat\\\/inici\\\/anoia-e-bike-land\\\/#primaryimage\"},\"thumbnailUrl\":\"https:\\\/\\\/2025.anoiaturisme.cat\\\/wp-content\\\/uploads\\\/2025\\\/02\\\/ebike-anoia-turisme-1.png\",\"datePublished\":\"2025-12-03T15:26:00+00:00\",\"dateModified\":\"2026-03-24T16:43:31+00:00\",\"breadcrumb\":{\"@id\":\"https:\\\/\\\/2025.anoiaturisme.cat\\\/inici\\\/anoia-e-bike-land\\\/#breadcrumb\"},\"inLanguage\":\"es\",\"potentialAction\":[{\"@type\":\"ReadAction\",\"target\":[\"https:\\\/\\\/2025.anoiaturisme.cat\\\/inici\\\/anoia-e-bike-land\\\/\"]}]},{\"@type\":\"ImageObject\",\"inLanguage\":\"es\",\"@id\":\"https:\\\/\\\/2025.anoiaturisme.cat\\\/inici\\\/anoia-e-bike-land\\\/#primaryimage\",\"url\":\"https:\\\/\\\/2025.anoiaturisme.cat\\\/wp-content\\\/uploads\\\/2025\\\/02\\\/ebike-anoia-turisme-1.png\",\"contentUrl\":\"https:\\\/\\\/2025.anoiaturisme.cat\\\/wp-content\\\/uploads\\\/2025\\\/02\\\/ebike-anoia-turisme-1.png\",\"width\":1200,\"height\":600},{\"@type\":\"BreadcrumbList\",\"@id\":\"https:\\\/\\\/2025.anoiaturisme.cat\\\/inici\\\/anoia-e-bike-land\\\/#breadcrumb\",\"itemListElement\":[{\"@type\":\"ListItem\",\"position\":1,\"name\":\"Inici\",\"item\":\"https:\\\/\\\/2025.anoiaturisme.cat\\\/\"},{\"@type\":\"ListItem\",\"position\":2,\"name\":\"Inici\",\"item\":\"https:\\\/\\\/2025.anoiaturisme.cat\\\/\"},{\"@type\":\"ListItem\",\"position\":3,\"name\":\"Anoia, E-bike land\"}]},{\"@type\":\"WebSite\",\"@id\":\"https:\\\/\\\/2025.anoiaturisme.cat\\\/#website\",\"url\":\"https:\\\/\\\/2025.anoiaturisme.cat\\\/\",\"name\":\"Anoia Turisme\",\"description\":\"Anoia Turisme\",\"potentialAction\":[{\"@type\":\"SearchAction\",\"target\":{\"@type\":\"EntryPoint\",\"urlTemplate\":\"https:\\\/\\\/2025.anoiaturisme.cat\\\/?s={search_term_string}\"},\"query-input\":{\"@type\":\"PropertyValueSpecification\",\"valueRequired\":true,\"valueName\":\"search_term_string\"}}],\"inLanguage\":\"es\"}]}<\/script>\n<!-- \/ Yoast SEO plugin. -->","yoast_head_json":{"title":"Anoia, E-bike land - Anoia Turisme","robots":{"index":"noindex","follow":"follow","max-snippet":"max-snippet:-1","max-image-preview":"max-image-preview:large","max-video-preview":"max-video-preview:-1"},"og_locale":"es_ES","og_type":"article","og_title":"Anoia, E-bike land - Anoia Turisme","og_description":"La natura la podem gaudir de moltes maneres, per\u00f2 si la vols descobrir d\u2019una manera original i aptes per a tots els p\u00fablics, l\u2019E-bike es la teva opci\u00f3. Descobreix el nostre territori E-bike.","og_url":"https:\/\/2025.anoiaturisme.cat\/es\/inici\/anoia-e-bike-land\/","og_site_name":"Anoia Turisme","article_modified_time":"2026-03-24T16:43:31+00:00","og_image":[{"width":1200,"height":600,"url":"https:\/\/2025.anoiaturisme.cat\/wp-content\/uploads\/2025\/02\/ebike-anoia-turisme-1.png","type":"image\/png"}],"twitter_card":"summary_large_image","schema":{"@context":"https:\/\/schema.org","@graph":[{"@type":"WebPage","@id":"https:\/\/2025.anoiaturisme.cat\/inici\/anoia-e-bike-land\/","url":"https:\/\/2025.anoiaturisme.cat\/inici\/anoia-e-bike-land\/","name":"Anoia, E-bike land - Anoia Turisme","isPartOf":{"@id":"https:\/\/2025.anoiaturisme.cat\/#website"},"primaryImageOfPage":{"@id":"https:\/\/2025.anoiaturisme.cat\/inici\/anoia-e-bike-land\/#primaryimage"},"image":{"@id":"https:\/\/2025.anoiaturisme.cat\/inici\/anoia-e-bike-land\/#primaryimage"},"thumbnailUrl":"https:\/\/2025.anoiaturisme.cat\/wp-content\/uploads\/2025\/02\/ebike-anoia-turisme-1.png","datePublished":"2025-12-03T15:26:00+00:00","dateModified":"2026-03-24T16:43:31+00:00","breadcrumb":{"@id":"https:\/\/2025.anoiaturisme.cat\/inici\/anoia-e-bike-land\/#breadcrumb"},"inLanguage":"es","potentialAction":[{"@type":"ReadAction","target":["https:\/\/2025.anoiaturisme.cat\/inici\/anoia-e-bike-land\/"]}]},{"@type":"ImageObject","inLanguage":"es","@id":"https:\/\/2025.anoiaturisme.cat\/inici\/anoia-e-bike-land\/#primaryimage","url":"https:\/\/2025.anoiaturisme.cat\/wp-content\/uploads\/2025\/02\/ebike-anoia-turisme-1.png","contentUrl":"https:\/\/2025.anoiaturisme.cat\/wp-content\/uploads\/2025\/02\/ebike-anoia-turisme-1.png","width":1200,"height":600},{"@type":"BreadcrumbList","@id":"https:\/\/2025.anoiaturisme.cat\/inici\/anoia-e-bike-land\/#breadcrumb","itemListElement":[{"@type":"ListItem","position":1,"name":"Inici","item":"https:\/\/2025.anoiaturisme.cat\/"},{"@type":"ListItem","position":2,"name":"Inici","item":"https:\/\/2025.anoiaturisme.cat\/"},{"@type":"ListItem","position":3,"name":"Anoia, E-bike land"}]},{"@type":"WebSite","@id":"https:\/\/2025.anoiaturisme.cat\/#website","url":"https:\/\/2025.anoiaturisme.cat\/","name":"Anoia Turisme","description":"Anoia Turisme","potentialAction":[{"@type":"SearchAction","target":{"@type":"EntryPoint","urlTemplate":"https:\/\/2025.anoiaturisme.cat\/?s={search_term_string}"},"query-input":{"@type":"PropertyValueSpecification","valueRequired":true,"valueName":"search_term_string"}}],"inLanguage":"es"}]}},"_links":{"self":[{"href":"https:\/\/2025.anoiaturisme.cat\/es\/wp-json\/wp\/v2\/pages\/256931","targetHints":{"allow":["GET"]}}],"collection":[{"href":"https:\/\/2025.anoiaturisme.cat\/es\/wp-json\/wp\/v2\/pages"}],"about":[{"href":"https:\/\/2025.anoiaturisme.cat\/es\/wp-json\/wp\/v2\/types\/page"}],"author":[{"embeddable":true,"href":"https:\/\/2025.anoiaturisme.cat\/es\/wp-json\/wp\/v2\/users\/1"}],"replies":[{"embeddable":true,"href":"https:\/\/2025.anoiaturisme.cat\/es\/wp-json\/wp\/v2\/comments?post=256931"}],"version-history":[{"count":61,"href":"https:\/\/2025.anoiaturisme.cat\/es\/wp-json\/wp\/v2\/pages\/256931\/revisions"}],"predecessor-version":[{"id":258598,"href":"https:\/\/2025.anoiaturisme.cat\/es\/wp-json\/wp\/v2\/pages\/256931\/revisions\/258598"}],"up":[{"embeddable":true,"href":"https:\/\/2025.anoiaturisme.cat\/es\/wp-json\/wp\/v2\/pages\/128"}],"wp:featuredmedia":[{"embeddable":true,"href":"https:\/\/2025.anoiaturisme.cat\/es\/wp-json\/wp\/v2\/media\/252541"}],"wp:attachment":[{"href":"https:\/\/2025.anoiaturisme.cat\/es\/wp-json\/wp\/v2\/media?parent=256931"}],"wp:term":[{"taxonomy":"temes","embeddable":true,"href":"https:\/\/2025.anoiaturisme.cat\/es\/wp-json\/wp\/v2\/temes?post=256931"}],"curies":[{"name":"wp","href":"https:\/\/api.w.org\/{rel}","templated":true}]}}