{"id":256933,"date":"2025-12-03T16:27:00","date_gmt":"2025-12-03T15:27:00","guid":{"rendered":"https:\/\/2025.anoiaturisme.cat\/?page_id=256933"},"modified":"2026-04-15T11:31:44","modified_gmt":"2026-04-15T10:31:44","slug":"via-blava-de-lanoia","status":"publish","type":"page","link":"https:\/\/2025.anoiaturisme.cat\/es\/inici\/via-blava-de-lanoia\/","title":{"rendered":"Via Blava de l\u2019Anoia"},"content":{"rendered":"\n[et_pb_section fb_built=&#8221;1&#8243; _builder_version=&#8221;4.27.5&#8243; _module_preset=&#8221;default&#8221; custom_padding=&#8221;61px|||||&#8221; global_colors_info=&#8221;{}&#8221;][et_pb_row _builder_version=&#8221;4.27.5&#8243; _module_preset=&#8221;default&#8221; custom_padding=&#8221;3px||1px|||&#8221; global_colors_info=&#8221;{}&#8221;][et_pb_column type=&#8221;4_4&#8243; _builder_version=&#8221;4.27.5&#8243; _module_preset=&#8221;default&#8221; global_colors_info=&#8221;{}&#8221;][et_pb_text _builder_version=&#8221;4.27.5&#8243; _module_preset=&#8221;default&#8221; text_font_size=&#8221;30px&#8221; width=&#8221;50%&#8221; width_tablet=&#8221;50%&#8221; width_phone=&#8221;50%&#8221; width_last_edited=&#8221;on|phone&#8221; custom_padding=&#8221;||0px|||&#8221; text_font_size_tablet=&#8221;20px&#8221; text_font_size_phone=&#8221;18px&#8221; text_font_size_last_edited=&#8221;on|phone&#8221; global_colors_info=&#8221;{}&#8221;]<p><span>Un itinerari que transcorre per <strong>19 quil\u00f2metres al costat del riu Anoia<\/strong>, i que travessa cinc municipis de la comarca: <strong>Jorba, Santa Margarida de Montbui, Igualada, Vilanova del Cam\u00ed i la Pobla de Claramunt<\/strong>.<\/span><\/p>[\/et_pb_text][\/et_pb_column][\/et_pb_row][et_pb_row _builder_version=&#8221;4.27.5&#8243; _module_preset=&#8221;default&#8221; global_colors_info=&#8221;{}&#8221;][et_pb_column type=&#8221;4_4&#8243; _builder_version=&#8221;4.27.5&#8243; _module_preset=&#8221;default&#8221; global_colors_info=&#8221;{}&#8221;][et_pb_code raw_content_last_edited=&#8221;off|tablet&#8221; _builder_version=&#8221;4.27.5&#8243; _module_preset=&#8221;default&#8221; custom_css_free_form=&#8221;.embed-responsive-item{width:100%; height:90vh;}&#8221; global_colors_info=&#8221;{}&#8221; raw_content__hover_enabled=&#8221;off|desktop&#8221;]<iframe class=\"embed-responsive-item lazyloaded\" name=\"mapa\" src=\"https:\/\/gisportal.diba.cat\/portal\/apps\/experiencebuilder\/experience\/?id=eab2aae28abd49f8a8b2817017b0476e\" style=\"border: solid #b0b0b0;\"><\/iframe>[\/et_pb_code][\/et_pb_column][\/et_pb_row][et_pb_row column_structure=&#8221;1_2,1_4,1_4&#8243; _builder_version=&#8221;4.27.5&#8243; _module_preset=&#8221;default&#8221; global_colors_info=&#8221;{}&#8221;][et_pb_column type=&#8221;1_2&#8243; _builder_version=&#8221;4.27.5&#8243; _module_preset=&#8221;default&#8221; global_colors_info=&#8221;{}&#8221;][et_pb_text _builder_version=&#8221;4.27.5&#8243; _module_preset=&#8221;default&#8221; global_colors_info=&#8221;{}&#8221;]<h3>Natura i patrimoni a cada pas<\/h3>\n<p>La Via Blava et convida a gaudir d\u2019una experi\u00e8ncia <strong>sostenible i respectuosa amb l\u2019entorn<\/strong>, perfecta per desconnectar de la rutina i endinsar-te en la riquesa paisatg\u00edstica i cultural de l\u2019Anoia.<\/p>\n<p>&nbsp;<\/p>\n<ul>\n<li><strong>Paisatges fluvials <\/strong>amb trams de ribera plens de biodiversitat.<\/li>\n<li><strong> Patrimoni hist\u00f2ric<\/strong> i cultural, amb castells i pobles amb encant.<\/li>\n<li><strong> Accessibilitat per a tothom<\/strong>, amb camins amples i trams adaptats.<\/li>\n<\/ul>[\/et_pb_text][et_pb_text _builder_version=&#8221;4.27.5&#8243; _module_preset=&#8221;default&#8221; global_colors_info=&#8221;{}&#8221;]<h3>Rutes per a tots els ritmes<\/h3>\n<p>La Via Blava \u00e9s un itinerari ideal tant per a <strong>senderistes<\/strong> com per a <strong>cicloturistes<\/strong>, amb un desnivell suau i senyalitzaci\u00f3 adaptada.<\/p>[\/et_pb_text][\/et_pb_column][et_pb_column type=&#8221;1_4&#8243; _builder_version=&#8221;4.27.5&#8243; _module_preset=&#8221;default&#8221; global_colors_info=&#8221;{}&#8221;][et_pb_blurb title=&#8221;Senderisme tranquil&#8221; image=&#8221;https:\/\/2025.anoiaturisme.cat\/wp-content\/uploads\/2020\/07\/rutes-i-senders-2.png&#8221; _builder_version=&#8221;4.27.5&#8243; _dynamic_attributes=&#8221;link_option_url&#8221; _module_preset=&#8221;e2247074-7a8f-4861-a23d-924740c7dcf9&#8243; link_option_url=&#8221;@ET-DC@eyJkeW5hbWljIjp0cnVlLCJjb250ZW50IjoicG9zdF9saW5rX3VybF9wYWdlIiwic2V0dGluZ3MiOnsicG9zdF9pZCI6IjI1NTIyNiJ9fQ==@&#8221; global_colors_info=&#8221;{}&#8221;]<p>Passeja a peu seguint el curs del riu Anoia i gaudeix de la calma i la natura sense presses.<\/p>[\/et_pb_blurb][\/et_pb_column][et_pb_column type=&#8221;1_4&#8243; _builder_version=&#8221;4.27.5&#8243; _module_preset=&#8221;default&#8221; global_colors_info=&#8221;{}&#8221;][et_pb_blurb title=&#8221;Cicloturisme accessible&#8221; image=&#8221;https:\/\/2025.anoiaturisme.cat\/wp-content\/uploads\/2021\/11\/bacicleta1.jpg&#8221; _builder_version=&#8221;4.27.5&#8243; _dynamic_attributes=&#8221;link_option_url&#8221; _module_preset=&#8221;e2247074-7a8f-4861-a23d-924740c7dcf9&#8243; link_option_url=&#8221;@ET-DC@eyJkeW5hbWljIjp0cnVlLCJjb250ZW50IjoicG9zdF9saW5rX3VybF9wYWdlIiwic2V0dGluZ3MiOnsicG9zdF9pZCI6IjI1NTIyNiJ9fQ==@&#8221; global_colors_info=&#8221;{}&#8221;]<p>Pedala per camins segurs i connectats amb la <strong>Conca d\u2019\u00d2dena<\/strong>, combinant esport amb descoberta cultural.<\/p>[\/et_pb_blurb][\/et_pb_column][\/et_pb_row][et_pb_row column_structure=&#8221;3_5,2_5&#8243; _builder_version=&#8221;4.27.5&#8243; _module_preset=&#8221;default&#8221; global_colors_info=&#8221;{}&#8221;][et_pb_column type=&#8221;3_5&#8243; _builder_version=&#8221;4.27.5&#8243; _module_preset=&#8221;default&#8221; global_colors_info=&#8221;{}&#8221;][et_pb_text _builder_version=&#8221;4.27.5&#8243; _module_preset=&#8221;default&#8221; global_colors_info=&#8221;{}&#8221;]<h2><strong>Connecta amb els municipis de la comarca<\/strong><\/h2>\n<p><span>Un dels grans valors de la Via Blava \u00e9s la seva connexi\u00f3 amb els nuclis urbans i camins tradicionals de l\u2019Anoia.<\/span><\/p>\n<p><span>A cada tram trobar\u00e0s <strong>espais d\u2019inter\u00e8s cultural, natural i gastron\u00f2mic<\/strong> que fan del recorregut una experi\u00e8ncia completa:<\/span><\/p>\n<ul>\n<li><span> <\/span><strong><span>Igualada<\/span><\/strong><span>, capital de la comarca, amb el seu patrimoni industrial i cultural.<\/span><\/li>\n<li><span> <\/span><strong><span>La Pobla de Claramunt<\/span><\/strong><span>, amb el seu imponent castell medieval.<\/span><\/li>\n<li><span> <\/span><strong><span>Santa Margarida de Montbui, Jorba i Vilanova del Cam\u00ed<\/span><\/strong><span>, pobles plens d\u2019autenticitat i natura.<\/span><\/li>\n<\/ul>[\/et_pb_text][\/et_pb_column][et_pb_column type=&#8221;2_5&#8243; _builder_version=&#8221;4.27.5&#8243; _module_preset=&#8221;default&#8221; global_colors_info=&#8221;{}&#8221;][\/et_pb_column][\/et_pb_row][et_pb_row _builder_version=&#8221;4.27.5&#8243; _module_preset=&#8221;default&#8221; custom_padding=&#8221;3px||30px|||&#8221; global_colors_info=&#8221;{}&#8221;][et_pb_column type=&#8221;4_4&#8243; _builder_version=&#8221;4.27.5&#8243; _module_preset=&#8221;default&#8221; global_colors_info=&#8221;{}&#8221;][ad3_pagina_continguts_relacionats filter_post_type=&#8221;poblacions&#8221; columns=&#8221;5&#8243; presentation=&#8221;card_municipi&#8221; _builder_version=&#8221;4.27.5&#8243; _module_preset=&#8221;default&#8221; global_colors_info=&#8221;{}&#8221;][\/ad3_pagina_continguts_relacionats][\/et_pb_column][\/et_pb_row][et_pb_row column_structure=&#8221;1_2,1_2&#8243; _builder_version=&#8221;4.27.5&#8243; _module_preset=&#8221;default&#8221; global_colors_info=&#8221;{}&#8221;][et_pb_column type=&#8221;1_2&#8243; _builder_version=&#8221;4.27.5&#8243; _module_preset=&#8221;default&#8221; global_colors_info=&#8221;{}&#8221;][et_pb_text _builder_version=&#8221;4.27.5&#8243; _module_preset=&#8221;default&#8221; global_colors_info=&#8221;{}&#8221;]<h3>Una autopista per descobrir el territori i els seus secrets en bici o caminant<span><\/span><\/h3>\n<p><span>La <strong>Via Blava<\/strong> \u00e9s un aut\u00e8ntic fil conductor que travessa la comarca i et permet descobrir-la al teu ritme, ja sigui caminant o en bicicleta. Al llarg del recorregut hi trobar\u00e0s <strong>productors locals, artesans i petits pobles amb encant<\/strong>, aix\u00ed com espais naturals i patrimonials que expliquen la identitat de l\u2019Anoia. M\u00e9s que un cam\u00ed, \u00e9s una <strong>autopista d\u2019experi\u00e8ncies<\/strong> que et convida a gaudir del paisatge i de la cultura d\u2019una manera <strong>sostenible, saludable i respectuosa amb l\u2019entorn<\/strong>, ideal per desconnectar i connectar amb l\u2019ess\u00e8ncia del territori.<\/span><strong><\/strong><\/p>[\/et_pb_text][\/et_pb_column][et_pb_column type=&#8221;1_2&#8243; _builder_version=&#8221;4.27.5&#8243; _module_preset=&#8221;default&#8221; global_colors_info=&#8221;{}&#8221;][et_pb_text _builder_version=&#8221;4.27.5&#8243; _module_preset=&#8221;default&#8221; global_colors_info=&#8221;{}&#8221;]<h3><strong>Una experi\u00e8ncia de turisme sostenible<\/strong><\/h3>\n<p><span>La Via Blava Anoia \u00e9s una aposta per un <strong>turisme slow<\/strong>, que et convida a gaudir del temps i de l\u2019entorn amb calma.<\/span><\/p>\n<p><span>Un cam\u00ed que uneix <strong>esport, cultura i sostenibilitat<\/strong> per viure l\u2019Anoia d\u2019una manera diferent. Si busques <strong>tranquil\u00b7litat, paisatges i experi\u00e8ncies aut\u00e8ntiques<\/strong>, la Via Blava t\u2019obre les portes a un recorregut \u00fanic al cor de Catalunya.<\/span><\/p>\n<p><span><\/span><\/p>\n<p style=\"text-align: center;\"><strong>Vine a gaudir de la Via Blava de l\u2019Anoia<\/strong><\/p>[\/et_pb_text][\/et_pb_column][\/et_pb_row][et_pb_row _builder_version=&#8221;4.27.5&#8243; _module_preset=&#8221;default&#8221; global_colors_info=&#8221;{}&#8221;][et_pb_column type=&#8221;4_4&#8243; _builder_version=&#8221;4.27.5&#8243; _module_preset=&#8221;default&#8221; global_colors_info=&#8221;{}&#8221;][ad3_pagina_continguts_relacionats filter_post_type=&#8221;productor&#8221; columns=&#8221;5&#8243; presentation=&#8221;card_entitat&#8221; _builder_version=&#8221;4.27.5&#8243; _module_preset=&#8221;default&#8221; hover_enabled=&#8221;0&#8243; global_colors_info=&#8221;{}&#8221; sticky_enabled=&#8221;0&#8243;][\/ad3_pagina_continguts_relacionats][\/et_pb_column][\/et_pb_row][\/et_pb_section]\n","protected":false},"excerpt":{"rendered":"<p>La Via Blava de l\u2019Anoia (VBA) \u00e9s part del projecte de les Vies Blaves Barcelona, un recorregut \u00fanic que recupera els camins fluvials i els posa a l\u2019abast de tothom.<\/p>","protected":false},"author":1,"featured_media":259111,"parent":128,"menu_order":0,"comment_status":"closed","ping_status":"closed","template":"","meta":{"_acf_changed":false,"_et_pb_use_builder":"on","_et_pb_old_content":"<!-- wp:divi\/placeholder \/-->","_et_gb_content_width":"","inline_featured_image":false,"footnotes":""},"temes":[],"class_list":["post-256933","page","type-page","status-publish","has-post-thumbnail","hentry"],"acf":[],"yoast_head":"<!-- This site is optimized with the Yoast SEO plugin v27.3 - https:\/\/yoast.com\/product\/yoast-seo-wordpress\/ -->\n<title>Via Blava de l\u2019Anoia - Anoia Turisme<\/title>\n<meta name=\"robots\" content=\"noindex, follow, max-snippet:-1, max-image-preview:large, max-video-preview:-1\" \/>\n<meta property=\"og:locale\" content=\"es_ES\" \/>\n<meta property=\"og:type\" content=\"article\" \/>\n<meta property=\"og:title\" content=\"Via Blava de l\u2019Anoia - Anoia Turisme\" \/>\n<meta property=\"og:description\" content=\"La Via Blava de l\u2019Anoia (VBA) \u00e9s part del projecte de les Vies Blaves Barcelona, un recorregut \u00fanic que recupera els camins fluvials i els posa a l\u2019abast de tothom.\" \/>\n<meta property=\"og:url\" content=\"https:\/\/2025.anoiaturisme.cat\/es\/inici\/via-blava-de-lanoia\/\" \/>\n<meta property=\"og:site_name\" content=\"Anoia Turisme\" \/>\n<meta property=\"article:modified_time\" content=\"2026-04-15T10:31:44+00:00\" \/>\n<meta property=\"og:image\" content=\"https:\/\/2025.anoiaturisme.cat\/wp-content\/uploads\/2026\/04\/al-via-blava-a-anoia-1024x576.png\" \/>\n\t<meta property=\"og:image:width\" content=\"1024\" \/>\n\t<meta property=\"og:image:height\" content=\"576\" \/>\n\t<meta property=\"og:image:type\" content=\"image\/png\" \/>\n<meta name=\"twitter:card\" content=\"summary_large_image\" \/>\n<script type=\"application\/ld+json\" class=\"yoast-schema-graph\">{\"@context\":\"https:\\\/\\\/schema.org\",\"@graph\":[{\"@type\":\"WebPage\",\"@id\":\"https:\\\/\\\/2025.anoiaturisme.cat\\\/inici\\\/via-blava-de-lanoia\\\/\",\"url\":\"https:\\\/\\\/2025.anoiaturisme.cat\\\/inici\\\/via-blava-de-lanoia\\\/\",\"name\":\"Via Blava de l\u2019Anoia - Anoia Turisme\",\"isPartOf\":{\"@id\":\"https:\\\/\\\/2025.anoiaturisme.cat\\\/#website\"},\"primaryImageOfPage\":{\"@id\":\"https:\\\/\\\/2025.anoiaturisme.cat\\\/inici\\\/via-blava-de-lanoia\\\/#primaryimage\"},\"image\":{\"@id\":\"https:\\\/\\\/2025.anoiaturisme.cat\\\/inici\\\/via-blava-de-lanoia\\\/#primaryimage\"},\"thumbnailUrl\":\"https:\\\/\\\/2025.anoiaturisme.cat\\\/wp-content\\\/uploads\\\/2026\\\/04\\\/al-via-blava-a-anoia.png\",\"datePublished\":\"2025-12-03T15:27:00+00:00\",\"dateModified\":\"2026-04-15T10:31:44+00:00\",\"breadcrumb\":{\"@id\":\"https:\\\/\\\/2025.anoiaturisme.cat\\\/inici\\\/via-blava-de-lanoia\\\/#breadcrumb\"},\"inLanguage\":\"es\",\"potentialAction\":[{\"@type\":\"ReadAction\",\"target\":[\"https:\\\/\\\/2025.anoiaturisme.cat\\\/inici\\\/via-blava-de-lanoia\\\/\"]}]},{\"@type\":\"ImageObject\",\"inLanguage\":\"es\",\"@id\":\"https:\\\/\\\/2025.anoiaturisme.cat\\\/inici\\\/via-blava-de-lanoia\\\/#primaryimage\",\"url\":\"https:\\\/\\\/2025.anoiaturisme.cat\\\/wp-content\\\/uploads\\\/2026\\\/04\\\/al-via-blava-a-anoia.png\",\"contentUrl\":\"https:\\\/\\\/2025.anoiaturisme.cat\\\/wp-content\\\/uploads\\\/2026\\\/04\\\/al-via-blava-a-anoia.png\",\"width\":1365,\"height\":768,\"caption\":\"La Via Blava a l'Anoia\"},{\"@type\":\"BreadcrumbList\",\"@id\":\"https:\\\/\\\/2025.anoiaturisme.cat\\\/inici\\\/via-blava-de-lanoia\\\/#breadcrumb\",\"itemListElement\":[{\"@type\":\"ListItem\",\"position\":1,\"name\":\"Inici\",\"item\":\"https:\\\/\\\/2025.anoiaturisme.cat\\\/\"},{\"@type\":\"ListItem\",\"position\":2,\"name\":\"Inici\",\"item\":\"https:\\\/\\\/2025.anoiaturisme.cat\\\/\"},{\"@type\":\"ListItem\",\"position\":3,\"name\":\"Via Blava de l\u2019Anoia\"}]},{\"@type\":\"WebSite\",\"@id\":\"https:\\\/\\\/2025.anoiaturisme.cat\\\/#website\",\"url\":\"https:\\\/\\\/2025.anoiaturisme.cat\\\/\",\"name\":\"Anoia Turisme\",\"description\":\"Anoia Turisme\",\"potentialAction\":[{\"@type\":\"SearchAction\",\"target\":{\"@type\":\"EntryPoint\",\"urlTemplate\":\"https:\\\/\\\/2025.anoiaturisme.cat\\\/?s={search_term_string}\"},\"query-input\":{\"@type\":\"PropertyValueSpecification\",\"valueRequired\":true,\"valueName\":\"search_term_string\"}}],\"inLanguage\":\"es\"}]}<\/script>\n<!-- \/ Yoast SEO plugin. -->","yoast_head_json":{"title":"Via Blava de l\u2019Anoia - Anoia Turisme","robots":{"index":"noindex","follow":"follow","max-snippet":"max-snippet:-1","max-image-preview":"max-image-preview:large","max-video-preview":"max-video-preview:-1"},"og_locale":"es_ES","og_type":"article","og_title":"Via Blava de l\u2019Anoia - Anoia Turisme","og_description":"La Via Blava de l\u2019Anoia (VBA) \u00e9s part del projecte de les Vies Blaves Barcelona, un recorregut \u00fanic que recupera els camins fluvials i els posa a l\u2019abast de tothom.","og_url":"https:\/\/2025.anoiaturisme.cat\/es\/inici\/via-blava-de-lanoia\/","og_site_name":"Anoia Turisme","article_modified_time":"2026-04-15T10:31:44+00:00","og_image":[{"width":1024,"height":576,"url":"https:\/\/2025.anoiaturisme.cat\/wp-content\/uploads\/2026\/04\/al-via-blava-a-anoia-1024x576.png","type":"image\/png"}],"twitter_card":"summary_large_image","schema":{"@context":"https:\/\/schema.org","@graph":[{"@type":"WebPage","@id":"https:\/\/2025.anoiaturisme.cat\/inici\/via-blava-de-lanoia\/","url":"https:\/\/2025.anoiaturisme.cat\/inici\/via-blava-de-lanoia\/","name":"Via Blava de l\u2019Anoia - Anoia Turisme","isPartOf":{"@id":"https:\/\/2025.anoiaturisme.cat\/#website"},"primaryImageOfPage":{"@id":"https:\/\/2025.anoiaturisme.cat\/inici\/via-blava-de-lanoia\/#primaryimage"},"image":{"@id":"https:\/\/2025.anoiaturisme.cat\/inici\/via-blava-de-lanoia\/#primaryimage"},"thumbnailUrl":"https:\/\/2025.anoiaturisme.cat\/wp-content\/uploads\/2026\/04\/al-via-blava-a-anoia.png","datePublished":"2025-12-03T15:27:00+00:00","dateModified":"2026-04-15T10:31:44+00:00","breadcrumb":{"@id":"https:\/\/2025.anoiaturisme.cat\/inici\/via-blava-de-lanoia\/#breadcrumb"},"inLanguage":"es","potentialAction":[{"@type":"ReadAction","target":["https:\/\/2025.anoiaturisme.cat\/inici\/via-blava-de-lanoia\/"]}]},{"@type":"ImageObject","inLanguage":"es","@id":"https:\/\/2025.anoiaturisme.cat\/inici\/via-blava-de-lanoia\/#primaryimage","url":"https:\/\/2025.anoiaturisme.cat\/wp-content\/uploads\/2026\/04\/al-via-blava-a-anoia.png","contentUrl":"https:\/\/2025.anoiaturisme.cat\/wp-content\/uploads\/2026\/04\/al-via-blava-a-anoia.png","width":1365,"height":768,"caption":"La Via Blava a l'Anoia"},{"@type":"BreadcrumbList","@id":"https:\/\/2025.anoiaturisme.cat\/inici\/via-blava-de-lanoia\/#breadcrumb","itemListElement":[{"@type":"ListItem","position":1,"name":"Inici","item":"https:\/\/2025.anoiaturisme.cat\/"},{"@type":"ListItem","position":2,"name":"Inici","item":"https:\/\/2025.anoiaturisme.cat\/"},{"@type":"ListItem","position":3,"name":"Via Blava de l\u2019Anoia"}]},{"@type":"WebSite","@id":"https:\/\/2025.anoiaturisme.cat\/#website","url":"https:\/\/2025.anoiaturisme.cat\/","name":"Anoia Turisme","description":"Anoia Turisme","potentialAction":[{"@type":"SearchAction","target":{"@type":"EntryPoint","urlTemplate":"https:\/\/2025.anoiaturisme.cat\/?s={search_term_string}"},"query-input":{"@type":"PropertyValueSpecification","valueRequired":true,"valueName":"search_term_string"}}],"inLanguage":"es"}]}},"_links":{"self":[{"href":"https:\/\/2025.anoiaturisme.cat\/es\/wp-json\/wp\/v2\/pages\/256933","targetHints":{"allow":["GET"]}}],"collection":[{"href":"https:\/\/2025.anoiaturisme.cat\/es\/wp-json\/wp\/v2\/pages"}],"about":[{"href":"https:\/\/2025.anoiaturisme.cat\/es\/wp-json\/wp\/v2\/types\/page"}],"author":[{"embeddable":true,"href":"https:\/\/2025.anoiaturisme.cat\/es\/wp-json\/wp\/v2\/users\/1"}],"replies":[{"embeddable":true,"href":"https:\/\/2025.anoiaturisme.cat\/es\/wp-json\/wp\/v2\/comments?post=256933"}],"version-history":[{"count":27,"href":"https:\/\/2025.anoiaturisme.cat\/es\/wp-json\/wp\/v2\/pages\/256933\/revisions"}],"predecessor-version":[{"id":259094,"href":"https:\/\/2025.anoiaturisme.cat\/es\/wp-json\/wp\/v2\/pages\/256933\/revisions\/259094"}],"up":[{"embeddable":true,"href":"https:\/\/2025.anoiaturisme.cat\/es\/wp-json\/wp\/v2\/pages\/128"}],"wp:featuredmedia":[{"embeddable":true,"href":"https:\/\/2025.anoiaturisme.cat\/es\/wp-json\/wp\/v2\/media\/259111"}],"wp:attachment":[{"href":"https:\/\/2025.anoiaturisme.cat\/es\/wp-json\/wp\/v2\/media?parent=256933"}],"wp:term":[{"taxonomy":"temes","embeddable":true,"href":"https:\/\/2025.anoiaturisme.cat\/es\/wp-json\/wp\/v2\/temes?post=256933"}],"curies":[{"name":"wp","href":"https:\/\/api.w.org\/{rel}","templated":true}]}}