{"id":256977,"date":"2026-02-03T18:35:17","date_gmt":"2026-02-03T17:35:17","guid":{"rendered":"https:\/\/2025.anoiaturisme.cat\/?page_id=256977"},"modified":"2026-03-24T18:49:06","modified_gmt":"2026-03-24T17:49:06","slug":"gastronomia","status":"publish","type":"page","link":"https:\/\/2025.anoiaturisme.cat\/es\/gastronomia\/","title":{"rendered":"Gastronomia"},"content":{"rendered":"<p>[et_pb_section fb_built=&#8221;1&#8243; _builder_version=&#8221;4.27.5&#8243; _module_preset=&#8221;default&#8221; global_colors_info=&#8221;{}&#8221;][et_pb_row column_structure=&#8221;2_5,3_5&#8243; _builder_version=&#8221;4.27.5&#8243; _module_preset=&#8221;default&#8221; locked=&#8221;off&#8221; global_colors_info=&#8221;{}&#8221;][et_pb_column type=&#8221;2_5&#8243; _builder_version=&#8221;4.27.5&#8243; _module_preset=&#8221;default&#8221; global_colors_info=&#8221;{}&#8221;][et_pb_text _builder_version=&#8221;4.27.5&#8243; _module_preset=&#8221;default&#8221; global_colors_info=&#8221;{}&#8221;]<\/p>\n<h2>Descobreix el territori amb la panxa plena<\/h2>\n<p>[\/et_pb_text][\/et_pb_column][et_pb_column type=&#8221;3_5&#8243; _builder_version=&#8221;4.27.5&#8243; _module_preset=&#8221;default&#8221; global_colors_info=&#8221;{}&#8221;][et_pb_text _builder_version=&#8221;4.27.5&#8243; _module_preset=&#8221;default&#8221; global_colors_info=&#8221;{}&#8221;]<\/p>\n<p><span>L\u2019Anoia \u00e9s tamb\u00e9 <strong>terra de sabors<\/strong>. Una gastronomia que combina tradici\u00f3 i modernitat, amb productes de <strong>Km 0<\/strong> i plats tan emblem\u00e0tics com el <strong>cigronet de l\u2019Alta Anoia<\/strong>, la <strong>botifarra de Calaf<\/strong>, el <strong>tom\u00e0quet de Copons<\/strong> o els <strong>embotits de La Llacuna, <\/strong>entre d\u2019altres.<\/span><\/p>\n<p>[\/et_pb_text][\/et_pb_column][\/et_pb_row][et_pb_row _builder_version=&#8221;4.27.5&#8243; _module_preset=&#8221;default&#8221;][et_pb_column _builder_version=&#8221;4.27.5&#8243; _module_preset=&#8221;default&#8221; type=&#8221;4_4&#8243;][ad3_pagina_fills _builder_version=&#8221;4.27.5&#8243; _module_preset=&#8221;default&#8221; hover_enabled=&#8221;0&#8243; sticky_enabled=&#8221;0&#8243;][\/ad3_pagina_fills][\/et_pb_column][\/et_pb_row][et_pb_row column_structure=&#8221;1_3,1_3,1_3&#8243; _builder_version=&#8221;4.27.5&#8243; _module_preset=&#8221;default&#8221; custom_padding=&#8221;||0px|||&#8221; global_colors_info=&#8221;{}&#8221;][et_pb_column type=&#8221;1_3&#8243; _builder_version=&#8221;4.27.5&#8243; _module_preset=&#8221;default&#8221; global_colors_info=&#8221;{}&#8221;][et_pb_blurb title=&#8221;La Vinyala (\u00d2dena)&#8221; image=&#8221;https:\/\/2025.anoiaturisme.cat\/wp-content\/uploads\/2021\/09\/Vinyala_2.jpg&#8221; content_last_edited=&#8221;off|tablet&#8221; _builder_version=&#8221;4.27.5&#8243; _dynamic_attributes=&#8221;link_option_url&#8221; _module_preset=&#8221;9b1a0eb8-e658-4690-8f08-9b5b8649e5db&#8221; link_option_url=&#8221;@ET-DC@eyJkeW5hbWljIjp0cnVlLCJjb250ZW50IjoicG9zdF9saW5rX3VybF9wb2JsYWNpb25zIiwic2V0dGluZ3MiOnsicG9zdF9pZCI6IjI1MzY1MSJ9fQ==@&#8221; body_font_size_tablet=&#8221;&#8221; body_font_size_phone=&#8221;&#8221; body_font_size_last_edited=&#8221;on|desktop&#8221; global_colors_info=&#8221;{}&#8221;]<\/p>\n<p>\u00c9s la varietat de cargol m\u00e9s apreciada culin\u00e0riament a la comarca. Tradicionalment vinculada a les vinyes i als marges de pedra seca, \u00e9s el punt de partida de la <strong>Fira de la Vinyala<\/strong>.<\/p>\n<p>[\/et_pb_blurb][\/et_pb_column][et_pb_column type=&#8221;1_3&#8243; _builder_version=&#8221;4.27.5&#8243; _module_preset=&#8221;default&#8221; global_colors_info=&#8221;{}&#8221;][et_pb_blurb title=&#8221;El Cigronet de l&#8217;Alta Anoia&#8221; image=&#8221;https:\/\/2025.anoiaturisme.cat\/wp-content\/uploads\/2017\/03\/apaisada-cigronet.png&#8221; _builder_version=&#8221;4.27.5&#8243; _module_preset=&#8221;9b1a0eb8-e658-4690-8f08-9b5b8649e5db&#8221; global_colors_info=&#8221;{}&#8221;]<\/p>\n<p>Un cigr\u00f3 petit, amb pell fina i textura homog\u00e8nia, que mant\u00e9 la forma despr\u00e9s de la cocci\u00f3 i multiplica per tres el seu volum. Recuperat l\u2019any 2007, \u00e9s avui un producte identitari i molt valorat.<\/p>\n<p>[\/et_pb_blurb][\/et_pb_column][et_pb_column type=&#8221;1_3&#8243; _builder_version=&#8221;4.27.5&#8243; _module_preset=&#8221;default&#8221; global_colors_info=&#8221;{}&#8221;][et_pb_blurb title=&#8221;El Tom\u00e0quet de Copons&#8221; image=&#8221;https:\/\/2025.anoiaturisme.cat\/wp-content\/uploads\/2022\/08\/tomaquettttt.png&#8221; _builder_version=&#8221;4.27.5&#8243; _dynamic_attributes=&#8221;link_option_url&#8221; _module_preset=&#8221;9b1a0eb8-e658-4690-8f08-9b5b8649e5db&#8221; link_option_url=&#8221;@ET-DC@eyJkeW5hbWljIjp0cnVlLCJjb250ZW50IjoicG9zdF9saW5rX3VybF9wb2JsYWNpb25zIiwic2V0dGluZ3MiOnsicG9zdF9pZCI6IjI1MzY0NCJ9fQ==@&#8221; global_colors_info=&#8221;{}&#8221;]<\/p>\n<p>Una varietat dol\u00e7a i polim\u00f2rfica amb diferents formes, per\u00f2 sempre amb un gust excepcional. Ideal per a amanides i tot tipus d\u2019usos culinaris.<\/p>\n<p>[\/et_pb_blurb][\/et_pb_column][\/et_pb_row][et_pb_row column_structure=&#8221;1_4,1_4,1_4,1_4&#8243; _builder_version=&#8221;4.27.5&#8243; _module_preset=&#8221;default&#8221; global_colors_info=&#8221;{}&#8221;][et_pb_column type=&#8221;1_4&#8243; _builder_version=&#8221;4.27.5&#8243; _module_preset=&#8221;default&#8221; global_colors_info=&#8221;{}&#8221;][et_pb_blurb title=&#8221;Els embotits de la Llacuna&#8221; image=&#8221;https:\/\/2025.anoiaturisme.cat\/wp-content\/uploads\/2018\/08\/embotits-1.jpg&#8221; _builder_version=&#8221;4.27.5&#8243; _dynamic_attributes=&#8221;link_option_url&#8221; _module_preset=&#8221;11ec220f-b5ee-4118-a9aa-1b20a0ba51e0&#8243; link_option_url=&#8221;@ET-DC@eyJkeW5hbWljIjp0cnVlLCJjb250ZW50IjoicG9zdF9saW5rX3VybF9wb2JsYWNpb25zIiwic2V0dGluZ3MiOnsicG9zdF9pZCI6IjI1MzY0OCJ9fQ==@&#8221; global_colors_info=&#8221;{}&#8221;]<\/p>\n<p>Reconeguts per la seva qualitat i tradici\u00f3, s\u00f3n un cl\u00e0ssic de la comarca.<\/p>\n<p>[\/et_pb_blurb][\/et_pb_column][et_pb_column type=&#8221;1_4&#8243; _builder_version=&#8221;4.27.5&#8243; _module_preset=&#8221;default&#8221; global_colors_info=&#8221;{}&#8221;][et_pb_blurb title=&#8221;La Botifarra de Calaf&#8221; image=&#8221;https:\/\/2025.anoiaturisme.cat\/wp-content\/uploads\/2018\/07\/carnisseria-duran-2.jpg&#8221; _builder_version=&#8221;4.27.5&#8243; _dynamic_attributes=&#8221;link_option_url&#8221; _module_preset=&#8221;11ec220f-b5ee-4118-a9aa-1b20a0ba51e0&#8243; link_option_url=&#8221;@ET-DC@eyJkeW5hbWljIjp0cnVlLCJjb250ZW50IjoicG9zdF9saW5rX3VybF9wb2JsYWNpb25zIiwic2V0dGluZ3MiOnsicG9zdF9pZCI6IjI1MzYzOCJ9fQ==@&#8221; global_colors_info=&#8221;{}&#8221;]<\/p>\n<p>Un producte aut\u00e8ntic, hereu de la cuina popular del municipi.<\/p>\n<p>[\/et_pb_blurb][\/et_pb_column][et_pb_column type=&#8221;1_4&#8243; _builder_version=&#8221;4.27.5&#8243; _module_preset=&#8221;default&#8221; global_colors_info=&#8221;{}&#8221;][et_pb_blurb title=&#8221;L\u2019Oli de Vera de El Bruc&#8221; image=&#8221;https:\/\/2025.anoiaturisme.cat\/wp-content\/uploads\/2023\/12\/oli-gibert-02.png&#8221; _builder_version=&#8221;4.27.5&#8243; _dynamic_attributes=&#8221;link_option_url&#8221; _module_preset=&#8221;11ec220f-b5ee-4118-a9aa-1b20a0ba51e0&#8243; link_option_url=&#8221;@ET-DC@eyJkeW5hbWljIjp0cnVlLCJjb250ZW50IjoicG9zdF9saW5rX3VybF9wb2JsYWNpb25zIiwic2V0dGluZ3MiOnsicG9zdF9pZCI6IjI1MzYzNiJ9fQ==@&#8221; global_colors_info=&#8221;{}&#8221;]<\/p>\n<p>Un oli d\u2019oliva verge extra \u00fanic i especial, elaborat amb la varietat tradicional de Vera del Montserrat\u00ed, aut\u00f2ctona de l\u2019Anoia i el Baix Llobregat.<\/p>\n<p>[\/et_pb_blurb][\/et_pb_column][et_pb_column type=&#8221;1_4&#8243; _builder_version=&#8221;4.27.5&#8243; _module_preset=&#8221;default&#8221; global_colors_info=&#8221;{}&#8221;][et_pb_blurb title=&#8221;Pr\u00e9ssecs i fruita de la Fortesa de Piera&#8221; image=&#8221;https:\/\/2025.anoiaturisme.cat\/wp-content\/uploads\/2024\/05\/pressec-la-fortesa.png&#8221; _builder_version=&#8221;4.27.5&#8243; _dynamic_attributes=&#8221;link_option_url&#8221; _module_preset=&#8221;11ec220f-b5ee-4118-a9aa-1b20a0ba51e0&#8243; link_option_url=&#8221;@ET-DC@eyJkeW5hbWljIjp0cnVlLCJjb250ZW50IjoicG9zdF9saW5rX3VybF9wb2JsYWNpb25zIiwic2V0dGluZ3MiOnsicG9zdF9pZCI6IjI1MzY1MyJ9fQ==@&#8221; global_colors_info=&#8221;{}&#8221;]<\/p>\n<p>Amb reconeixement creixent, s\u00f3n protagonistes del <strong>Mercat de la Fruita Dol\u00e7a<\/strong> a l\u2019estiu i arriben als consumidors a trav\u00e9s de circuits de proximitat.<\/p>\n<p>[\/et_pb_blurb][\/et_pb_column][\/et_pb_row][\/et_pb_section][et_pb_section fb_built=&#8221;1&#8243; _builder_version=&#8221;4.27.5&#8243; _module_preset=&#8221;default&#8221; background_color=&#8221;#F2F2F2&#8243; custom_padding=&#8221;50px||50px||true|&#8221; global_colors_info=&#8221;{}&#8221;][et_pb_row _builder_version=&#8221;4.27.5&#8243; _module_preset=&#8221;default&#8221; custom_padding=&#8221;||0px|||&#8221; global_colors_info=&#8221;{}&#8221;][et_pb_column type=&#8221;4_4&#8243; _builder_version=&#8221;4.27.5&#8243; _module_preset=&#8221;default&#8221; global_colors_info=&#8221;{}&#8221;][et_pb_text _builder_version=&#8221;4.27.5&#8243; _module_preset=&#8221;default&#8221; global_colors_info=&#8221;{}&#8221;]<\/p>\n<h2>Fires i festes gastron\u00f2miques<\/h2>\n<p>[\/et_pb_text][ad3_pagina_continguts_relacionats filter_post_type=&#8221;esdeveniment&#8221; presentation=&#8221;card_agenda&#8221; columns=&#8221;4&#8243; posts_per_page=&#8221;24&#8243; _builder_version=&#8221;4.27.5&#8243; _module_preset=&#8221;default&#8221; global_colors_info=&#8221;{}&#8221;][\/ad3_pagina_continguts_relacionats][\/et_pb_column][\/et_pb_row][\/et_pb_section][et_pb_section fb_built=&#8221;1&#8243; _builder_version=&#8221;4.27.5&#8243; _module_preset=&#8221;default&#8221; global_colors_info=&#8221;{}&#8221;][et_pb_row column_structure=&#8221;1_3,1_3,1_3&#8243; _builder_version=&#8221;4.27.5&#8243; _module_preset=&#8221;default&#8221; custom_padding=&#8221;40px||40px||false|&#8221; locked=&#8221;off&#8221; global_colors_info=&#8221;{}&#8221;][et_pb_column type=&#8221;1_3&#8243; _builder_version=&#8221;4.27.5&#8243; _module_preset=&#8221;default&#8221; custom_padding=&#8221;||||false|false&#8221; global_colors_info=&#8221;{}&#8221;][et_pb_text _builder_version=&#8221;4.27.5&#8243; _module_preset=&#8221;default&#8221; global_colors_info=&#8221;{}&#8221;]<\/p>\n<h2>Un territori per viure amb calma<\/h2>\n<p>[\/et_pb_text][\/et_pb_column][et_pb_column type=&#8221;1_3&#8243; _builder_version=&#8221;4.27.4&#8243; _dynamic_attributes=&#8221;link_option_url&#8221; _module_preset=&#8221;default&#8221; custom_padding=&#8221;||||false|false&#8221; link_option_url=&#8221;@ET-DC@eyJkeW5hbWljIjp0cnVlLCJjb250ZW50IjoicG9zdF9saW5rX3VybF9wYWdlIiwic2V0dGluZ3MiOnsicG9zdF9pZCI6IjI1NTI2NSJ9fQ==@&#8221; global_colors_info=&#8221;{}&#8221;][et_pb_text _builder_version=&#8221;4.27.5&#8243; _module_preset=&#8221;default&#8221; global_colors_info=&#8221;{}&#8221;]<\/p>\n<p><span>Visitar els pobles amb encant de l\u2019Anoia \u00e9s tamb\u00e9 <strong>gaudir del turisme slow<\/strong>: passejar pels seus carrers amb tranquil\u00b7litat, tastar els productes locals i viure festes que connecten cultura i gastronomia.<\/span><span><\/span><\/p>\n<p>[\/et_pb_text][\/et_pb_column][et_pb_column type=&#8221;1_3&#8243; _builder_version=&#8221;4.27.4&#8243; _dynamic_attributes=&#8221;link_option_url&#8221; _module_preset=&#8221;default&#8221; custom_padding=&#8221;||||false|false&#8221; link_option_url=&#8221;@ET-DC@eyJkeW5hbWljIjp0cnVlLCJjb250ZW50IjoicG9zdF9saW5rX3VybF9wYWdlIiwic2V0dGluZ3MiOnsicG9zdF9pZCI6IjI1NTI2NSJ9fQ==@&#8221; global_colors_info=&#8221;{}&#8221;][et_pb_text _builder_version=&#8221;4.27.5&#8243; _module_preset=&#8221;default&#8221; global_colors_info=&#8221;{}&#8221;]<\/p>\n<p><span>A m\u00e9s, als restaurants de la comarca trobar\u00e0s tant <strong>cuina popular<\/strong> com <strong>propostes creatives<\/strong>, sempre amb el plaer de menjar el que la terra ofereix.<\/span><\/p>\n<p>[\/et_pb_text][et_pb_button button_url=&#8221;@ET-DC@eyJkeW5hbWljIjp0cnVlLCJjb250ZW50IjoicG9zdF9saW5rX3VybF9wYWdlIiwic2V0dGluZ3MiOnsicG9zdF9pZCI6IjI1MjYwNSJ9fQ==@&#8221; button_text=&#8221;Gaudeix de la gastronomia de l&#8217;Anoia&#8221; _builder_version=&#8221;4.27.5&#8243; _dynamic_attributes=&#8221;button_url&#8221; _module_preset=&#8221;340d56d5-1f09-4125-a80e-b223ee2b9ff0&#8243; global_colors_info=&#8221;{}&#8221;][\/et_pb_button][\/et_pb_column][\/et_pb_row][\/et_pb_section]<\/p>\n","protected":false},"excerpt":{"rendered":"<p>Gastronomia amb arrels i identitat<\/p>","protected":false},"author":1,"featured_media":256381,"parent":0,"menu_order":0,"comment_status":"closed","ping_status":"closed","template":"","meta":{"_acf_changed":false,"_et_pb_use_builder":"on","_et_pb_old_content":"<!-- wp:divi\/placeholder \/-->","_et_gb_content_width":"","inline_featured_image":false,"footnotes":""},"temes":[],"class_list":["post-256977","page","type-page","status-publish","has-post-thumbnail","hentry"],"acf":[],"yoast_head":"<!-- This site is optimized with the Yoast SEO plugin v27.3 - https:\/\/yoast.com\/product\/yoast-seo-wordpress\/ -->\n<title>Gastronomia - Anoia Turisme<\/title>\n<meta name=\"robots\" content=\"noindex, follow, max-snippet:-1, max-image-preview:large, max-video-preview:-1\" \/>\n<meta property=\"og:locale\" content=\"es_ES\" \/>\n<meta property=\"og:type\" content=\"article\" \/>\n<meta property=\"og:title\" content=\"Gastronomia - Anoia Turisme\" \/>\n<meta property=\"og:description\" content=\"Gastronomia amb arrels i identitat\" \/>\n<meta property=\"og:url\" content=\"https:\/\/2025.anoiaturisme.cat\/es\/gastronomia\/\" \/>\n<meta property=\"og:site_name\" content=\"Anoia Turisme\" \/>\n<meta property=\"article:modified_time\" content=\"2026-03-24T17:49:06+00:00\" \/>\n<meta property=\"og:image\" content=\"https:\/\/2025.anoiaturisme.cat\/wp-content\/uploads\/2025\/11\/La_nostra_burger_coulant_de_bolonyesa_11-scaled.jpg\" \/>\n\t<meta property=\"og:image:width\" content=\"2560\" \/>\n\t<meta property=\"og:image:height\" content=\"1707\" \/>\n\t<meta property=\"og:image:type\" content=\"image\/jpeg\" \/>\n<meta name=\"twitter:card\" content=\"summary_large_image\" \/>\n<script type=\"application\/ld+json\" class=\"yoast-schema-graph\">{\"@context\":\"https:\\\/\\\/schema.org\",\"@graph\":[{\"@type\":\"WebPage\",\"@id\":\"https:\\\/\\\/2025.anoiaturisme.cat\\\/gastronomia\\\/\",\"url\":\"https:\\\/\\\/2025.anoiaturisme.cat\\\/gastronomia\\\/\",\"name\":\"Gastronomia - Anoia Turisme\",\"isPartOf\":{\"@id\":\"https:\\\/\\\/2025.anoiaturisme.cat\\\/#website\"},\"primaryImageOfPage\":{\"@id\":\"https:\\\/\\\/2025.anoiaturisme.cat\\\/gastronomia\\\/#primaryimage\"},\"image\":{\"@id\":\"https:\\\/\\\/2025.anoiaturisme.cat\\\/gastronomia\\\/#primaryimage\"},\"thumbnailUrl\":\"https:\\\/\\\/2025.anoiaturisme.cat\\\/wp-content\\\/uploads\\\/2025\\\/11\\\/La_nostra_burger_coulant_de_bolonyesa_11-scaled.jpg\",\"datePublished\":\"2026-02-03T17:35:17+00:00\",\"dateModified\":\"2026-03-24T17:49:06+00:00\",\"breadcrumb\":{\"@id\":\"https:\\\/\\\/2025.anoiaturisme.cat\\\/gastronomia\\\/#breadcrumb\"},\"inLanguage\":\"es\",\"potentialAction\":[{\"@type\":\"ReadAction\",\"target\":[\"https:\\\/\\\/2025.anoiaturisme.cat\\\/gastronomia\\\/\"]}]},{\"@type\":\"ImageObject\",\"inLanguage\":\"es\",\"@id\":\"https:\\\/\\\/2025.anoiaturisme.cat\\\/gastronomia\\\/#primaryimage\",\"url\":\"https:\\\/\\\/2025.anoiaturisme.cat\\\/wp-content\\\/uploads\\\/2025\\\/11\\\/La_nostra_burger_coulant_de_bolonyesa_11-scaled.jpg\",\"contentUrl\":\"https:\\\/\\\/2025.anoiaturisme.cat\\\/wp-content\\\/uploads\\\/2025\\\/11\\\/La_nostra_burger_coulant_de_bolonyesa_11-scaled.jpg\",\"width\":2560,\"height\":1707},{\"@type\":\"BreadcrumbList\",\"@id\":\"https:\\\/\\\/2025.anoiaturisme.cat\\\/gastronomia\\\/#breadcrumb\",\"itemListElement\":[{\"@type\":\"ListItem\",\"position\":1,\"name\":\"Inici\",\"item\":\"https:\\\/\\\/2025.anoiaturisme.cat\\\/\"},{\"@type\":\"ListItem\",\"position\":2,\"name\":\"Gastronomia\"}]},{\"@type\":\"WebSite\",\"@id\":\"https:\\\/\\\/2025.anoiaturisme.cat\\\/#website\",\"url\":\"https:\\\/\\\/2025.anoiaturisme.cat\\\/\",\"name\":\"Anoia Turisme\",\"description\":\"Anoia Turisme\",\"potentialAction\":[{\"@type\":\"SearchAction\",\"target\":{\"@type\":\"EntryPoint\",\"urlTemplate\":\"https:\\\/\\\/2025.anoiaturisme.cat\\\/?s={search_term_string}\"},\"query-input\":{\"@type\":\"PropertyValueSpecification\",\"valueRequired\":true,\"valueName\":\"search_term_string\"}}],\"inLanguage\":\"es\"}]}<\/script>\n<!-- \/ Yoast SEO plugin. -->","yoast_head_json":{"title":"Gastronomia - Anoia Turisme","robots":{"index":"noindex","follow":"follow","max-snippet":"max-snippet:-1","max-image-preview":"max-image-preview:large","max-video-preview":"max-video-preview:-1"},"og_locale":"es_ES","og_type":"article","og_title":"Gastronomia - Anoia Turisme","og_description":"Gastronomia amb arrels i identitat","og_url":"https:\/\/2025.anoiaturisme.cat\/es\/gastronomia\/","og_site_name":"Anoia Turisme","article_modified_time":"2026-03-24T17:49:06+00:00","og_image":[{"width":2560,"height":1707,"url":"https:\/\/2025.anoiaturisme.cat\/wp-content\/uploads\/2025\/11\/La_nostra_burger_coulant_de_bolonyesa_11-scaled.jpg","type":"image\/jpeg"}],"twitter_card":"summary_large_image","schema":{"@context":"https:\/\/schema.org","@graph":[{"@type":"WebPage","@id":"https:\/\/2025.anoiaturisme.cat\/gastronomia\/","url":"https:\/\/2025.anoiaturisme.cat\/gastronomia\/","name":"Gastronomia - Anoia Turisme","isPartOf":{"@id":"https:\/\/2025.anoiaturisme.cat\/#website"},"primaryImageOfPage":{"@id":"https:\/\/2025.anoiaturisme.cat\/gastronomia\/#primaryimage"},"image":{"@id":"https:\/\/2025.anoiaturisme.cat\/gastronomia\/#primaryimage"},"thumbnailUrl":"https:\/\/2025.anoiaturisme.cat\/wp-content\/uploads\/2025\/11\/La_nostra_burger_coulant_de_bolonyesa_11-scaled.jpg","datePublished":"2026-02-03T17:35:17+00:00","dateModified":"2026-03-24T17:49:06+00:00","breadcrumb":{"@id":"https:\/\/2025.anoiaturisme.cat\/gastronomia\/#breadcrumb"},"inLanguage":"es","potentialAction":[{"@type":"ReadAction","target":["https:\/\/2025.anoiaturisme.cat\/gastronomia\/"]}]},{"@type":"ImageObject","inLanguage":"es","@id":"https:\/\/2025.anoiaturisme.cat\/gastronomia\/#primaryimage","url":"https:\/\/2025.anoiaturisme.cat\/wp-content\/uploads\/2025\/11\/La_nostra_burger_coulant_de_bolonyesa_11-scaled.jpg","contentUrl":"https:\/\/2025.anoiaturisme.cat\/wp-content\/uploads\/2025\/11\/La_nostra_burger_coulant_de_bolonyesa_11-scaled.jpg","width":2560,"height":1707},{"@type":"BreadcrumbList","@id":"https:\/\/2025.anoiaturisme.cat\/gastronomia\/#breadcrumb","itemListElement":[{"@type":"ListItem","position":1,"name":"Inici","item":"https:\/\/2025.anoiaturisme.cat\/"},{"@type":"ListItem","position":2,"name":"Gastronomia"}]},{"@type":"WebSite","@id":"https:\/\/2025.anoiaturisme.cat\/#website","url":"https:\/\/2025.anoiaturisme.cat\/","name":"Anoia Turisme","description":"Anoia Turisme","potentialAction":[{"@type":"SearchAction","target":{"@type":"EntryPoint","urlTemplate":"https:\/\/2025.anoiaturisme.cat\/?s={search_term_string}"},"query-input":{"@type":"PropertyValueSpecification","valueRequired":true,"valueName":"search_term_string"}}],"inLanguage":"es"}]}},"_links":{"self":[{"href":"https:\/\/2025.anoiaturisme.cat\/es\/wp-json\/wp\/v2\/pages\/256977","targetHints":{"allow":["GET"]}}],"collection":[{"href":"https:\/\/2025.anoiaturisme.cat\/es\/wp-json\/wp\/v2\/pages"}],"about":[{"href":"https:\/\/2025.anoiaturisme.cat\/es\/wp-json\/wp\/v2\/types\/page"}],"author":[{"embeddable":true,"href":"https:\/\/2025.anoiaturisme.cat\/es\/wp-json\/wp\/v2\/users\/1"}],"replies":[{"embeddable":true,"href":"https:\/\/2025.anoiaturisme.cat\/es\/wp-json\/wp\/v2\/comments?post=256977"}],"version-history":[{"count":32,"href":"https:\/\/2025.anoiaturisme.cat\/es\/wp-json\/wp\/v2\/pages\/256977\/revisions"}],"predecessor-version":[{"id":258635,"href":"https:\/\/2025.anoiaturisme.cat\/es\/wp-json\/wp\/v2\/pages\/256977\/revisions\/258635"}],"wp:featuredmedia":[{"embeddable":true,"href":"https:\/\/2025.anoiaturisme.cat\/es\/wp-json\/wp\/v2\/media\/256381"}],"wp:attachment":[{"href":"https:\/\/2025.anoiaturisme.cat\/es\/wp-json\/wp\/v2\/media?parent=256977"}],"wp:term":[{"taxonomy":"temes","embeddable":true,"href":"https:\/\/2025.anoiaturisme.cat\/es\/wp-json\/wp\/v2\/temes?post=256977"}],"curies":[{"name":"wp","href":"https:\/\/api.w.org\/{rel}","templated":true}]}}