{"id":38,"date":"2022-03-17T13:56:55","date_gmt":"2022-03-17T13:56:55","guid":{"rendered":"https:\/\/wpsetup.aladetres.com\/?page_id=38"},"modified":"2024-01-08T10:30:21","modified_gmt":"2024-01-08T09:30:21","slug":"politica-de-cookies","status":"publish","type":"page","link":"https:\/\/2025.anoiaturisme.cat\/es\/politica-de-cookies\/","title":{"rendered":"Pol\u00edtica de cookies"},"content":{"rendered":"<p>[et_pb_section fb_built=&#8221;1&#8243; _builder_version=&#8221;4.16&#8243; _module_preset=&#8221;default&#8221; global_colors_info=&#8221;{}&#8221;][et_pb_row _builder_version=&#8221;4.16&#8243; _module_preset=&#8221;default&#8221; global_colors_info=&#8221;{}&#8221;][et_pb_column type=&#8221;4_4&#8243; _builder_version=&#8221;4.16&#8243; _module_preset=&#8221;default&#8221; global_colors_info=&#8221;{}&#8221;][et_pb_text _builder_version=&#8221;4.19.2&#8243; _module_preset=&#8221;default&#8221; hover_enabled=&#8221;0&#8243; global_colors_info=&#8221;{}&#8221; sticky_enabled=&#8221;0&#8243;]<\/p>\n<h4>INTRODUCCI\u00d3<\/h4>\n<p>La web de <strong>L&#8217;EMPRESA<\/strong> utilitza cookies pr\u00f2pies i de tercers. Una cookie \u00e9s un fitxer que es descarrega al seu ordinador en accedir a determinades p\u00e0gines web. Les cookies permeten a una p\u00e0gina web, entre altres coses, emmagatzemar i recuperar informaci\u00f3 sobre els h\u00e0bits de navegaci\u00f3 d&#8217;un usuari o del seu equip i, depenent de la informaci\u00f3 que continguin i de la forma en qu\u00e8 utilitzi el seu equip, es poden utilitzar per recon\u00e8ixer a l&#8217;usuari. Les cookies s&#8217;associen \u00fanicament a un usuari an\u00f2nim i el seu ordinador o dispositiu i no proporcionen refer\u00e8ncies que permetin con\u00e8ixer les seves dades personals.<\/p>\n<p>L\u2019usuari pot, en tot moment, acceptar o refusar les cookies instal\u00b7lades que no siguin estrictament necess\u00e0ries pel correcte funcionament de la web i l\u2019acc\u00e9s a l\u2019Usuari als seus serveis, a trav\u00e9s del panell d\u2019ajust de cookies proporcionat a trav\u00e9s de la nostra web. Aix\u00ed mateix, podr\u00e0 configurar el seu navegador en tot moment sense que aix\u00f2 perjudiqui la possibilitat de l\u2019Usuari d\u2019accedir als continguts. Tot i aix\u00f2, l\u2019informem de que el fet de refusar les cookies pot disminuir el bon funcionament de la web.<\/p>\n<p>&nbsp;<\/p>\n<h5>COOKIES AFECTADES PER LA NORMATIVA I COOKIES EXEMPTES<\/h5>\n<p>Segons la directiva de la UE, les cookies que requereixen el consentiment informat per part de l&#8217;usuari s\u00f3n les cookies d&#8217;anal\u00edtica i les de publicitat i afiliaci\u00f3, quedant exceptuades les de car\u00e0cter t\u00e8cnic i les necess\u00e0ries per al funcionament del lloc web o la prestaci\u00f3 de serveis expressament demandats per l&#8217;usuari.<\/p>\n<p>&nbsp;<\/p>\n<h4>TIPUS DE COOKIES<\/h4>\n<ol>\n<li>Segons l&#8217;entitat que les gestioni, hi ha cookies <strong>pr\u00f2pies<\/strong> (aquelles que s&#8217;envien a l&#8217;equip terminal de l&#8217;usuari des d&#8217;un equip o domini gestionat pel propi editor i des del qual es presta el servei Sol\u00b7licitat per l&#8217;usuari) i de <strong>tercers<\/strong> (les que es envien a l&#8217;equip terminal de l&#8217;usuari des d&#8217;un equip o domini que no \u00e9s gestionat per l&#8217;editor, sin\u00f3 per una altra entitat que tracta les dades obtingudes mitjan\u00e7ant les cookies).<\/li>\n<li>Segons el temps que romanen actives, hi ha les de <strong>sessi\u00f3<\/strong> (dissenyades per a demanar i emmagatzemar dades mentre l&#8217;usuari accedeix a una p\u00e0gina web) i les <strong>persistents<\/strong> (en qu\u00e8 les dades s&#8217;emmagatzemen en el terminal i poden ser accedides i tractades durant un per\u00edode definit pel responsable de la cookies. Pot anar d&#8217;uns minuts a diversos anys).<\/li>\n<li>Segons la <strong>finalitat<\/strong> per a la qual tracten la informaci\u00f3 que recopilen, poden ser:<\/li>\n<\/ol>\n<ul>\n<li><strong>Cookies t\u00e8cniques<\/strong> (necess\u00e0ries per a l&#8217;\u00fas del web i la prestaci\u00f3 del servei contractat),<\/li>\n<li><strong>Cookies de personalitzaci\u00f3<\/strong> (que permeten a l&#8217;usuari accedir al servei amb caracter\u00edstiques predefinides, com ara l&#8217;idioma, tipus de navegador, configuraci\u00f3 regional, etc.)<\/li>\n<li><strong>Cookies d&#8217;an\u00e0lisi <\/strong>(recullen informaci\u00f3 l&#8217;\u00fas que es realitza del web),<\/li>\n<li><strong>Cookies publicit\u00e0ries<\/strong> (recullen informaci\u00f3 sobre les prefer\u00e8ncies i eleccions personals dels usuaris)<\/li>\n<li><strong>Cookies d&#8217;afiliats <\/strong>(permeten fer un seguiment de les visites procedents d&#8217;altres webs, amb les que el lloc web estableix un contracte d&#8217;afiliaci\u00f3).<\/li>\n<\/ul>\n<p>\u00a0<span style=\"font-size: 16px;\">\u00a0<\/span><\/p>\n<h4>REVOCACI\u00d3<\/h4>\n<p>En tot moment podr\u00e0 accedir a la configuraci\u00f3 del seu navegador acceptant o rebutjant totes les cookies, o b\u00e9 seleccionar aquelles que la instal\u00b7laci\u00f3 admet i les que no, seguint un dels seg\u00fcents procediments, que dep\u00e8n del navegador que utilitzi:<\/p>\n<ul>\n<li><strong>Google Chrome<\/strong> (al Men\u00fa Eines):\u00a0Configuraci\u00f3 &gt; Mostrar opcions avan\u00e7ades &gt; Privadesa (Configuraci\u00f3 de contingut) &gt; Cookies:\u00a0 <a href=\"https:\/\/support.google.com\/chrome\/answer\/95647?co=GENIE.Platform%3DDesktop&amp;hl=es\">https:\/\/support.google.com\/chrome\/answer\/95647?co=GENIE.Platform%3DDesktop&amp;hl=es<\/a><\/li>\n<li><strong>Microsoft Internet Explorer<\/strong> (al Men\u00fa Eines):\u00a0Opcions d\u2019Internet &gt; Privadesa &gt; Avan\u00e7ada:\u00a0<a href=\"https:\/\/support.microsoft.com\/es-es\/help\/17442\/windows-internet-explorer-delete-manage-cookies\">https:\/\/support.microsoft.com\/es-es\/help\/17442\/windows-internet-explorer-delete-manage-cookies<\/a><\/li>\n<li><strong>Firefox: <\/strong>Opcions &gt; Privadesa &gt; Cookies: <a href=\"https:\/\/support.mozilla.org\/es\/kb\/habilitar-y-deshabilitar-cookies-sitios-web-rastrear-preferencias\">https:\/\/support.mozilla.org\/es\/kb\/habilitar-y-deshabilitar-cookies-sitios-web-rastrear-preferencias<\/a><\/li>\n<li><strong>Safari, iPad i iPhone:\u00a0<\/strong>Prefer\u00e8ncies &gt; Privadesa <a href=\"https:\/\/support.apple.com\/kb\/ph21411?locale=es_ES\">https:\/\/support.apple.com\/kb\/ph21411?locale=es_ES<\/a><\/li>\n<li><strong>Opera: <\/strong>Configuraci\u00f3 &gt; Opcions &gt; Avan\u00e7ada &gt; Cookies <a href=\"http:\/\/help.opera.com\/Windows\/12.00\/es-ES\/cookies.html\">http:\/\/help.opera.com\/Windows\/12.00\/es-ES\/cookies.html<\/a><\/li>\n<\/ul>\n<p>&nbsp;<\/p>\n<p>Aquests navegadors estan sotmesos a actualitzacions o modificacions, pel que no podem garantir que s&#8217;ajustin completament a la versi\u00f3 del seu navegador. Tamb\u00e9 pot ser que utilitzi un altre navegador no contemplat en aquests enlla\u00e7os com ara Konqueror, Arora, Flock, etc. Per evitar aquests desajustos, pot accedir directament des de les opcions del seu navegador, generalment al men\u00fa de &#8220;Opcions&#8221; a la secci\u00f3 de &#8220;Privacitat\u201d. (Si us plau, consulteu l&#8217;ajuda del seu navegador per a m\u00e9s informaci\u00f3).<\/p>\n<p>&nbsp;<\/p>\n<h5>Desactivaci\u00f3\/activaci\u00f3 i eliminaci\u00f3 de cookies<\/h5>\n<p>Per restringir o bloquejar les cookies, es fa a trav\u00e9s de la configuraci\u00f3 del navegador.<\/p>\n<p>Si no desitja que els llocs web posin cap cookie al seu equip, pot adaptar la configuraci\u00f3 del navegador de manera que se li notifiqui abans que es col\u00b7loqui cap cookie. De la mateixa manera, pot adaptar la configuraci\u00f3 de manera que el navegador rebutgi totes les cookies, o \u00fanicament les cookies de tercers. Tamb\u00e9 pot eliminar qualsevol de les cookies que ja es trobin en l&#8217;equip. Recordeu que s&#8217;haur\u00e0 d&#8217;adaptar per separat la configuraci\u00f3 de cada navegador i equip que utilitzi.<\/p>\n<p>Recordeu que si no desitja rebre cookies, ja no podrem garantir que el nostre lloc web funcioni com cal. Potser algunes funcions del lloc es perdin i \u00e9s possible que ja no pugui veure certs llocs web. A m\u00e9s, rebutjar les cookies no vol dir que ja no vagi a veure anuncis publicitaris. Simplement els anuncis no s&#8217;ajustaran als seus interessos i es repetiran amb m\u00e9s freq\u00fc\u00e8ncia.<\/p>\n<p>Cada navegador t\u00e9 un m\u00e8tode diferent per adaptar la configuraci\u00f3. Si cal, consulteu la funci\u00f3 d&#8217;ajuda del navegador per establir la configuraci\u00f3 correcta.<\/p>\n<p>Per desactivar les cookies al tel\u00e8fon m\u00f2bil, consulteu el manual del dispositiu per obtenir m\u00e9s informaci\u00f3.<\/p>\n<p>Podeu obtenir m\u00e9s informaci\u00f3 sobre les cookies a Internet: <a href=\"https:\/\/ca.wikipedia.org\/wiki\/Galeta_(inform%C3%A0tica)\">https:\/\/ca.wikipedia.org\/wiki\/Galeta_(inform%C3%A0tica)<\/a><\/p>\n<p>Tenint en compte la forma en qu\u00e8 funciona Internet i els llocs web, no sempre comptem amb informaci\u00f3 de les cookies que col\u00b7loquen terceres parts a trav\u00e9s del nostre lloc web. Aix\u00f2 s&#8217;aplica especialment a casos en qu\u00e8 la nostra p\u00e0gina web cont\u00e9 el que es denominen elements integrats: textos, documents, imatges o breus pel\u00b7l\u00edcules que s&#8217;emmagatzemen en una altra part, per\u00f2 es mostren al nostre lloc web o mitjan\u00e7ant el mateix.<\/p>\n<p>Per tant, en cas que es trobi amb aquest tipus de cookies en aquest lloc web i no estiguin enumerades en la llista anterior, li preguem que ens ho comuniqui. O b\u00e9 poseu-vos en contacte directament amb el tercer per demanar-li informaci\u00f3 sobre les cookies que col\u00b7loca, la finalitat i la durada de la cookie i com ha garantit la seva privacitat.<\/p>\n<p>&nbsp;<\/p>\n<h4>INFORMACI\u00d3 RELACIONADA AMB EL TRACTAMENT DE DADES PERSONALS (ART. 13 RGPD)<\/h4>\n<h5>Qui \u00e9s el responsable del tractament de les seves dades personals?<\/h5>\n<ul>\n<li>Identitat:<strong>\u00a0<\/strong><\/li>\n<li>NIF:<strong>\u00a0<\/strong><\/li>\n<li>Adre\u00e7a postal:<strong>\u00a0<\/strong><\/li>\n<li>Correu electr\u00f2nic:<\/li>\n<\/ul>\n<h5>Per a qu\u00e8 utilitzem les seves dades personals?<br \/><strong><\/strong><\/h5>\n<p>La informaci\u00f3 recopilada a trav\u00e9s de les cookies pr\u00f2pies (cookies de sessi\u00f3 i d&#8217;entrada d&#8217;usuari) es solen utilitzar per a rastrejar les accions de l&#8217;usuari en emplenar els formularis en l\u00ednia en diverses p\u00e0gines, o com a cistella de la compra per a fer el seguiment dels articles que l&#8217;usuari ha seleccionat en pr\u00e9mer un bot\u00f3, o per a personalitzar la <em>interface<\/em> de l&#8217;usuari al visitar la p\u00e0gina web.<\/p>\n<p>La informaci\u00f3 recopilada a trav\u00e9s de les cookies de tercers \u00e9s la seg\u00fcent:<\/p>\n<ul>\n<li>A trav\u00e9s de les cookies anal\u00edtiques s&#8217;analitzen els seus h\u00e0bits de navegaci\u00f3 per a millorar els serveis prestats;<\/li>\n<li>A trav\u00e9s de les cookies de comportament es recull informaci\u00f3 sobre les prefer\u00e8ncies de l&#8217;usuari per a gestionar els espais publicitaris de la forma m\u00e9s efica\u00e7 possible; i<\/li>\n<li>A trav\u00e9s de les cookies publicit\u00e0ries es mesura el rendiment dels anuncis i es proporcionen recomanacions relatives a productes basades en dades estad\u00edstiques.<\/li>\n<\/ul>\n<p>Per a veure exactament l&#8217;\u00fas de les cookies vegeu el quadre sobre l&#8217;\u00fas de les cookies en el present document.<\/p>\n<h5>Quina \u00e9s la base legal per al tractament de les seves dades personals?<\/h5>\n<p>La legitimaci\u00f3 per al tractament de les seves dades personals ve donada pel seu consentiment, atorgat en el moment de posar-se en contacte amb nosaltres, per a la utilitzaci\u00f3 de cookies anal\u00edtiques, de comportament i publicit\u00e0ries; per a les cookies de sessi\u00f3 o personalitzaci\u00f3, la legitimaci\u00f3 per al tractament ve donada per l&#8217;inter\u00e8s leg\u00edtim del prestador (responsable del tractament).<\/p>\n<h5>A qui comuniquem les seves dades?<\/h5>\n<p>No se cediran ni comunicaran dades a tercers, excepte per obligaci\u00f3 legal o als tercers indicats en el cas d&#8217;\u00fas de cookies gestionades per aquests.<\/p>\n<h5>Quin \u00e9s el termini de conservaci\u00f3 de les seves dades?<\/h5>\n<p>El termini de conservaci\u00f3 de les dades recollides \u00e9s l&#8217;indicat en el quadre sobre l&#8217;\u00fas de les cookies en el present document.<\/p>\n<h5>Quins s\u00f3n els seus drets?<\/h5>\n<p>Els drets que emparen a l&#8217;usuari s\u00f3n els d&#8217;acc\u00e9s, rectificaci\u00f3, supressi\u00f3, portabilitat d&#8217;aquests, retirada del consentiment (sense que aix\u00f2 afecti la licitud del tractament atorgat pr\u00e8viament a la seva retirada), oposici\u00f3 al tractament, limitaci\u00f3 (en determinades circumst\u00e0ncies) i a presentar una reclamaci\u00f3 davant l&#8217;autoritat de control (l&#8217;Ag\u00e8ncia Espanyola de protecci\u00f3 de dades, <a href=\"http:\/\/www.aepd.es\">www.aepd.es<\/a>).<\/p>\n<p>[\/et_pb_text][\/et_pb_column][\/et_pb_row][\/et_pb_section]<\/p>\n","protected":false},"excerpt":{"rendered":"<p>INTRODUCCI\u00d3 La web de L&#8217;EMPRESA utilitza cookies pr\u00f2pies i de tercers. Una cookie \u00e9s un fitxer que es descarrega al seu ordinador en accedir a determinades p\u00e0gines web. Les cookies permeten a una p\u00e0gina web, entre altres coses, emmagatzemar i recuperar informaci\u00f3 sobre els h\u00e0bits de navegaci\u00f3 d&#8217;un usuari o del seu equip i, depenent [&hellip;]<\/p>\n","protected":false},"author":1,"featured_media":0,"parent":0,"menu_order":0,"comment_status":"closed","ping_status":"closed","template":"","meta":{"_acf_changed":false,"_et_pb_use_builder":"on","_et_pb_old_content":"","_et_gb_content_width":"","inline_featured_image":false,"footnotes":""},"temes":[],"class_list":["post-38","page","type-page","status-publish","hentry"],"acf":[],"yoast_head":"<!-- This site is optimized with the Yoast SEO plugin v27.3 - https:\/\/yoast.com\/product\/yoast-seo-wordpress\/ -->\n<title>Pol\u00edtica de cookies - Anoia Turisme<\/title>\n<meta name=\"robots\" content=\"noindex, follow\" \/>\n<meta property=\"og:locale\" content=\"es_ES\" \/>\n<meta property=\"og:type\" content=\"article\" \/>\n<meta property=\"og:title\" content=\"Pol\u00edtica de cookies - Anoia Turisme\" \/>\n<meta property=\"og:description\" content=\"INTRODUCCI\u00d3 La web de L&#039;EMPRESA utilitza cookies pr\u00f2pies i de tercers. Una cookie \u00e9s un fitxer que es descarrega al seu ordinador en accedir a determinades p\u00e0gines web. Les cookies permeten a una p\u00e0gina web, entre altres coses, emmagatzemar i recuperar informaci\u00f3 sobre els h\u00e0bits de navegaci\u00f3 d&#039;un usuari o del seu equip i, depenent [&hellip;]\" \/>\n<meta property=\"og:url\" content=\"https:\/\/2025.anoiaturisme.cat\/es\/politica-de-cookies\/\" \/>\n<meta property=\"og:site_name\" content=\"Anoia Turisme\" \/>\n<meta property=\"article:modified_time\" content=\"2024-01-08T09:30:21+00:00\" \/>\n<meta name=\"twitter:card\" content=\"summary_large_image\" \/>\n<script type=\"application\/ld+json\" class=\"yoast-schema-graph\">{\"@context\":\"https:\\\/\\\/schema.org\",\"@graph\":[{\"@type\":\"WebPage\",\"@id\":\"https:\\\/\\\/2025.anoiaturisme.cat\\\/politica-de-cookies\\\/\",\"url\":\"https:\\\/\\\/2025.anoiaturisme.cat\\\/politica-de-cookies\\\/\",\"name\":\"Pol\u00edtica de cookies - Anoia Turisme\",\"isPartOf\":{\"@id\":\"https:\\\/\\\/2025.anoiaturisme.cat\\\/#website\"},\"datePublished\":\"2022-03-17T13:56:55+00:00\",\"dateModified\":\"2024-01-08T09:30:21+00:00\",\"breadcrumb\":{\"@id\":\"https:\\\/\\\/2025.anoiaturisme.cat\\\/politica-de-cookies\\\/#breadcrumb\"},\"inLanguage\":\"es\",\"potentialAction\":[{\"@type\":\"ReadAction\",\"target\":[\"https:\\\/\\\/2025.anoiaturisme.cat\\\/politica-de-cookies\\\/\"]}]},{\"@type\":\"BreadcrumbList\",\"@id\":\"https:\\\/\\\/2025.anoiaturisme.cat\\\/politica-de-cookies\\\/#breadcrumb\",\"itemListElement\":[{\"@type\":\"ListItem\",\"position\":1,\"name\":\"Inici\",\"item\":\"https:\\\/\\\/2025.anoiaturisme.cat\\\/\"},{\"@type\":\"ListItem\",\"position\":2,\"name\":\"Pol\u00edtica de cookies\"}]},{\"@type\":\"WebSite\",\"@id\":\"https:\\\/\\\/2025.anoiaturisme.cat\\\/#website\",\"url\":\"https:\\\/\\\/2025.anoiaturisme.cat\\\/\",\"name\":\"Anoia Turisme\",\"description\":\"Anoia Turisme\",\"potentialAction\":[{\"@type\":\"SearchAction\",\"target\":{\"@type\":\"EntryPoint\",\"urlTemplate\":\"https:\\\/\\\/2025.anoiaturisme.cat\\\/?s={search_term_string}\"},\"query-input\":{\"@type\":\"PropertyValueSpecification\",\"valueRequired\":true,\"valueName\":\"search_term_string\"}}],\"inLanguage\":\"es\"}]}<\/script>\n<!-- \/ Yoast SEO plugin. -->","yoast_head_json":{"title":"Pol\u00edtica de cookies - Anoia Turisme","robots":{"index":"noindex","follow":"follow"},"og_locale":"es_ES","og_type":"article","og_title":"Pol\u00edtica de cookies - Anoia Turisme","og_description":"INTRODUCCI\u00d3 La web de L'EMPRESA utilitza cookies pr\u00f2pies i de tercers. Una cookie \u00e9s un fitxer que es descarrega al seu ordinador en accedir a determinades p\u00e0gines web. Les cookies permeten a una p\u00e0gina web, entre altres coses, emmagatzemar i recuperar informaci\u00f3 sobre els h\u00e0bits de navegaci\u00f3 d'un usuari o del seu equip i, depenent [&hellip;]","og_url":"https:\/\/2025.anoiaturisme.cat\/es\/politica-de-cookies\/","og_site_name":"Anoia Turisme","article_modified_time":"2024-01-08T09:30:21+00:00","twitter_card":"summary_large_image","schema":{"@context":"https:\/\/schema.org","@graph":[{"@type":"WebPage","@id":"https:\/\/2025.anoiaturisme.cat\/politica-de-cookies\/","url":"https:\/\/2025.anoiaturisme.cat\/politica-de-cookies\/","name":"Pol\u00edtica de cookies - Anoia Turisme","isPartOf":{"@id":"https:\/\/2025.anoiaturisme.cat\/#website"},"datePublished":"2022-03-17T13:56:55+00:00","dateModified":"2024-01-08T09:30:21+00:00","breadcrumb":{"@id":"https:\/\/2025.anoiaturisme.cat\/politica-de-cookies\/#breadcrumb"},"inLanguage":"es","potentialAction":[{"@type":"ReadAction","target":["https:\/\/2025.anoiaturisme.cat\/politica-de-cookies\/"]}]},{"@type":"BreadcrumbList","@id":"https:\/\/2025.anoiaturisme.cat\/politica-de-cookies\/#breadcrumb","itemListElement":[{"@type":"ListItem","position":1,"name":"Inici","item":"https:\/\/2025.anoiaturisme.cat\/"},{"@type":"ListItem","position":2,"name":"Pol\u00edtica de cookies"}]},{"@type":"WebSite","@id":"https:\/\/2025.anoiaturisme.cat\/#website","url":"https:\/\/2025.anoiaturisme.cat\/","name":"Anoia Turisme","description":"Anoia Turisme","potentialAction":[{"@type":"SearchAction","target":{"@type":"EntryPoint","urlTemplate":"https:\/\/2025.anoiaturisme.cat\/?s={search_term_string}"},"query-input":{"@type":"PropertyValueSpecification","valueRequired":true,"valueName":"search_term_string"}}],"inLanguage":"es"}]}},"_links":{"self":[{"href":"https:\/\/2025.anoiaturisme.cat\/es\/wp-json\/wp\/v2\/pages\/38","targetHints":{"allow":["GET"]}}],"collection":[{"href":"https:\/\/2025.anoiaturisme.cat\/es\/wp-json\/wp\/v2\/pages"}],"about":[{"href":"https:\/\/2025.anoiaturisme.cat\/es\/wp-json\/wp\/v2\/types\/page"}],"author":[{"embeddable":true,"href":"https:\/\/2025.anoiaturisme.cat\/es\/wp-json\/wp\/v2\/users\/1"}],"replies":[{"embeddable":true,"href":"https:\/\/2025.anoiaturisme.cat\/es\/wp-json\/wp\/v2\/comments?post=38"}],"version-history":[{"count":0,"href":"https:\/\/2025.anoiaturisme.cat\/es\/wp-json\/wp\/v2\/pages\/38\/revisions"}],"wp:attachment":[{"href":"https:\/\/2025.anoiaturisme.cat\/es\/wp-json\/wp\/v2\/media?parent=38"}],"wp:term":[{"taxonomy":"temes","embeddable":true,"href":"https:\/\/2025.anoiaturisme.cat\/es\/wp-json\/wp\/v2\/temes?post=38"}],"curies":[{"name":"wp","href":"https:\/\/api.w.org\/{rel}","templated":true}]}}